{"id":788,"date":"2024-02-22T16:40:04","date_gmt":"2024-02-22T15:40:04","guid":{"rendered":"https:\/\/trecepecesfuerteventura.com\/?page_id=788"},"modified":"2024-02-22T17:46:01","modified_gmt":"2024-02-22T16:46:01","slug":"aviso-legal","status":"publish","type":"page","link":"https:\/\/trecepecesfuerteventura.com\/de\/aviso-legal\/","title":{"rendered":"Rechtlicher Hinweis"},"content":{"rendered":"<div data-elementor-type=\"wp-page\" data-elementor-id=\"788\" class=\"elementor elementor-788\" data-elementor-post-type=\"page\">\n\t\t\t\t\t\t<section class=\"elementor-section elementor-top-section elementor-element elementor-element-e927e20 elementor-section-full_width elementor-section-height-default elementor-section-height-default\" data-id=\"e927e20\" data-element_type=\"section\" data-e-type=\"section\" data-settings=\"{&quot;jet_parallax_layout_list&quot;:[]}\">\n\t\t\t\t\t\t<div class=\"elementor-container elementor-column-gap-default\">\n\t\t\t\t\t<div class=\"elementor-column elementor-col-100 elementor-top-column elementor-element elementor-element-5f5b964\" data-id=\"5f5b964\" data-element_type=\"column\" data-e-type=\"column\">\n\t\t\t<div class=\"elementor-widget-wrap elementor-element-populated\">\n\t\t\t\t\t<div class=\"elementor-background-overlay\"><\/div>\n\t\t\t\t\t\t<section class=\"elementor-section elementor-inner-section elementor-element elementor-element-8fec8da elementor-section-height-min-height elementor-section-boxed elementor-section-height-default\" data-id=\"8fec8da\" data-element_type=\"section\" data-e-type=\"section\" data-settings=\"{&quot;background_background&quot;:&quot;classic&quot;,&quot;jet_parallax_layout_list&quot;:[]}\">\n\t\t\t\t\t\t\t<div class=\"elementor-background-overlay\"><\/div>\n\t\t\t\t\t\t\t<div class=\"elementor-container elementor-column-gap-default\">\n\t\t\t\t\t<div class=\"elementor-column elementor-col-100 elementor-inner-column elementor-element elementor-element-0f3097a\" data-id=\"0f3097a\" data-element_type=\"column\" data-e-type=\"column\" data-settings=\"{&quot;background_background&quot;:&quot;classic&quot;}\">\n\t\t\t<div class=\"elementor-widget-wrap elementor-element-populated\">\n\t\t\t\t\t\t<div class=\"elementor-element elementor-element-16604b9 elementor-icon-list--layout-inline elementor-align-center elementor-list-item-link-full_width elementor-invisible elementor-widget elementor-widget-icon-list\" data-id=\"16604b9\" data-element_type=\"widget\" data-e-type=\"widget\" data-settings=\"{&quot;_animation&quot;:&quot;fadeIn&quot;,&quot;_animation_delay&quot;:200}\" data-widget_type=\"icon-list.default\">\n\t\t\t\t<div class=\"elementor-widget-container\">\n\t\t\t\t\t\t\t<ul class=\"elementor-icon-list-items elementor-inline-items\">\n\t\t\t\t\t\t\t<li class=\"elementor-icon-list-item elementor-inline-item\">\n\t\t\t\t\t\t\t\t\t\t\t<a href=\"https:\/\/trecepecesfuerteventura.com\/de\">\n\n\t\t\t\t\t\t\t\t\t\t\t<span class=\"elementor-icon-list-text\">HOME<\/span>\n\t\t\t\t\t\t\t\t\t\t\t<\/a>\n\t\t\t\t\t\t\t\t\t<\/li>\n\t\t\t\t\t\t\t\t<li class=\"elementor-icon-list-item elementor-inline-item\">\n\t\t\t\t\t\t\t\t\t\t\t<span class=\"elementor-icon-list-icon\">\n\t\t\t\t\t\t\t<i aria-hidden=\"true\" class=\"icon icon-right-arrow1\"><\/i>\t\t\t\t\t\t<\/span>\n\t\t\t\t\t\t\t\t\t\t<span class=\"elementor-icon-list-text\"><\/span>\n\t\t\t\t\t\t\t\t\t<\/li>\n\t\t\t\t\t\t<\/ul>\n\t\t\t\t\t\t<\/div>\n\t\t\t\t<\/div>\n\t\t\t\t\t<\/div>\n\t\t<\/div>\n\t\t\t\t\t<\/div>\n\t\t<\/section>\n\t\t\t\t\t<\/div>\n\t\t<\/div>\n\t\t\t\t\t<\/div>\n\t\t<\/section>\n\t\t<div class=\"elementor-element elementor-element-8ef91c5 e-flex e-con-boxed e-con e-parent\" data-id=\"8ef91c5\" data-element_type=\"container\" data-e-type=\"container\" data-settings=\"{&quot;jet_parallax_layout_list&quot;:[]}\">\n\t\t\t\t\t<div class=\"e-con-inner\">\n\t\t\t\t<div class=\"elementor-element elementor-element-93c28a4 elementor-widget elementor-widget-text-editor\" data-id=\"93c28a4\" data-element_type=\"widget\" data-e-type=\"widget\" data-widget_type=\"text-editor.default\">\n\t\t\t\t<div class=\"elementor-widget-container\">\n\t\t\t\t\t\t\t\t\t<p>https:\/\/trecepecesfuerteventura.com\/<br>I. ALLGEMEINE INFORMATIONEN<br>In Erf\u00fcllung der Informationspflicht gem\u00e4\u00df dem Gesetz 34\/2002 \u00fcber die Dienste der Informationsgesellschaft und den elektronischen Gesch\u00e4ftsverkehr (LSSI-CE) vom 11. Juli werden im Folgenden die allgemeinen Informationen zu dieser Website gegeben:<\/p>\n<p>Eigent\u00fcmer dieser Website https:\/\/trecepecesfuerteventura.com\/ (im Folgenden Website) ist: MARIA DEL ROSARIO GONZ\u00c1LEZ PE\u00d1ATE, mit NIF: 42865407P, und deren Kontaktdaten sind: MARIA DEL ROSARIO GONZ\u00c1LEZ PE\u00d1ATE, mit NIF: 42865407P, und deren Kontaktdaten sind:<\/p>\n<p>Adresse: Calle gallegada 7, 35638 Ajuy, P\u00e1jara ( Fuerteventura) Provinz Las Palmas.<\/p>\n<p>Telefonnummer der Kontaktperson: 928 174 442<\/p>\n<p>E-Mail-Kontakt: info@trecepecesfuerteventura.com<\/p>\n<p>II. ALLGEMEINE NUTZUNGSBEDINGUNGEN<br>Der Gegenstand der Bedingungen und Konditionen: Die Website<br>Zweck der vorliegenden Allgemeinen Nutzungsbedingungen (im Folgenden Bedingungen) ist es, den Zugang zu und die Nutzung der Website zu regeln. Unter der Website im Sinne dieser Bedingungen sind zu verstehen: das \u00e4u\u00dfere Erscheinungsbild der Bildschirmoberfl\u00e4chen, sowohl statisch als auch dynamisch, d. h. der Navigationsbaum, und alle Elemente, die sowohl in die Bildschirmoberfl\u00e4chen als auch in den Navigationsbaum integriert sind (nachstehend \"Inhalt\") sowie alle Online-Dienste oder Ressourcen, die den Nutzern angeboten werden k\u00f6nnen (nachstehend \"Dienste\").<\/p>\n<p>Trecepeces Fuerteventura beh\u00e4lt sich das Recht vor, jederzeit und ohne Vorank\u00fcndigung die Pr\u00e4sentation und Konfiguration der Website sowie die darin enthaltenen Inhalte und Dienstleistungen zu \u00e4ndern. Der Nutzer erkennt an und akzeptiert, dass Trecepeces Fuerteventura jederzeit diese in die Website integrierten Elemente oder den Zugang zu ihnen unterbrechen, deaktivieren und \/ oder l\u00f6schen kann.<\/p>\n<p>Der Zugang des Nutzers zur Website ist kostenlos und erfolgt in der Regel unentgeltlich, ohne dass der Nutzer daf\u00fcr eine Gegenleistung erbringen muss, mit Ausnahme der Kosten f\u00fcr die Verbindung \u00fcber das Telekommunikationsnetz, die von dem vom Nutzer beauftragten Zugangsanbieter bereitgestellt werden.<\/p>\n<p>Die Nutzung der Inhalte oder Dienste der Website kann durch ein vorheriges Abonnement oder eine Registrierung durch den Nutzer erfolgen.<\/p>\n<p>Der Benutzer<br>Der Zugang, das Surfen und die Nutzung der Website verleihen dem Nutzer die Eigenschaft eines Benutzers, und daher akzeptiert der Nutzer von dem Moment an, in dem er auf der Website surft, alle hier festgelegten Bedingungen sowie alle sp\u00e4teren \u00c4nderungen, unbeschadet der Anwendung der entsprechenden gesetzlichen Bestimmungen, die in jedem Fall eingehalten werden m\u00fcssen. In Anbetracht der Relevanz des Vorstehenden wird dem Nutzer empfohlen, sie bei jedem Besuch der Website zu lesen.<\/p>\n<p>Die Website von Trecepeces Fuerteventura bietet ein breites Spektrum an Informationen, Dienstleistungen und Daten. Der Nutzer \u00fcbernimmt die Verantwortung f\u00fcr die korrekte Nutzung der Website. Diese Verantwortung erstreckt sich auf:<\/p>\n<p>Eine Nutzung der von Trecepeces Fuerteventura angebotenen Informationen, Inhalte und\/oder Dienstleistungen und Daten, die gegen die Bestimmungen dieser Bedingungen, das Gesetz, die guten Sitten oder die \u00f6ffentliche Ordnung verst\u00f6\u00dft oder in sonstiger Weise die Rechte Dritter oder den Betrieb der Website beeintr\u00e4chtigen kann.<br>Die Richtigkeit und Rechtm\u00e4\u00dfigkeit der vom Benutzer in den von Trecepeces Fuerteventura bereitgestellten Formularen f\u00fcr den Zugang zu bestimmten Inhalten oder Dienstleistungen, die auf der Website angeboten werden, angegebenen Daten. In jedem Fall ist der Benutzer verpflichtet, Trecepeces Fuerteventura unverz\u00fcglich \u00fcber jedes Ereignis zu informieren, das den Missbrauch der in diesen Formularen erfassten Informationen erm\u00f6glicht, wie z. B., aber nicht beschr\u00e4nkt auf, Diebstahl, Verlust oder unbefugten Zugriff auf Identifikatoren und \/ oder Passw\u00f6rter, um deren sofortige L\u00f6schung zu veranlassen.<br>Der blo\u00dfe Zugriff auf diese Website stellt keinerlei Gesch\u00e4ftsbeziehung zwischen Trecepeces Fuerteventura und dem Nutzer dar.<\/p>\n<p>In \u00dcbereinstimmung mit der geltenden Gesetzgebung richtet sich diese Website von Trecepeces Fuerteventura an alle Personen, unabh\u00e4ngig von ihrem Alter, die auf die Seiten der Website zugreifen und\/oder diese durchsuchen k\u00f6nnen.<\/p>\n<p>Die Website ist in erster Linie f\u00fcr Nutzer mit Wohnsitz in Spanien bestimmt. Trecepeces Fuerteventura macht keine Zusicherung, dass die Website mit den Gesetzen anderer L\u00e4nder, entweder ganz oder teilweise entspricht. Wenn der Nutzer seinen Wohnsitz oder Sitz in einem anderen Land hat und beschlie\u00dft, auf die Website zuzugreifen und\/oder sie zu durchsuchen, so tut er dies auf eigene Verantwortung und muss sicherstellen, dass dieser Zugang und die Navigation mit der geltenden lokalen Gesetzgebung \u00fcbereinstimmen, ohne dass Trecepeces Fuerteventura eine Haftung \u00fcbernimmt, die sich aus einem solchen Zugang ergeben k\u00f6nnte.<\/p>\n<p>III. ZUGANG UND NAVIGATION AUF DER WEBSITE: AUSSCHLUSS VON GEW\u00c4HRLEISTUNG UND HAFTUNG<br>Trecepeces Fuerteventura \u00fcbernimmt keine Garantie f\u00fcr die Kontinuit\u00e4t, Verf\u00fcgbarkeit und N\u00fctzlichkeit der Website oder der Inhalte oder Dienstleistungen. Trecepeces Fuerteventura wird alles tun, was m\u00f6glich ist f\u00fcr das reibungslose Funktionieren der Website, ist jedoch nicht verantwortlich oder garantieren, dass der Zugang zu dieser Website wird nicht ununterbrochen oder fehlerfrei sein.<\/p>\n<p>Weder ist verantwortlich oder garantieren, dass der Inhalt oder die Software, die durch diese Website zugegriffen werden kann, ist frei von Fehlern oder Sch\u00e4den am Computersystem (Software und Hardware) des Benutzers verursachen. In keinem Fall haftet Trecepeces Fuerteventura f\u00fcr Verluste, Sch\u00e4den oder Beeintr\u00e4chtigungen jeglicher Art, die sich aus dem Zugang, der Navigation und der Nutzung der Website ergeben, einschlie\u00dflich, aber nicht beschr\u00e4nkt auf Sch\u00e4den an Computersystemen oder solche, die durch die Einf\u00fchrung von Viren verursacht werden.<\/p>\n<p>Trecepeces Fuerteventura haftet nicht f\u00fcr Sch\u00e4den, die den Nutzern durch unsachgem\u00e4\u00dfe Nutzung dieser Website entstehen k\u00f6nnen. Insbesondere haftet Trecepeces Fuerteventura in keiner Weise f\u00fcr eventuelle Telekommunikationsausf\u00e4lle, Unterbrechungen, Fehler oder Defekte, die auftreten k\u00f6nnen.<\/p>\n<p>IV. KOPPLUNGSPOLITIK<br>Der Nutzer oder ein Dritter, der einen Hyperlink von einer anderen Website auf die Website von Trecepeces Fuerteventura setzt, muss sich dessen bewusst sein:<\/p>\n<p>Die Vervielf\u00e4ltigung - ganz oder teilweise - von Inhalten und\/oder Dienstleistungen der Website ist ohne ausdr\u00fcckliche Genehmigung von Trecepeces Fuerteventura nicht gestattet.<\/p>\n<p>Falsche, ungenaue oder unrichtige Angaben \u00fcber die Trecepeces Fuerteventura-Website sowie \u00fcber deren Inhalte und\/oder Dienstleistungen sind nicht gestattet.<\/p>\n<p>Mit Ausnahme des Hyperlinks darf die Website, auf der der Hyperlink eingerichtet ist, keine Elemente dieser Website enthalten, die nach spanischem Recht als geistiges Eigentum gesch\u00fctzt sind, es sei denn, Trecepeces Fuerteventura hat dies ausdr\u00fccklich genehmigt.<\/p>\n<p>Die Einrichtung des Hyperlinks impliziert weder das Bestehen einer Beziehung zwischen Trecepeces Fuerteventura und dem Eigent\u00fcmer der Website, von der er ausgeht, noch die Kenntnis und Akzeptanz der auf der besagten Website angebotenen Inhalte, Dienstleistungen und\/oder Aktivit\u00e4ten durch Trecepeces Fuerteventura und umgekehrt.<\/p>\n<p>V. GEISTIGES UND GEWERBLICHES EIGENTUM<br>Trecepeces Fuerteventura ist selbst oder als Bevollm\u00e4chtigter Inhaber aller geistigen und gewerblichen Eigentumsrechte an der Website sowie an den darin enthaltenen Elementen (einschlie\u00dflich, aber nicht beschr\u00e4nkt auf Bilder, Ton, Audio, Video, Software oder Text, Marken oder Logos, Farbkombinationen, Struktur und Design, Auswahl der verwendeten Materialien, Computerprogramme, die f\u00fcr den Betrieb, den Zugang und die Nutzung erforderlich sind, usw.). Es handelt sich also um Werke, die als geistiges Eigentum durch das spanische Rechtssystem gesch\u00fctzt sind, da auf sie sowohl die spanischen und gemeinschaftlichen Vorschriften in diesem Bereich als auch die von Spanien unterzeichneten internationalen Vertr\u00e4ge in diesem Bereich anwendbar sind.<\/p>\n<p>Alle Rechte vorbehalten. Gem\u00e4\u00df den Bestimmungen des Gesetzes zum Schutz des geistigen Eigentums sind die Vervielf\u00e4ltigung, die Verbreitung und die \u00f6ffentliche Wiedergabe, einschlie\u00dflich der Zurverf\u00fcgungstellung, des gesamten oder eines Teils des Inhalts dieser Website zu kommerziellen Zwecken, auf jedem Medium und mit allen technischen Mitteln ohne die Genehmigung von Trecepeces Fuerteventura ausdr\u00fccklich verboten.<\/p>\n<p>Der Nutzer verpflichtet sich, die geistigen und gewerblichen Eigentumsrechte von Trecepeces Fuerteventura zu respektieren. Sie k\u00f6nnen die Elemente der Website ansehen oder sogar ausdrucken, kopieren und auf der Festplatte Ihres Computers oder einer anderen Hardware speichern, sofern dies ausschlie\u00dflich f\u00fcr den pers\u00f6nlichen Gebrauch geschieht. Der Benutzer darf jedoch keine Schutzvorrichtungen oder Sicherheitssysteme, die auf der Website installiert wurden, entfernen, ver\u00e4ndern oder manipulieren.<\/p>\n<p>Sollte der Nutzer oder ein Dritter der Ansicht sein, dass einer der Inhalte der Website eine Verletzung der Rechte zum Schutz des geistigen Eigentums darstellt, muss er Trecepeces Fuerteventura unverz\u00fcglich \u00fcber die Kontaktdaten im Abschnitt ALLGEMEINE INFORMATIONEN dieser rechtlichen Hinweise und allgemeinen Nutzungsbedingungen informieren.<\/p>\n<p>VI. GERICHTSVERFAHREN, ANWENDBARES RECHT UND GERICHTSBARKEIT<br>Trecepeces Fuerteventura beh\u00e4lt sich das Recht vor, zivil- oder strafrechtliche Schritte einzuleiten, die sie f\u00fcr eine missbr\u00e4uchliche Nutzung der Website und ihrer Inhalte oder f\u00fcr eine Verletzung der vorliegenden Bedingungen f\u00fcr notwendig erachtet.<\/p>\n<p>Die Beziehung zwischen dem Nutzer und Trecepeces Fuerteventura unterliegt den geltenden und auf spanischem Gebiet anwendbaren Bestimmungen. Im Falle von Streitigkeiten in Bezug auf die Auslegung und\/oder Anwendung der vorliegenden Bedingungen unterwerfen die Parteien ihre Streitigkeiten der ordentlichen Gerichtsbarkeit, indem sie sich den Richtern und Gerichten unterwerfen, die nach dem Gesetz zust\u00e4ndig sind.<\/p>\n<p><\/p>\t\t\t\t\t\t\t\t<\/div>\n\t\t\t\t<\/div>\n\t\t\t\t\t<\/div>\n\t\t\t\t<\/div>\n\t\t\t\t<\/div>","protected":false},"excerpt":{"rendered":"<p>INICIO https:\/\/trecepecesfuerteventura.com\/I. INFORMACI\u00d3N GENERALEn cumplimiento con el deber de informaci\u00f3n dispuesto en la Ley 34\/2002 de Servicios de la Sociedad de la Informaci\u00f3n y el Comercio Electr\u00f3nico (LSSI-CE) de 11 de julio, se facilitan a continuaci\u00f3n los siguientes datos de informaci\u00f3n general de este sitio web: La titularidad de este sitio web, https:\/\/trecepecesfuerteventura.com\/, (en adelante, [&hellip;]<\/p>\n","protected":false},"author":2,"featured_media":0,"parent":0,"menu_order":11,"comment_status":"closed","ping_status":"closed","template":"elementor_header_footer","meta":{"_joinchat":[],"footnotes":""},"class_list":["post-788","page","type-page","status-publish","hentry"],"yoast_head":"<!-- This site is optimized with the Yoast SEO plugin v26.8 - https:\/\/yoast.com\/product\/yoast-seo-wordpress\/ -->\n<title>Aviso Legal - Trecepeces Fuerteventura<\/title>\n<meta name=\"robots\" content=\"noindex, nofollow\" \/>\n<meta property=\"og:locale\" content=\"de_DE\" \/>\n<meta property=\"og:type\" content=\"article\" \/>\n<meta property=\"og:title\" content=\"Aviso Legal - Trecepeces Fuerteventura\" \/>\n<meta property=\"og:description\" content=\"INICIO https:\/\/trecepecesfuerteventura.com\/I. INFORMACI\u00d3N GENERALEn cumplimiento con el deber de informaci\u00f3n dispuesto en la Ley 34\/2002 de Servicios de la Sociedad de la Informaci\u00f3n y el Comercio Electr\u00f3nico (LSSI-CE) de 11 de julio, se facilitan a continuaci\u00f3n los siguientes datos de informaci\u00f3n general de este sitio web: La titularidad de este sitio web, https:\/\/trecepecesfuerteventura.com\/, (en adelante, [&hellip;]\" \/>\n<meta property=\"og:url\" content=\"https:\/\/trecepecesfuerteventura.com\/de\/aviso-legal\/\" \/>\n<meta property=\"og:site_name\" content=\"Trecepeces Fuerteventura\" \/>\n<meta property=\"article:modified_time\" content=\"2024-02-22T16:46:01+00:00\" \/>\n<meta name=\"twitter:card\" content=\"summary_large_image\" \/>\n<meta name=\"twitter:label1\" content=\"Gesch\u00e4tzte Lesezeit\" \/>\n\t<meta name=\"twitter:data1\" content=\"8\u00a0Minuten\" \/>\n<script type=\"application\/ld+json\" class=\"yoast-schema-graph\">{\"@context\":\"https:\/\/schema.org\",\"@graph\":[{\"@type\":\"WebPage\",\"@id\":\"https:\/\/trecepecesfuerteventura.com\/aviso-legal\/\",\"url\":\"https:\/\/trecepecesfuerteventura.com\/aviso-legal\/\",\"name\":\"Aviso Legal - Trecepeces Fuerteventura\",\"isPartOf\":{\"@id\":\"https:\/\/trecepecesfuerteventura.com\/#website\"},\"datePublished\":\"2024-02-22T15:40:04+00:00\",\"dateModified\":\"2024-02-22T16:46:01+00:00\",\"breadcrumb\":{\"@id\":\"https:\/\/trecepecesfuerteventura.com\/aviso-legal\/#breadcrumb\"},\"inLanguage\":\"de\",\"potentialAction\":[{\"@type\":\"ReadAction\",\"target\":[\"https:\/\/trecepecesfuerteventura.com\/aviso-legal\/\"]}]},{\"@type\":\"BreadcrumbList\",\"@id\":\"https:\/\/trecepecesfuerteventura.com\/aviso-legal\/#breadcrumb\",\"itemListElement\":[{\"@type\":\"ListItem\",\"position\":1,\"name\":\"Portada\",\"item\":\"https:\/\/trecepecesfuerteventura.com\/\"},{\"@type\":\"ListItem\",\"position\":2,\"name\":\"Aviso Legal\"}]},{\"@type\":\"WebSite\",\"@id\":\"https:\/\/trecepecesfuerteventura.com\/#website\",\"url\":\"https:\/\/trecepecesfuerteventura.com\/\",\"name\":\"Trecepeces Fuerteventura\",\"description\":\"Shop &amp; Expo\",\"publisher\":{\"@id\":\"https:\/\/trecepecesfuerteventura.com\/#organization\"},\"potentialAction\":[{\"@type\":\"SearchAction\",\"target\":{\"@type\":\"EntryPoint\",\"urlTemplate\":\"https:\/\/trecepecesfuerteventura.com\/?s={search_term_string}\"},\"query-input\":{\"@type\":\"PropertyValueSpecification\",\"valueRequired\":true,\"valueName\":\"search_term_string\"}}],\"inLanguage\":\"de\"},{\"@type\":\"Organization\",\"@id\":\"https:\/\/trecepecesfuerteventura.com\/#organization\",\"name\":\"Trecepeces Fuerteventura\",\"url\":\"https:\/\/trecepecesfuerteventura.com\/\",\"logo\":{\"@type\":\"ImageObject\",\"inLanguage\":\"de\",\"@id\":\"https:\/\/trecepecesfuerteventura.com\/#\/schema\/logo\/image\/\",\"url\":\"https:\/\/trecepecesfuerteventura.com\/wp-content\/uploads\/2024\/01\/0001-2.png\",\"contentUrl\":\"https:\/\/trecepecesfuerteventura.com\/wp-content\/uploads\/2024\/01\/0001-2.png\",\"width\":2367,\"height\":2122,\"caption\":\"Trecepeces Fuerteventura\"},\"image\":{\"@id\":\"https:\/\/trecepecesfuerteventura.com\/#\/schema\/logo\/image\/\"}}]}<\/script>\n<!-- \/ Yoast SEO plugin. -->","yoast_head_json":{"title":"Rechtliche Hinweise - Trecepeces Fuerteventura","robots":{"index":"noindex","follow":"nofollow"},"og_locale":"de_DE","og_type":"article","og_title":"Aviso Legal - Trecepeces Fuerteventura","og_description":"INICIO https:\/\/trecepecesfuerteventura.com\/I. INFORMACI\u00d3N GENERALEn cumplimiento con el deber de informaci\u00f3n dispuesto en la Ley 34\/2002 de Servicios de la Sociedad de la Informaci\u00f3n y el Comercio Electr\u00f3nico (LSSI-CE) de 11 de julio, se facilitan a continuaci\u00f3n los siguientes datos de informaci\u00f3n general de este sitio web: La titularidad de este sitio web, https:\/\/trecepecesfuerteventura.com\/, (en adelante, [&hellip;]","og_url":"https:\/\/trecepecesfuerteventura.com\/de\/aviso-legal\/","og_site_name":"Trecepeces Fuerteventura","article_modified_time":"2024-02-22T16:46:01+00:00","twitter_card":"summary_large_image","twitter_misc":{"Gesch\u00e4tzte Lesezeit":"8\u00a0Minuten"},"schema":{"@context":"https:\/\/schema.org","@graph":[{"@type":"WebPage","@id":"https:\/\/trecepecesfuerteventura.com\/aviso-legal\/","url":"https:\/\/trecepecesfuerteventura.com\/aviso-legal\/","name":"Rechtliche Hinweise - Trecepeces Fuerteventura","isPartOf":{"@id":"https:\/\/trecepecesfuerteventura.com\/#website"},"datePublished":"2024-02-22T15:40:04+00:00","dateModified":"2024-02-22T16:46:01+00:00","breadcrumb":{"@id":"https:\/\/trecepecesfuerteventura.com\/aviso-legal\/#breadcrumb"},"inLanguage":"de","potentialAction":[{"@type":"ReadAction","target":["https:\/\/trecepecesfuerteventura.com\/aviso-legal\/"]}]},{"@type":"BreadcrumbList","@id":"https:\/\/trecepecesfuerteventura.com\/aviso-legal\/#breadcrumb","itemListElement":[{"@type":"ListItem","position":1,"name":"Portada","item":"https:\/\/trecepecesfuerteventura.com\/"},{"@type":"ListItem","position":2,"name":"Aviso Legal"}]},{"@type":"WebSite","@id":"https:\/\/trecepecesfuerteventura.com\/#website","url":"https:\/\/trecepecesfuerteventura.com\/","name":"Trecepeces Fuerteventura","description":"Gesch\u00e4ft &amp; Ausstellung","publisher":{"@id":"https:\/\/trecepecesfuerteventura.com\/#organization"},"potentialAction":[{"@type":"SearchAction","target":{"@type":"EntryPoint","urlTemplate":"https:\/\/trecepecesfuerteventura.com\/?s={search_term_string}"},"query-input":{"@type":"PropertyValueSpecification","valueRequired":true,"valueName":"search_term_string"}}],"inLanguage":"de"},{"@type":"Organization","@id":"https:\/\/trecepecesfuerteventura.com\/#organization","name":"Trecepeces Fuerteventura","url":"https:\/\/trecepecesfuerteventura.com\/","logo":{"@type":"ImageObject","inLanguage":"de","@id":"https:\/\/trecepecesfuerteventura.com\/#\/schema\/logo\/image\/","url":"https:\/\/trecepecesfuerteventura.com\/wp-content\/uploads\/2024\/01\/0001-2.png","contentUrl":"https:\/\/trecepecesfuerteventura.com\/wp-content\/uploads\/2024\/01\/0001-2.png","width":2367,"height":2122,"caption":"Trecepeces Fuerteventura"},"image":{"@id":"https:\/\/trecepecesfuerteventura.com\/#\/schema\/logo\/image\/"}}]}},"_links":{"self":[{"href":"https:\/\/trecepecesfuerteventura.com\/de\/wp-json\/wp\/v2\/pages\/788","targetHints":{"allow":["GET"]}}],"collection":[{"href":"https:\/\/trecepecesfuerteventura.com\/de\/wp-json\/wp\/v2\/pages"}],"about":[{"href":"https:\/\/trecepecesfuerteventura.com\/de\/wp-json\/wp\/v2\/types\/page"}],"author":[{"embeddable":true,"href":"https:\/\/trecepecesfuerteventura.com\/de\/wp-json\/wp\/v2\/users\/2"}],"replies":[{"embeddable":true,"href":"https:\/\/trecepecesfuerteventura.com\/de\/wp-json\/wp\/v2\/comments?post=788"}],"version-history":[{"count":4,"href":"https:\/\/trecepecesfuerteventura.com\/de\/wp-json\/wp\/v2\/pages\/788\/revisions"}],"predecessor-version":[{"id":809,"href":"https:\/\/trecepecesfuerteventura.com\/de\/wp-json\/wp\/v2\/pages\/788\/revisions\/809"}],"wp:attachment":[{"href":"https:\/\/trecepecesfuerteventura.com\/de\/wp-json\/wp\/v2\/media?parent=788"}],"curies":[{"name":"wp","href":"https:\/\/api.w.org\/{rel}","templated":true}]}}