{"id":790,"date":"2024-02-22T16:40:32","date_gmt":"2024-02-22T15:40:32","guid":{"rendered":"https:\/\/trecepecesfuerteventura.com\/?page_id=790"},"modified":"2024-02-22T17:46:58","modified_gmt":"2024-02-22T16:46:58","slug":"politica-de-cookies","status":"publish","type":"page","link":"https:\/\/trecepecesfuerteventura.com\/de\/politica-de-cookies\/","title":{"rendered":"Cookie-Richtlinie"},"content":{"rendered":"<div data-elementor-type=\"wp-page\" data-elementor-id=\"790\" class=\"elementor elementor-790\" data-elementor-post-type=\"page\">\n\t\t\t\t\t\t<section class=\"elementor-section elementor-top-section elementor-element elementor-element-4c249b4 elementor-section-full_width elementor-section-height-default elementor-section-height-default\" data-id=\"4c249b4\" data-element_type=\"section\" data-e-type=\"section\" data-settings=\"{&quot;jet_parallax_layout_list&quot;:[]}\">\n\t\t\t\t\t\t<div class=\"elementor-container elementor-column-gap-default\">\n\t\t\t\t\t<div class=\"elementor-column elementor-col-100 elementor-top-column elementor-element elementor-element-b6fad2d\" data-id=\"b6fad2d\" data-element_type=\"column\" data-e-type=\"column\">\n\t\t\t<div class=\"elementor-widget-wrap elementor-element-populated\">\n\t\t\t\t\t<div class=\"elementor-background-overlay\"><\/div>\n\t\t\t\t\t\t<section class=\"elementor-section elementor-inner-section elementor-element elementor-element-0d9b0fb elementor-section-height-min-height elementor-section-boxed elementor-section-height-default\" data-id=\"0d9b0fb\" data-element_type=\"section\" data-e-type=\"section\" data-settings=\"{&quot;background_background&quot;:&quot;classic&quot;,&quot;jet_parallax_layout_list&quot;:[]}\">\n\t\t\t\t\t\t\t<div class=\"elementor-background-overlay\"><\/div>\n\t\t\t\t\t\t\t<div class=\"elementor-container elementor-column-gap-default\">\n\t\t\t\t\t<div class=\"elementor-column elementor-col-100 elementor-inner-column elementor-element elementor-element-03233cd\" data-id=\"03233cd\" data-element_type=\"column\" data-e-type=\"column\" data-settings=\"{&quot;background_background&quot;:&quot;classic&quot;}\">\n\t\t\t<div class=\"elementor-widget-wrap elementor-element-populated\">\n\t\t\t\t\t\t<div class=\"elementor-element elementor-element-71c3315 elementor-icon-list--layout-inline elementor-align-center elementor-list-item-link-full_width elementor-invisible elementor-widget elementor-widget-icon-list\" data-id=\"71c3315\" data-element_type=\"widget\" data-e-type=\"widget\" data-settings=\"{&quot;_animation&quot;:&quot;fadeIn&quot;,&quot;_animation_delay&quot;:200}\" data-widget_type=\"icon-list.default\">\n\t\t\t\t<div class=\"elementor-widget-container\">\n\t\t\t\t\t\t\t<ul class=\"elementor-icon-list-items elementor-inline-items\">\n\t\t\t\t\t\t\t<li class=\"elementor-icon-list-item elementor-inline-item\">\n\t\t\t\t\t\t\t\t\t\t\t<a href=\"https:\/\/trecepecesfuerteventura.com\/de\">\n\n\t\t\t\t\t\t\t\t\t\t\t<span class=\"elementor-icon-list-text\">HOME<\/span>\n\t\t\t\t\t\t\t\t\t\t\t<\/a>\n\t\t\t\t\t\t\t\t\t<\/li>\n\t\t\t\t\t\t\t\t<li class=\"elementor-icon-list-item elementor-inline-item\">\n\t\t\t\t\t\t\t\t\t\t\t<span class=\"elementor-icon-list-icon\">\n\t\t\t\t\t\t\t<i aria-hidden=\"true\" class=\"icon icon-right-arrow1\"><\/i>\t\t\t\t\t\t<\/span>\n\t\t\t\t\t\t\t\t\t\t<span class=\"elementor-icon-list-text\"><\/span>\n\t\t\t\t\t\t\t\t\t<\/li>\n\t\t\t\t\t\t<\/ul>\n\t\t\t\t\t\t<\/div>\n\t\t\t\t<\/div>\n\t\t\t\t\t<\/div>\n\t\t<\/div>\n\t\t\t\t\t<\/div>\n\t\t<\/section>\n\t\t\t\t\t<\/div>\n\t\t<\/div>\n\t\t\t\t\t<\/div>\n\t\t<\/section>\n\t\t<div class=\"elementor-element elementor-element-8907c46 e-flex e-con-boxed e-con e-parent\" data-id=\"8907c46\" data-element_type=\"container\" data-e-type=\"container\" data-settings=\"{&quot;jet_parallax_layout_list&quot;:[]}\">\n\t\t\t\t\t<div class=\"e-con-inner\">\n\t\t\t\t<div class=\"elementor-element elementor-element-f988aaa elementor-widget elementor-widget-text-editor\" data-id=\"f988aaa\" data-element_type=\"widget\" data-e-type=\"widget\" data-widget_type=\"text-editor.default\">\n\t\t\t\t<div class=\"elementor-widget-container\">\n\t\t\t\t\t\t\t\t\t<p>https:\/\/trecepecesfuerteventura.com\/<br \/>Der Zugang zu dieser Website kann die Verwendung von Cookies beinhalten. Cookies sind kleine Informationsmengen, die in dem von jedem Nutzer verwendeten Browser - in den verschiedenen Ger\u00e4ten, die zum Surfen verwendet werden k\u00f6nnen - gespeichert werden, so dass sich der Server bestimmte Informationen merkt, die sp\u00e4ter nur von dem Server gelesen werden k\u00f6nnen, der sie implementiert hat. Cookies machen das Surfen einfacher, benutzerfreundlicher und besch\u00e4digen das Ger\u00e4t nicht.<\/p><p>Cookies sind automatische Verfahren zur Sammlung von Informationen \u00fcber die vom Nutzer w\u00e4hrend seines Besuchs auf der Website festgelegten Pr\u00e4ferenzen, um ihn als Nutzer zu erkennen und seine Erfahrung und Nutzung der Website zu personalisieren, und k\u00f6nnen beispielsweise auch dazu beitragen, Fehler zu erkennen und zu beheben.<\/p><p>Die durch Cookies gesammelten Informationen k\u00f6nnen das Datum und die Uhrzeit der Besuche auf der Website, die besuchten Seiten, die auf der Website verbrachte Zeit und die unmittelbar vor und nach der Website besuchten Websites umfassen. Kein Cookie erlaubt es jedoch, die Telefonnummer des Nutzers oder andere Mittel zur pers\u00f6nlichen Kontaktaufnahme zu ermitteln. Kein Cookie kann Informationen von der Festplatte des Benutzers extrahieren oder pers\u00f6nliche Daten stehlen. Die einzige M\u00f6glichkeit, private Informationen des Benutzers in die Cookie-Datei aufzunehmen, besteht darin, dass der Benutzer diese Informationen pers\u00f6nlich an den Server weitergibt.<\/p><p>Cookies, die die Identifizierung einer Person erm\u00f6glichen, gelten als personenbezogene Daten. Daher gilt f\u00fcr sie die oben genannte Datenschutzrichtlinie. In diesem Zusammenhang erfordert die Verwendung von Cookies die Zustimmung des Nutzers. Diese Zustimmung wird auf der Grundlage einer echten Wahl, die durch eine best\u00e4tigende und positive Entscheidung vor der ersten Verarbeitung angeboten wird, mitgeteilt, entfernt und dokumentiert.<\/p><p>Eigene Cookies<br \/>Es handelt sich um Cookies, die an den Computer oder das Ger\u00e4t des Nutzers gesendet und ausschlie\u00dflich von Trecepeces Fuerteventura verwaltet werden, um ein besseres Funktionieren der Website zu gew\u00e4hrleisten. Die gesammelten Informationen werden verwendet, um die Qualit\u00e4t der Website und ihrer Inhalte sowie Ihre Erfahrung als Nutzer zu verbessern. Diese Cookies erm\u00f6glichen es uns, den Nutzer als wiederkehrenden Besucher der Website zu erkennen und den Inhalt anzupassen, um ihm Inhalte anzubieten, die seinen Vorlieben entsprechen.<\/p><p>Deaktivierung, Ablehnung und L\u00f6schung von Cookies<br \/>Der Nutzer kann die auf seinem Ger\u00e4t installierten Cookies ganz oder teilweise deaktivieren, ablehnen oder l\u00f6schen, indem er seinen Browser (z. B. Chrome, Firefox, Safari, Explorer) konfiguriert. Die Verfahren zur Ablehnung und L\u00f6schung von Cookies k\u00f6nnen sich von einem Internetbrowser zum anderen unterscheiden. Daher muss der Nutzer die Anweisungen des von ihm verwendeten Internetbrowsers befolgen. Wenn Sie die Verwendung von Cookies - ganz oder teilweise - ablehnen, k\u00f6nnen Sie die Website weiterhin nutzen, auch wenn die Nutzung einiger ihrer Funktionen eingeschr\u00e4nkt sein kann.<\/p><p>\u00a0<\/p>\t\t\t\t\t\t\t\t<\/div>\n\t\t\t\t<\/div>\n\t\t\t\t\t<\/div>\n\t\t\t\t<\/div>\n\t\t\t\t<\/div>","protected":false},"excerpt":{"rendered":"<p>INICIO https:\/\/trecepecesfuerteventura.com\/El acceso a este Sitio Web puede implicar la utilizaci\u00f3n de cookies. Las cookies son peque\u00f1as cantidades de informaci\u00f3n que se almacenan en el navegador utilizado por cada Usuario \u2014en los distintos dispositivos que pueda utilizar para navegar\u2014 para que el servidor recuerde cierta informaci\u00f3n que posteriormente y \u00fanicamente el servidor que la implement\u00f3 [&hellip;]<\/p>\n","protected":false},"author":2,"featured_media":0,"parent":0,"menu_order":12,"comment_status":"closed","ping_status":"closed","template":"elementor_header_footer","meta":{"_joinchat":[],"footnotes":""},"class_list":["post-790","page","type-page","status-publish","hentry"],"yoast_head":"<!-- This site is optimized with the Yoast SEO plugin v26.8 - https:\/\/yoast.com\/product\/yoast-seo-wordpress\/ -->\n<title>Pol\u00edtica de Cookies - Trecepeces Fuerteventura<\/title>\n<meta name=\"robots\" content=\"noindex, nofollow\" \/>\n<meta property=\"og:locale\" content=\"de_DE\" \/>\n<meta property=\"og:type\" content=\"article\" \/>\n<meta property=\"og:title\" content=\"Pol\u00edtica de Cookies - Trecepeces Fuerteventura\" \/>\n<meta property=\"og:description\" content=\"INICIO https:\/\/trecepecesfuerteventura.com\/El acceso a este Sitio Web puede implicar la utilizaci\u00f3n de cookies. Las cookies son peque\u00f1as cantidades de informaci\u00f3n que se almacenan en el navegador utilizado por cada Usuario \u2014en los distintos dispositivos que pueda utilizar para navegar\u2014 para que el servidor recuerde cierta informaci\u00f3n que posteriormente y \u00fanicamente el servidor que la implement\u00f3 [&hellip;]\" \/>\n<meta property=\"og:url\" content=\"https:\/\/trecepecesfuerteventura.com\/de\/politica-de-cookies\/\" \/>\n<meta property=\"og:site_name\" content=\"Trecepeces Fuerteventura\" \/>\n<meta property=\"article:modified_time\" content=\"2024-02-22T16:46:58+00:00\" \/>\n<meta name=\"twitter:card\" content=\"summary_large_image\" \/>\n<meta name=\"twitter:label1\" content=\"Gesch\u00e4tzte Lesezeit\" \/>\n\t<meta name=\"twitter:data1\" content=\"3\u00a0Minuten\" \/>\n<script type=\"application\/ld+json\" class=\"yoast-schema-graph\">{\"@context\":\"https:\/\/schema.org\",\"@graph\":[{\"@type\":\"WebPage\",\"@id\":\"https:\/\/trecepecesfuerteventura.com\/politica-de-cookies\/\",\"url\":\"https:\/\/trecepecesfuerteventura.com\/politica-de-cookies\/\",\"name\":\"Pol\u00edtica de Cookies - Trecepeces Fuerteventura\",\"isPartOf\":{\"@id\":\"https:\/\/trecepecesfuerteventura.com\/#website\"},\"datePublished\":\"2024-02-22T15:40:32+00:00\",\"dateModified\":\"2024-02-22T16:46:58+00:00\",\"breadcrumb\":{\"@id\":\"https:\/\/trecepecesfuerteventura.com\/politica-de-cookies\/#breadcrumb\"},\"inLanguage\":\"de\",\"potentialAction\":[{\"@type\":\"ReadAction\",\"target\":[\"https:\/\/trecepecesfuerteventura.com\/politica-de-cookies\/\"]}]},{\"@type\":\"BreadcrumbList\",\"@id\":\"https:\/\/trecepecesfuerteventura.com\/politica-de-cookies\/#breadcrumb\",\"itemListElement\":[{\"@type\":\"ListItem\",\"position\":1,\"name\":\"Portada\",\"item\":\"https:\/\/trecepecesfuerteventura.com\/\"},{\"@type\":\"ListItem\",\"position\":2,\"name\":\"Pol\u00edtica de Cookies\"}]},{\"@type\":\"WebSite\",\"@id\":\"https:\/\/trecepecesfuerteventura.com\/#website\",\"url\":\"https:\/\/trecepecesfuerteventura.com\/\",\"name\":\"Trecepeces Fuerteventura\",\"description\":\"Shop &amp; Expo\",\"publisher\":{\"@id\":\"https:\/\/trecepecesfuerteventura.com\/#organization\"},\"potentialAction\":[{\"@type\":\"SearchAction\",\"target\":{\"@type\":\"EntryPoint\",\"urlTemplate\":\"https:\/\/trecepecesfuerteventura.com\/?s={search_term_string}\"},\"query-input\":{\"@type\":\"PropertyValueSpecification\",\"valueRequired\":true,\"valueName\":\"search_term_string\"}}],\"inLanguage\":\"de\"},{\"@type\":\"Organization\",\"@id\":\"https:\/\/trecepecesfuerteventura.com\/#organization\",\"name\":\"Trecepeces Fuerteventura\",\"url\":\"https:\/\/trecepecesfuerteventura.com\/\",\"logo\":{\"@type\":\"ImageObject\",\"inLanguage\":\"de\",\"@id\":\"https:\/\/trecepecesfuerteventura.com\/#\/schema\/logo\/image\/\",\"url\":\"https:\/\/trecepecesfuerteventura.com\/wp-content\/uploads\/2024\/01\/0001-2.png\",\"contentUrl\":\"https:\/\/trecepecesfuerteventura.com\/wp-content\/uploads\/2024\/01\/0001-2.png\",\"width\":2367,\"height\":2122,\"caption\":\"Trecepeces Fuerteventura\"},\"image\":{\"@id\":\"https:\/\/trecepecesfuerteventura.com\/#\/schema\/logo\/image\/\"}}]}<\/script>\n<!-- \/ Yoast SEO plugin. -->","yoast_head_json":{"title":"Pol\u00edtica de Cookies - Trecepeces Fuerteventura","robots":{"index":"noindex","follow":"nofollow"},"og_locale":"de_DE","og_type":"article","og_title":"Pol\u00edtica de Cookies - Trecepeces Fuerteventura","og_description":"INICIO https:\/\/trecepecesfuerteventura.com\/El acceso a este Sitio Web puede implicar la utilizaci\u00f3n de cookies. Las cookies son peque\u00f1as cantidades de informaci\u00f3n que se almacenan en el navegador utilizado por cada Usuario \u2014en los distintos dispositivos que pueda utilizar para navegar\u2014 para que el servidor recuerde cierta informaci\u00f3n que posteriormente y \u00fanicamente el servidor que la implement\u00f3 [&hellip;]","og_url":"https:\/\/trecepecesfuerteventura.com\/de\/politica-de-cookies\/","og_site_name":"Trecepeces Fuerteventura","article_modified_time":"2024-02-22T16:46:58+00:00","twitter_card":"summary_large_image","twitter_misc":{"Gesch\u00e4tzte Lesezeit":"3\u00a0Minuten"},"schema":{"@context":"https:\/\/schema.org","@graph":[{"@type":"WebPage","@id":"https:\/\/trecepecesfuerteventura.com\/politica-de-cookies\/","url":"https:\/\/trecepecesfuerteventura.com\/politica-de-cookies\/","name":"Pol\u00edtica de Cookies - Trecepeces Fuerteventura","isPartOf":{"@id":"https:\/\/trecepecesfuerteventura.com\/#website"},"datePublished":"2024-02-22T15:40:32+00:00","dateModified":"2024-02-22T16:46:58+00:00","breadcrumb":{"@id":"https:\/\/trecepecesfuerteventura.com\/politica-de-cookies\/#breadcrumb"},"inLanguage":"de","potentialAction":[{"@type":"ReadAction","target":["https:\/\/trecepecesfuerteventura.com\/politica-de-cookies\/"]}]},{"@type":"BreadcrumbList","@id":"https:\/\/trecepecesfuerteventura.com\/politica-de-cookies\/#breadcrumb","itemListElement":[{"@type":"ListItem","position":1,"name":"Portada","item":"https:\/\/trecepecesfuerteventura.com\/"},{"@type":"ListItem","position":2,"name":"Pol\u00edtica de Cookies"}]},{"@type":"WebSite","@id":"https:\/\/trecepecesfuerteventura.com\/#website","url":"https:\/\/trecepecesfuerteventura.com\/","name":"Trecepeces Fuerteventura","description":"Gesch\u00e4ft &amp; Ausstellung","publisher":{"@id":"https:\/\/trecepecesfuerteventura.com\/#organization"},"potentialAction":[{"@type":"SearchAction","target":{"@type":"EntryPoint","urlTemplate":"https:\/\/trecepecesfuerteventura.com\/?s={search_term_string}"},"query-input":{"@type":"PropertyValueSpecification","valueRequired":true,"valueName":"search_term_string"}}],"inLanguage":"de"},{"@type":"Organization","@id":"https:\/\/trecepecesfuerteventura.com\/#organization","name":"Trecepeces Fuerteventura","url":"https:\/\/trecepecesfuerteventura.com\/","logo":{"@type":"ImageObject","inLanguage":"de","@id":"https:\/\/trecepecesfuerteventura.com\/#\/schema\/logo\/image\/","url":"https:\/\/trecepecesfuerteventura.com\/wp-content\/uploads\/2024\/01\/0001-2.png","contentUrl":"https:\/\/trecepecesfuerteventura.com\/wp-content\/uploads\/2024\/01\/0001-2.png","width":2367,"height":2122,"caption":"Trecepeces Fuerteventura"},"image":{"@id":"https:\/\/trecepecesfuerteventura.com\/#\/schema\/logo\/image\/"}}]}},"_links":{"self":[{"href":"https:\/\/trecepecesfuerteventura.com\/de\/wp-json\/wp\/v2\/pages\/790","targetHints":{"allow":["GET"]}}],"collection":[{"href":"https:\/\/trecepecesfuerteventura.com\/de\/wp-json\/wp\/v2\/pages"}],"about":[{"href":"https:\/\/trecepecesfuerteventura.com\/de\/wp-json\/wp\/v2\/types\/page"}],"author":[{"embeddable":true,"href":"https:\/\/trecepecesfuerteventura.com\/de\/wp-json\/wp\/v2\/users\/2"}],"replies":[{"embeddable":true,"href":"https:\/\/trecepecesfuerteventura.com\/de\/wp-json\/wp\/v2\/comments?post=790"}],"version-history":[{"count":4,"href":"https:\/\/trecepecesfuerteventura.com\/de\/wp-json\/wp\/v2\/pages\/790\/revisions"}],"predecessor-version":[{"id":816,"href":"https:\/\/trecepecesfuerteventura.com\/de\/wp-json\/wp\/v2\/pages\/790\/revisions\/816"}],"wp:attachment":[{"href":"https:\/\/trecepecesfuerteventura.com\/de\/wp-json\/wp\/v2\/media?parent=790"}],"curies":[{"name":"wp","href":"https:\/\/api.w.org\/{rel}","templated":true}]}}