{"id":342,"date":"2024-01-29T13:01:46","date_gmt":"2024-01-29T12:01:46","guid":{"rendered":"https:\/\/trecepeces.adrirodrigoagencia.es\/?post_type=product&#038;p=342"},"modified":"2025-01-29T12:31:21","modified_gmt":"2025-01-29T11:31:21","slug":"sudadera-unisex-diseno-medusa","status":"publish","type":"product","link":"https:\/\/trecepecesfuerteventura.com\/de\/produkt\/sudadera-unisex-diseno-medusa\/","title":{"rendered":"Unisex Sweatshirt \"Qualle\" Design"},"content":{"rendered":"<h3><strong>Sweatshirt mit Quallendesign, inspiriert von Fuerteventura<\/strong><\/h3>\n<pre>Holen Sie sich die Magie des Ozeans mit unserem <em>Sweatshirt aus Baumwolle mit Quallenmotiv<\/em>ein exklusives Modell von <strong>DreizehnFisch Fuerteventura<\/strong>. Hergestellt aus 60%-Baumwolle und 40%-Polyester, beh\u00e4lt es den Komfort von Baumwolle bei, mit der Elastizit\u00e4t und gr\u00f6\u00dferen <span role=\"tooltip\"><span class=\"c5aZPb\" role=\"button\" data-enable-toggle-animation=\"true\" data-extra-container-classes=\"ZLo7Eb\" data-hover-hide-delay=\"1000\" data-hover-open-delay=\"500\" data-send-open-event=\"true\" data-theme=\"0\" data-width=\"250\" data-ved=\"2ahUKEwjq0_-L5ZqLAxWERqQEHb3AH7wQmpgGegQIGxAD\"><span class=\"JPfdse\" data-bubble-link=\"\" data-segment-text=\"transpirabilidad\">Atmungsaktivit\u00e4t<\/span><\/span><\/span> Polyester. Sehr angenehm zu ber\u00fchren, weich geb\u00fcrstet Pl\u00fcsch.<\/pre>\n<p>Dieses Sweatshirt kombiniert Komfort, Stil und ein vom Atlantik inspiriertes Design. Perfekt f\u00fcr k\u00fchle Tage und N\u00e4chte am Meer. Erh\u00e4ltlich in verschiedenen Gr\u00f6\u00dfen. Mit Trecepeces-Logo auf dem \u00c4rmel.<\/p>\n<h3><strong>Nehmen Sie ein St\u00fcck Ozean mit<\/strong><\/h3>\n<p>Wenn Sie das Meer und die Unterwasserwelt lieben, ist dieses Sweatshirt die ideale Wahl. Sein einzigartiges Quallendesign repr\u00e4sentiert die Sch\u00f6nheit und Bewegung des Ozeans und verbindet Sie mit der Essenz von Fuerteventura.<\/p>\n<p><strong>Bestellen Sie jetzt und erhalten Sie ein exklusives Design, das Ihre Liebe zum Meer widerspiegelt.<\/strong><\/p>\n<p>Um mehr \u00fcber die atlantischen Quallen zu erfahren, die unser Design inspirieren, besuchen Sie <a href=\"https:\/\/www.eldia.es\/vida-y-estilo\/2024\/07\/21\/medusas-canarias-guia-completa-disfrutar-playas-dv-105756178.html\" target=\"_new\" rel=\"noopener\">diese Seite \u00fcber Quallen<\/a>.<\/p>","protected":false},"excerpt":{"rendered":"<p>Wenn Sie das Meer und die Unterwasserwelt lieben, ist dieses Sweatshirt die ideale Wahl. Sein einzigartiges Quallendesign steht f\u00fcr die Sch\u00f6nheit und Bewegung des Atlantiks. Weiche Ferse.<\/p>","protected":false},"featured_media":631,"comment_status":"open","ping_status":"closed","template":"","meta":{"_joinchat":[]},"product_brand":[],"product_cat":[49],"product_tag":[],"class_list":{"0":"post-342","1":"product","2":"type-product","3":"status-publish","4":"has-post-thumbnail","6":"product_cat-sudadera","8":"first","9":"instock","10":"taxable","11":"shipping-taxable","12":"purchasable","13":"product-type-variable"},"yoast_head":"<!-- This site is optimized with the Yoast SEO plugin v26.8 - https:\/\/yoast.com\/product\/yoast-seo-wordpress\/ -->\n<title>Sudadera unisex dise\u00f1o &quot;medusa&quot; - Trecepeces Fuerteventura<\/title>\n<meta name=\"description\" content=\"Descubre la sudadera de felpa peinada suave con dise\u00f1o de medusa y logo en la manga. Inspirada en Fuerteventura. Si eres amante del mar y de la vida marina, esta sudadera es la elecci\u00f3n ideal.\" \/>\n<meta name=\"robots\" content=\"index, follow, max-snippet:-1, max-image-preview:large, max-video-preview:-1\" \/>\n<link rel=\"canonical\" href=\"https:\/\/trecepecesfuerteventura.com\/de\/produkt\/sudadera-unisex-diseno-medusa\/\" \/>\n<meta property=\"og:locale\" content=\"de_DE\" \/>\n<meta property=\"og:type\" content=\"article\" \/>\n<meta property=\"og:title\" content=\"Sudadera unisex dise\u00f1o &quot;medusa&quot; - Trecepeces Fuerteventura\" \/>\n<meta property=\"og:description\" content=\"Descubre la sudadera de felpa peinada suave con dise\u00f1o de medusa y logo en la manga. Inspirada en Fuerteventura. Si eres amante del mar y de la vida marina, esta sudadera es la elecci\u00f3n ideal.\" \/>\n<meta property=\"og:url\" content=\"https:\/\/trecepecesfuerteventura.com\/de\/produkt\/sudadera-unisex-diseno-medusa\/\" \/>\n<meta property=\"og:site_name\" content=\"Trecepeces Fuerteventura\" \/>\n<meta property=\"article:modified_time\" content=\"2025-01-29T11:31:21+00:00\" \/>\n<meta property=\"og:image\" content=\"https:\/\/trecepecesfuerteventura.com\/wp-content\/uploads\/2024\/01\/sudadera-medusa-1.png\" \/>\n\t<meta property=\"og:image:width\" content=\"838\" \/>\n\t<meta property=\"og:image:height\" content=\"1280\" \/>\n\t<meta property=\"og:image:type\" content=\"image\/png\" \/>\n<meta name=\"twitter:card\" content=\"summary_large_image\" \/>\n<meta name=\"twitter:label1\" content=\"Gesch\u00e4tzte Lesezeit\" \/>\n\t<meta name=\"twitter:data1\" content=\"1\u00a0Minute\" \/>\n<script type=\"application\/ld+json\" class=\"yoast-schema-graph\">{\"@context\":\"https:\/\/schema.org\",\"@graph\":[{\"@type\":\"WebPage\",\"@id\":\"https:\/\/trecepecesfuerteventura.com\/producto\/sudadera-unisex-diseno-medusa\/\",\"url\":\"https:\/\/trecepecesfuerteventura.com\/producto\/sudadera-unisex-diseno-medusa\/\",\"name\":\"Sudadera unisex dise\u00f1o \\\"medusa\\\" - Trecepeces Fuerteventura\",\"isPartOf\":{\"@id\":\"https:\/\/trecepecesfuerteventura.com\/#website\"},\"primaryImageOfPage\":{\"@id\":\"https:\/\/trecepecesfuerteventura.com\/producto\/sudadera-unisex-diseno-medusa\/#primaryimage\"},\"image\":{\"@id\":\"https:\/\/trecepecesfuerteventura.com\/producto\/sudadera-unisex-diseno-medusa\/#primaryimage\"},\"thumbnailUrl\":\"https:\/\/trecepecesfuerteventura.com\/wp-content\/uploads\/2024\/01\/sudadera-medusa-1.png\",\"datePublished\":\"2024-01-29T12:01:46+00:00\",\"dateModified\":\"2025-01-29T11:31:21+00:00\",\"description\":\"Descubre la sudadera de felpa peinada suave con dise\u00f1o de medusa y logo en la manga. Inspirada en Fuerteventura. Si eres amante del mar y de la vida marina, esta sudadera es la elecci\u00f3n ideal.\",\"breadcrumb\":{\"@id\":\"https:\/\/trecepecesfuerteventura.com\/producto\/sudadera-unisex-diseno-medusa\/#breadcrumb\"},\"inLanguage\":\"de\",\"potentialAction\":[{\"@type\":\"ReadAction\",\"target\":[\"https:\/\/trecepecesfuerteventura.com\/producto\/sudadera-unisex-diseno-medusa\/\"]}]},{\"@type\":\"ImageObject\",\"inLanguage\":\"de\",\"@id\":\"https:\/\/trecepecesfuerteventura.com\/producto\/sudadera-unisex-diseno-medusa\/#primaryimage\",\"url\":\"https:\/\/trecepecesfuerteventura.com\/wp-content\/uploads\/2024\/01\/sudadera-medusa-1.png\",\"contentUrl\":\"https:\/\/trecepecesfuerteventura.com\/wp-content\/uploads\/2024\/01\/sudadera-medusa-1.png\",\"width\":838,\"height\":1280},{\"@type\":\"BreadcrumbList\",\"@id\":\"https:\/\/trecepecesfuerteventura.com\/producto\/sudadera-unisex-diseno-medusa\/#breadcrumb\",\"itemListElement\":[{\"@type\":\"ListItem\",\"position\":1,\"name\":\"Portada\",\"item\":\"https:\/\/trecepecesfuerteventura.com\/\"},{\"@type\":\"ListItem\",\"position\":2,\"name\":\"Tienda\",\"item\":\"https:\/\/trecepecesfuerteventura.com\/tienda\/\"},{\"@type\":\"ListItem\",\"position\":3,\"name\":\"Sudadera unisex dise\u00f1o \u00abmedusa\u00bb\"}]},{\"@type\":\"WebSite\",\"@id\":\"https:\/\/trecepecesfuerteventura.com\/#website\",\"url\":\"https:\/\/trecepecesfuerteventura.com\/\",\"name\":\"Trecepeces Fuerteventura\",\"description\":\"Shop &amp; Expo\",\"publisher\":{\"@id\":\"https:\/\/trecepecesfuerteventura.com\/#organization\"},\"potentialAction\":[{\"@type\":\"SearchAction\",\"target\":{\"@type\":\"EntryPoint\",\"urlTemplate\":\"https:\/\/trecepecesfuerteventura.com\/?s={search_term_string}\"},\"query-input\":{\"@type\":\"PropertyValueSpecification\",\"valueRequired\":true,\"valueName\":\"search_term_string\"}}],\"inLanguage\":\"de\"},{\"@type\":\"Organization\",\"@id\":\"https:\/\/trecepecesfuerteventura.com\/#organization\",\"name\":\"Trecepeces Fuerteventura\",\"url\":\"https:\/\/trecepecesfuerteventura.com\/\",\"logo\":{\"@type\":\"ImageObject\",\"inLanguage\":\"de\",\"@id\":\"https:\/\/trecepecesfuerteventura.com\/#\/schema\/logo\/image\/\",\"url\":\"https:\/\/trecepecesfuerteventura.com\/wp-content\/uploads\/2024\/01\/0001-2.png\",\"contentUrl\":\"https:\/\/trecepecesfuerteventura.com\/wp-content\/uploads\/2024\/01\/0001-2.png\",\"width\":2367,\"height\":2122,\"caption\":\"Trecepeces Fuerteventura\"},\"image\":{\"@id\":\"https:\/\/trecepecesfuerteventura.com\/#\/schema\/logo\/image\/\"}}]}<\/script>\n<!-- \/ Yoast SEO plugin. -->","yoast_head_json":{"title":"Sudadera unisex dise\u00f1o \"medusa\" - Trecepeces Fuerteventura","description":"Descubre la sudadera de felpa peinada suave con dise\u00f1o de medusa y logo en la manga. Inspirada en Fuerteventura. Si eres amante del mar y de la vida marina, esta sudadera es la elecci\u00f3n ideal.","robots":{"index":"index","follow":"follow","max-snippet":"max-snippet:-1","max-image-preview":"max-image-preview:large","max-video-preview":"max-video-preview:-1"},"canonical":"https:\/\/trecepecesfuerteventura.com\/de\/produkt\/sudadera-unisex-diseno-medusa\/","og_locale":"de_DE","og_type":"article","og_title":"Sudadera unisex dise\u00f1o \"medusa\" - Trecepeces Fuerteventura","og_description":"Descubre la sudadera de felpa peinada suave con dise\u00f1o de medusa y logo en la manga. Inspirada en Fuerteventura. Si eres amante del mar y de la vida marina, esta sudadera es la elecci\u00f3n ideal.","og_url":"https:\/\/trecepecesfuerteventura.com\/de\/produkt\/sudadera-unisex-diseno-medusa\/","og_site_name":"Trecepeces Fuerteventura","article_modified_time":"2025-01-29T11:31:21+00:00","og_image":[{"width":838,"height":1280,"url":"https:\/\/trecepecesfuerteventura.com\/wp-content\/uploads\/2024\/01\/sudadera-medusa-1.png","type":"image\/png"}],"twitter_card":"summary_large_image","twitter_misc":{"Gesch\u00e4tzte Lesezeit":"1\u00a0Minute"},"schema":{"@context":"https:\/\/schema.org","@graph":[{"@type":"WebPage","@id":"https:\/\/trecepecesfuerteventura.com\/producto\/sudadera-unisex-diseno-medusa\/","url":"https:\/\/trecepecesfuerteventura.com\/producto\/sudadera-unisex-diseno-medusa\/","name":"Sudadera unisex dise\u00f1o \"medusa\" - Trecepeces Fuerteventura","isPartOf":{"@id":"https:\/\/trecepecesfuerteventura.com\/#website"},"primaryImageOfPage":{"@id":"https:\/\/trecepecesfuerteventura.com\/producto\/sudadera-unisex-diseno-medusa\/#primaryimage"},"image":{"@id":"https:\/\/trecepecesfuerteventura.com\/producto\/sudadera-unisex-diseno-medusa\/#primaryimage"},"thumbnailUrl":"https:\/\/trecepecesfuerteventura.com\/wp-content\/uploads\/2024\/01\/sudadera-medusa-1.png","datePublished":"2024-01-29T12:01:46+00:00","dateModified":"2025-01-29T11:31:21+00:00","description":"Descubre la sudadera de felpa peinada suave con dise\u00f1o de medusa y logo en la manga. Inspirada en Fuerteventura. Si eres amante del mar y de la vida marina, esta sudadera es la elecci\u00f3n ideal.","breadcrumb":{"@id":"https:\/\/trecepecesfuerteventura.com\/producto\/sudadera-unisex-diseno-medusa\/#breadcrumb"},"inLanguage":"de","potentialAction":[{"@type":"ReadAction","target":["https:\/\/trecepecesfuerteventura.com\/producto\/sudadera-unisex-diseno-medusa\/"]}]},{"@type":"ImageObject","inLanguage":"de","@id":"https:\/\/trecepecesfuerteventura.com\/producto\/sudadera-unisex-diseno-medusa\/#primaryimage","url":"https:\/\/trecepecesfuerteventura.com\/wp-content\/uploads\/2024\/01\/sudadera-medusa-1.png","contentUrl":"https:\/\/trecepecesfuerteventura.com\/wp-content\/uploads\/2024\/01\/sudadera-medusa-1.png","width":838,"height":1280},{"@type":"BreadcrumbList","@id":"https:\/\/trecepecesfuerteventura.com\/producto\/sudadera-unisex-diseno-medusa\/#breadcrumb","itemListElement":[{"@type":"ListItem","position":1,"name":"Portada","item":"https:\/\/trecepecesfuerteventura.com\/"},{"@type":"ListItem","position":2,"name":"Tienda","item":"https:\/\/trecepecesfuerteventura.com\/tienda\/"},{"@type":"ListItem","position":3,"name":"Sudadera unisex dise\u00f1o \u00abmedusa\u00bb"}]},{"@type":"WebSite","@id":"https:\/\/trecepecesfuerteventura.com\/#website","url":"https:\/\/trecepecesfuerteventura.com\/","name":"Trecepeces Fuerteventura","description":"Gesch\u00e4ft &amp; Ausstellung","publisher":{"@id":"https:\/\/trecepecesfuerteventura.com\/#organization"},"potentialAction":[{"@type":"SearchAction","target":{"@type":"EntryPoint","urlTemplate":"https:\/\/trecepecesfuerteventura.com\/?s={search_term_string}"},"query-input":{"@type":"PropertyValueSpecification","valueRequired":true,"valueName":"search_term_string"}}],"inLanguage":"de"},{"@type":"Organization","@id":"https:\/\/trecepecesfuerteventura.com\/#organization","name":"Trecepeces Fuerteventura","url":"https:\/\/trecepecesfuerteventura.com\/","logo":{"@type":"ImageObject","inLanguage":"de","@id":"https:\/\/trecepecesfuerteventura.com\/#\/schema\/logo\/image\/","url":"https:\/\/trecepecesfuerteventura.com\/wp-content\/uploads\/2024\/01\/0001-2.png","contentUrl":"https:\/\/trecepecesfuerteventura.com\/wp-content\/uploads\/2024\/01\/0001-2.png","width":2367,"height":2122,"caption":"Trecepeces Fuerteventura"},"image":{"@id":"https:\/\/trecepecesfuerteventura.com\/#\/schema\/logo\/image\/"}}]}},"_links":{"self":[{"href":"https:\/\/trecepecesfuerteventura.com\/de\/wp-json\/wp\/v2\/product\/342","targetHints":{"allow":["GET"]}}],"collection":[{"href":"https:\/\/trecepecesfuerteventura.com\/de\/wp-json\/wp\/v2\/product"}],"about":[{"href":"https:\/\/trecepecesfuerteventura.com\/de\/wp-json\/wp\/v2\/types\/product"}],"replies":[{"embeddable":true,"href":"https:\/\/trecepecesfuerteventura.com\/de\/wp-json\/wp\/v2\/comments?post=342"}],"wp:featuredmedia":[{"embeddable":true,"href":"https:\/\/trecepecesfuerteventura.com\/de\/wp-json\/wp\/v2\/media\/631"}],"wp:attachment":[{"href":"https:\/\/trecepecesfuerteventura.com\/de\/wp-json\/wp\/v2\/media?parent=342"}],"wp:term":[{"taxonomy":"product_brand","embeddable":true,"href":"https:\/\/trecepecesfuerteventura.com\/de\/wp-json\/wp\/v2\/product_brand?post=342"},{"taxonomy":"product_cat","embeddable":true,"href":"https:\/\/trecepecesfuerteventura.com\/de\/wp-json\/wp\/v2\/product_cat?post=342"},{"taxonomy":"product_tag","embeddable":true,"href":"https:\/\/trecepecesfuerteventura.com\/de\/wp-json\/wp\/v2\/product_tag?post=342"}],"curies":[{"name":"wp","href":"https:\/\/api.w.org\/{rel}","templated":true}]}}