{"id":948,"date":"2024-11-11T11:40:04","date_gmt":"2024-11-11T10:40:04","guid":{"rendered":"https:\/\/trecepecesfuerteventura.com\/?post_type=product&#038;p=948"},"modified":"2025-01-28T21:00:20","modified_gmt":"2025-01-28T20:00:20","slug":"pendientes-estrella-mar-acero-fuerteventura","status":"publish","type":"product","link":"https:\/\/trecepecesfuerteventura.com\/de\/produkt\/pendientes-estrella-mar-acero-fuerteventura\/","title":{"rendered":"Seestern-Ohrringe"},"content":{"rendered":"<h3><strong>Seestern-Ohrringe: Design inspiriert durch das Meer von Fuerteventura.<\/strong><br \/>\nEntdecken Sie die Magie des Ozeans mit unserem <em>Seestern-Ohrringe<\/em>ein einzigartiges Design aus hochwertigem Edelstahl. Inspiriert von der marinen Artenvielfalt Fuerteventuras. Perfekte Ohrringe f\u00fcr alle, die auf der Suche nach langlebigen, hypoallergenen und stilvollen Accessoires sind.<\/h3>\n<h3><strong>Leichtigkeit und Kraft mit einem Hauch von Eleganz.<\/strong><br \/>\nAus rostfreiem Stahl gefertigt, bieten sie einen Glanz, der \u00fcber lange Zeit erhalten bleibt. Sie sind ideal f\u00fcr den t\u00e4glichen Gebrauch dank ihres hypoallergenen Materials, das selbst die empfindlichste Haut pflegt.<\/h3>\n<h4><strong>Das perfekte Geschenk f\u00fcr Meeresliebhaber<\/strong><\/h4>\n<ul>\n<li>\n<h4><strong>Exklusives Design:<\/strong> Inspiriert von den Seesternen, die vor der K\u00fcste Fuerteventuras leben.<\/h4>\n<\/li>\n<li>\n<h4><strong>Hohe Qualit\u00e4t:<\/strong> Das Material aus rostfreiem Stahl garantiert Langlebigkeit.<\/h4>\n<\/li>\n<li>\n<h4><strong>Vielseitigkeit:<\/strong> Perfekt f\u00fcr legere und elegante Looks.<\/h4>\n<\/li>\n<\/ul>\n<h4><strong>Sie unterst\u00fctzt nachhaltiges und lokales Design.<\/strong><br \/>\nUnser <em>Seestern-Ohrringe<\/em> sollen die Verbundenheit mit dem Meer, das Engagement f\u00fcr Nachhaltigkeit und die Liebe zur Natur widerspiegeln. Tragen Sie sie als einzigartiges Andenken an eine Reise auf die Insel oder verschenken Sie sie an einen besonderen Menschen.<\/h4>\n<h4>Erfahren Sie mehr \u00fcber die Sterne, die unser Design inspirieren, <a href=\"https:\/\/www3.gobiernodecanarias.org\/medusa\/ecoescuela\/recursosdigitales\/coleccion\/fauna-marina-canaria\/\">besuchen Sie diese Seite \u00fcber Quallen und die Meeresfauna von Fuerteventura<\/a>.<\/h4>\n<h4>Obwohl sie gelegentlich nass werden kann, empfehlen wir, sie nicht in Duschen, Schwimmb\u00e4dern oder im Meer zu benutzen, um sie optimal zu pflegen. Wenn Sie ihn zu sehr dem Wasser aussetzen, kann er seine Vergoldung verlieren. In diesem Fall wird sie die Farbe von Messing behalten. Aus demselben Grund sollten Sie sie auch nicht mit Chemikalien wie K\u00f6lnisch Wasser in Ber\u00fchrung bringen.<\/h4>","protected":false},"excerpt":{"rendered":"<h4>Seestern-Ohrringe aus Edelstahl, inspiriert von Fuerteventura. Exklusives Design, hypoallergen und perfekt als Geschenk oder einzigartiges Souvenir.<\/h4>","protected":false},"featured_media":982,"comment_status":"open","ping_status":"closed","template":"","meta":{"_joinchat":[]},"product_brand":[],"product_cat":[57,72],"product_tag":[],"class_list":{"0":"post-948","1":"product","2":"type-product","3":"status-publish","4":"has-post-thumbnail","6":"product_cat-colgante","7":"product_cat-pendientes","9":"first","10":"instock","11":"purchasable","12":"product-type-variable"},"yoast_head":"<!-- This site is optimized with the Yoast SEO plugin v26.8 - https:\/\/yoast.com\/product\/yoast-seo-wordpress\/ -->\n<title>Pendientes de estrella de mar - Trecepeces Fuerteventura<\/title>\n<meta name=\"description\" content=\"A\u00f1ade un toque marino a tu estilo con estos pendientes de estrella de mar de acero inoxidable. Resistentes, elegantes y perfectos para cualquier ocasi\u00f3n. Dise\u00f1o exclusivo, hipoalerg\u00e9nicos y perfectos como regalo o recuerdo \u00fanico\" \/>\n<meta name=\"robots\" content=\"index, follow, max-snippet:-1, max-image-preview:large, max-video-preview:-1\" \/>\n<link rel=\"canonical\" href=\"https:\/\/trecepecesfuerteventura.com\/de\/produkt\/pendientes-estrella-mar-acero-fuerteventura\/\" \/>\n<meta property=\"og:locale\" content=\"de_DE\" \/>\n<meta property=\"og:type\" content=\"article\" \/>\n<meta property=\"og:title\" content=\"Pendientes de estrella de mar - Trecepeces Fuerteventura\" \/>\n<meta property=\"og:description\" content=\"A\u00f1ade un toque marino a tu estilo con estos pendientes de estrella de mar de acero inoxidable. Resistentes, elegantes y perfectos para cualquier ocasi\u00f3n. Dise\u00f1o exclusivo, hipoalerg\u00e9nicos y perfectos como regalo o recuerdo \u00fanico\" \/>\n<meta property=\"og:url\" content=\"https:\/\/trecepecesfuerteventura.com\/de\/produkt\/pendientes-estrella-mar-acero-fuerteventura\/\" \/>\n<meta property=\"og:site_name\" content=\"Trecepeces Fuerteventura\" \/>\n<meta property=\"article:modified_time\" content=\"2025-01-28T20:00:20+00:00\" \/>\n<meta property=\"og:image\" content=\"https:\/\/trecepecesfuerteventura.com\/wp-content\/uploads\/2024\/11\/20250124_103010-scaled.jpg\" \/>\n\t<meta property=\"og:image:width\" content=\"2111\" \/>\n\t<meta property=\"og:image:height\" content=\"2560\" \/>\n\t<meta property=\"og:image:type\" content=\"image\/jpeg\" \/>\n<meta name=\"twitter:card\" content=\"summary_large_image\" \/>\n<meta name=\"twitter:label1\" content=\"Gesch\u00e4tzte Lesezeit\" \/>\n\t<meta name=\"twitter:data1\" content=\"2\u00a0Minuten\" \/>\n<script type=\"application\/ld+json\" class=\"yoast-schema-graph\">{\"@context\":\"https:\/\/schema.org\",\"@graph\":[{\"@type\":\"WebPage\",\"@id\":\"https:\/\/trecepecesfuerteventura.com\/producto\/pendientes-estrella-mar-acero-fuerteventura\/\",\"url\":\"https:\/\/trecepecesfuerteventura.com\/producto\/pendientes-estrella-mar-acero-fuerteventura\/\",\"name\":\"Pendientes de estrella de mar - Trecepeces Fuerteventura\",\"isPartOf\":{\"@id\":\"https:\/\/trecepecesfuerteventura.com\/#website\"},\"primaryImageOfPage\":{\"@id\":\"https:\/\/trecepecesfuerteventura.com\/producto\/pendientes-estrella-mar-acero-fuerteventura\/#primaryimage\"},\"image\":{\"@id\":\"https:\/\/trecepecesfuerteventura.com\/producto\/pendientes-estrella-mar-acero-fuerteventura\/#primaryimage\"},\"thumbnailUrl\":\"https:\/\/trecepecesfuerteventura.com\/wp-content\/uploads\/2024\/11\/20250124_103010-scaled.jpg\",\"datePublished\":\"2024-11-11T10:40:04+00:00\",\"dateModified\":\"2025-01-28T20:00:20+00:00\",\"description\":\"A\u00f1ade un toque marino a tu estilo con estos pendientes de estrella de mar de acero inoxidable. Resistentes, elegantes y perfectos para cualquier ocasi\u00f3n. Dise\u00f1o exclusivo, hipoalerg\u00e9nicos y perfectos como regalo o recuerdo \u00fanico\",\"breadcrumb\":{\"@id\":\"https:\/\/trecepecesfuerteventura.com\/producto\/pendientes-estrella-mar-acero-fuerteventura\/#breadcrumb\"},\"inLanguage\":\"de\",\"potentialAction\":[{\"@type\":\"ReadAction\",\"target\":[\"https:\/\/trecepecesfuerteventura.com\/producto\/pendientes-estrella-mar-acero-fuerteventura\/\"]}]},{\"@type\":\"ImageObject\",\"inLanguage\":\"de\",\"@id\":\"https:\/\/trecepecesfuerteventura.com\/producto\/pendientes-estrella-mar-acero-fuerteventura\/#primaryimage\",\"url\":\"https:\/\/trecepecesfuerteventura.com\/wp-content\/uploads\/2024\/11\/20250124_103010-scaled.jpg\",\"contentUrl\":\"https:\/\/trecepecesfuerteventura.com\/wp-content\/uploads\/2024\/11\/20250124_103010-scaled.jpg\",\"width\":2111,\"height\":2560,\"caption\":\"Pendientes de estrella de mar de acero inoxidable, perfectos como recuerdo de Fuerteventura\"},{\"@type\":\"BreadcrumbList\",\"@id\":\"https:\/\/trecepecesfuerteventura.com\/producto\/pendientes-estrella-mar-acero-fuerteventura\/#breadcrumb\",\"itemListElement\":[{\"@type\":\"ListItem\",\"position\":1,\"name\":\"Portada\",\"item\":\"https:\/\/trecepecesfuerteventura.com\/\"},{\"@type\":\"ListItem\",\"position\":2,\"name\":\"Tienda\",\"item\":\"https:\/\/trecepecesfuerteventura.com\/tienda\/\"},{\"@type\":\"ListItem\",\"position\":3,\"name\":\"Pendientes de estrella de mar\"}]},{\"@type\":\"WebSite\",\"@id\":\"https:\/\/trecepecesfuerteventura.com\/#website\",\"url\":\"https:\/\/trecepecesfuerteventura.com\/\",\"name\":\"Trecepeces Fuerteventura\",\"description\":\"Shop &amp; Expo\",\"publisher\":{\"@id\":\"https:\/\/trecepecesfuerteventura.com\/#organization\"},\"potentialAction\":[{\"@type\":\"SearchAction\",\"target\":{\"@type\":\"EntryPoint\",\"urlTemplate\":\"https:\/\/trecepecesfuerteventura.com\/?s={search_term_string}\"},\"query-input\":{\"@type\":\"PropertyValueSpecification\",\"valueRequired\":true,\"valueName\":\"search_term_string\"}}],\"inLanguage\":\"de\"},{\"@type\":\"Organization\",\"@id\":\"https:\/\/trecepecesfuerteventura.com\/#organization\",\"name\":\"Trecepeces Fuerteventura\",\"url\":\"https:\/\/trecepecesfuerteventura.com\/\",\"logo\":{\"@type\":\"ImageObject\",\"inLanguage\":\"de\",\"@id\":\"https:\/\/trecepecesfuerteventura.com\/#\/schema\/logo\/image\/\",\"url\":\"https:\/\/trecepecesfuerteventura.com\/wp-content\/uploads\/2024\/01\/0001-2.png\",\"contentUrl\":\"https:\/\/trecepecesfuerteventura.com\/wp-content\/uploads\/2024\/01\/0001-2.png\",\"width\":2367,\"height\":2122,\"caption\":\"Trecepeces Fuerteventura\"},\"image\":{\"@id\":\"https:\/\/trecepecesfuerteventura.com\/#\/schema\/logo\/image\/\"}}]}<\/script>\n<!-- \/ Yoast SEO plugin. -->","yoast_head_json":{"title":"Pendientes de estrella de mar - Trecepeces Fuerteventura","description":"A\u00f1ade un toque marino a tu estilo con estos pendientes de estrella de mar de acero inoxidable. Resistentes, elegantes y perfectos para cualquier ocasi\u00f3n. Dise\u00f1o exclusivo, hipoalerg\u00e9nicos y perfectos como regalo o recuerdo \u00fanico","robots":{"index":"index","follow":"follow","max-snippet":"max-snippet:-1","max-image-preview":"max-image-preview:large","max-video-preview":"max-video-preview:-1"},"canonical":"https:\/\/trecepecesfuerteventura.com\/de\/produkt\/pendientes-estrella-mar-acero-fuerteventura\/","og_locale":"de_DE","og_type":"article","og_title":"Pendientes de estrella de mar - Trecepeces Fuerteventura","og_description":"A\u00f1ade un toque marino a tu estilo con estos pendientes de estrella de mar de acero inoxidable. Resistentes, elegantes y perfectos para cualquier ocasi\u00f3n. Dise\u00f1o exclusivo, hipoalerg\u00e9nicos y perfectos como regalo o recuerdo \u00fanico","og_url":"https:\/\/trecepecesfuerteventura.com\/de\/produkt\/pendientes-estrella-mar-acero-fuerteventura\/","og_site_name":"Trecepeces Fuerteventura","article_modified_time":"2025-01-28T20:00:20+00:00","og_image":[{"width":2111,"height":2560,"url":"https:\/\/trecepecesfuerteventura.com\/wp-content\/uploads\/2024\/11\/20250124_103010-scaled.jpg","type":"image\/jpeg"}],"twitter_card":"summary_large_image","twitter_misc":{"Gesch\u00e4tzte Lesezeit":"2\u00a0Minuten"},"schema":{"@context":"https:\/\/schema.org","@graph":[{"@type":"WebPage","@id":"https:\/\/trecepecesfuerteventura.com\/producto\/pendientes-estrella-mar-acero-fuerteventura\/","url":"https:\/\/trecepecesfuerteventura.com\/producto\/pendientes-estrella-mar-acero-fuerteventura\/","name":"Pendientes de estrella de mar - Trecepeces Fuerteventura","isPartOf":{"@id":"https:\/\/trecepecesfuerteventura.com\/#website"},"primaryImageOfPage":{"@id":"https:\/\/trecepecesfuerteventura.com\/producto\/pendientes-estrella-mar-acero-fuerteventura\/#primaryimage"},"image":{"@id":"https:\/\/trecepecesfuerteventura.com\/producto\/pendientes-estrella-mar-acero-fuerteventura\/#primaryimage"},"thumbnailUrl":"https:\/\/trecepecesfuerteventura.com\/wp-content\/uploads\/2024\/11\/20250124_103010-scaled.jpg","datePublished":"2024-11-11T10:40:04+00:00","dateModified":"2025-01-28T20:00:20+00:00","description":"A\u00f1ade un toque marino a tu estilo con estos pendientes de estrella de mar de acero inoxidable. Resistentes, elegantes y perfectos para cualquier ocasi\u00f3n. Dise\u00f1o exclusivo, hipoalerg\u00e9nicos y perfectos como regalo o recuerdo \u00fanico","breadcrumb":{"@id":"https:\/\/trecepecesfuerteventura.com\/producto\/pendientes-estrella-mar-acero-fuerteventura\/#breadcrumb"},"inLanguage":"de","potentialAction":[{"@type":"ReadAction","target":["https:\/\/trecepecesfuerteventura.com\/producto\/pendientes-estrella-mar-acero-fuerteventura\/"]}]},{"@type":"ImageObject","inLanguage":"de","@id":"https:\/\/trecepecesfuerteventura.com\/producto\/pendientes-estrella-mar-acero-fuerteventura\/#primaryimage","url":"https:\/\/trecepecesfuerteventura.com\/wp-content\/uploads\/2024\/11\/20250124_103010-scaled.jpg","contentUrl":"https:\/\/trecepecesfuerteventura.com\/wp-content\/uploads\/2024\/11\/20250124_103010-scaled.jpg","width":2111,"height":2560,"caption":"Pendientes de estrella de mar de acero inoxidable, perfectos como recuerdo de Fuerteventura"},{"@type":"BreadcrumbList","@id":"https:\/\/trecepecesfuerteventura.com\/producto\/pendientes-estrella-mar-acero-fuerteventura\/#breadcrumb","itemListElement":[{"@type":"ListItem","position":1,"name":"Portada","item":"https:\/\/trecepecesfuerteventura.com\/"},{"@type":"ListItem","position":2,"name":"Tienda","item":"https:\/\/trecepecesfuerteventura.com\/tienda\/"},{"@type":"ListItem","position":3,"name":"Pendientes de estrella de mar"}]},{"@type":"WebSite","@id":"https:\/\/trecepecesfuerteventura.com\/#website","url":"https:\/\/trecepecesfuerteventura.com\/","name":"Trecepeces Fuerteventura","description":"Gesch\u00e4ft &amp; Ausstellung","publisher":{"@id":"https:\/\/trecepecesfuerteventura.com\/#organization"},"potentialAction":[{"@type":"SearchAction","target":{"@type":"EntryPoint","urlTemplate":"https:\/\/trecepecesfuerteventura.com\/?s={search_term_string}"},"query-input":{"@type":"PropertyValueSpecification","valueRequired":true,"valueName":"search_term_string"}}],"inLanguage":"de"},{"@type":"Organization","@id":"https:\/\/trecepecesfuerteventura.com\/#organization","name":"Trecepeces Fuerteventura","url":"https:\/\/trecepecesfuerteventura.com\/","logo":{"@type":"ImageObject","inLanguage":"de","@id":"https:\/\/trecepecesfuerteventura.com\/#\/schema\/logo\/image\/","url":"https:\/\/trecepecesfuerteventura.com\/wp-content\/uploads\/2024\/01\/0001-2.png","contentUrl":"https:\/\/trecepecesfuerteventura.com\/wp-content\/uploads\/2024\/01\/0001-2.png","width":2367,"height":2122,"caption":"Trecepeces Fuerteventura"},"image":{"@id":"https:\/\/trecepecesfuerteventura.com\/#\/schema\/logo\/image\/"}}]}},"_links":{"self":[{"href":"https:\/\/trecepecesfuerteventura.com\/de\/wp-json\/wp\/v2\/product\/948","targetHints":{"allow":["GET"]}}],"collection":[{"href":"https:\/\/trecepecesfuerteventura.com\/de\/wp-json\/wp\/v2\/product"}],"about":[{"href":"https:\/\/trecepecesfuerteventura.com\/de\/wp-json\/wp\/v2\/types\/product"}],"replies":[{"embeddable":true,"href":"https:\/\/trecepecesfuerteventura.com\/de\/wp-json\/wp\/v2\/comments?post=948"}],"wp:featuredmedia":[{"embeddable":true,"href":"https:\/\/trecepecesfuerteventura.com\/de\/wp-json\/wp\/v2\/media\/982"}],"wp:attachment":[{"href":"https:\/\/trecepecesfuerteventura.com\/de\/wp-json\/wp\/v2\/media?parent=948"}],"wp:term":[{"taxonomy":"product_brand","embeddable":true,"href":"https:\/\/trecepecesfuerteventura.com\/de\/wp-json\/wp\/v2\/product_brand?post=948"},{"taxonomy":"product_cat","embeddable":true,"href":"https:\/\/trecepecesfuerteventura.com\/de\/wp-json\/wp\/v2\/product_cat?post=948"},{"taxonomy":"product_tag","embeddable":true,"href":"https:\/\/trecepecesfuerteventura.com\/de\/wp-json\/wp\/v2\/product_tag?post=948"}],"curies":[{"name":"wp","href":"https:\/\/api.w.org\/{rel}","templated":true}]}}