{"id":969,"date":"2025-01-24T14:28:10","date_gmt":"2025-01-24T13:28:10","guid":{"rendered":"https:\/\/trecepecesfuerteventura.com\/?post_type=product&#038;p=969"},"modified":"2025-09-08T02:04:36","modified_gmt":"2025-09-08T00:04:36","slug":"pendientes-de-medusa-diseno-inspirado-en-el-mar-de-fuerteventura-con-enganche-aro-o-gancho","status":"publish","type":"product","link":"https:\/\/trecepecesfuerteventura.com\/de\/produkt\/pendientes-de-medusa-diseno-inspirado-en-el-mar-de-fuerteventura-con-enganche-aro-o-gancho\/","title":{"rendered":"Medusa Ohrringe - Design inspiriert durch das Meer von Fuerteventura (mit Haken oder Hakenclip)"},"content":{"rendered":"<h3><strong>Ohrringe inspiriert durch das Meer von Fuerteventura: exklusives und handgefertigtes Design<\/strong><\/h3>\n<h3>Entdecken Sie die Sch\u00f6nheit und Eleganz unserer <em>Ohrringe inspiriert durch das Meer von Fuerteventura<\/em>. Diese Ohrringe wurden von Hand entworfen und zusammengesetzt und fangen die Meeresbiodiversit\u00e4t der Insel ein. Sie eignen sich perfekt als einzigartiges Souvenir oder besonderes Geschenk f\u00fcr alle, die das Meer lieben.<\/h3>\n<h4><strong>W\u00e4hlen Sie Ihren Stil, es ist<\/strong>Die Ohrringe sind mit zwei Befestigungsm\u00f6glichkeiten erh\u00e4ltlich:<\/h4>\n<ul>\n<li>\n<h4><strong>Runde Reifen<\/strong>ideal f\u00fcr alle, die eine moderne und anspruchsvolle Note suchen.<\/h4>\n<\/li>\n<li>\n<h4><strong>Klassische Haken<\/strong>perfekt f\u00fcr den bequemen, t\u00e4glichen Gebrauch.<\/h4>\n<\/li>\n<\/ul>\n<h4><strong>Leichtigkeit, Qualit\u00e4t und Nachhaltigkeit.<\/strong> Unsere Ohrringe sind aus hochwertigen, hypoallergenen Materialien gefertigt, leicht und den ganzen Tag \u00fcber bequem zu tragen. Jedes St\u00fcck spiegelt unser Engagement f\u00fcr Nachhaltigkeit und lokales Design wider und ist damit ein unverzichtbares Accessoire f\u00fcr jeden Meeresliebhaber.<\/h4>\n<p><strong>Warum sollten Sie unsere Quallen-Ohrringe w\u00e4hlen?<\/strong><\/p>\n<ul>\n<li>\n<h4><strong>Originelles Design<\/strong> inspiriert von der Meeresfauna Fuerteventuras.<\/h4>\n<\/li>\n<li>\n<h4>Entwurf und Montage, um eine einzigartige Ausf\u00fchrung zu garantieren.<\/h4>\n<\/li>\n<li>\n<h4>Ideal als Andenken an Ihre Abenteuer auf Fuerteventura oder als besonderes Geschenk f\u00fcr einen lieben Menschen.<\/h4>\n<\/li>\n<\/ul>\n<h4>Unterst\u00fctzen Sie den lokalen Handel mit unserem <em>Quallen-Ohrringe, inspiriert vom Meer Fuerteventuras<\/em>. Jedes St\u00fcck soll eine Verbindung zu Ihnen und zur Natur herstellen.<\/h4>\n<h4>Erfahren Sie mehr \u00fcber die Quallen, die unser Design inspirieren, <a href=\"https:\/\/www3.gobiernodecanarias.org\/medusa\/ecoescuela\/recursosdigitales\/coleccion\/fauna-marina-canaria\/\">besuchen Sie diese Seite \u00fcber Quallen und die Meeresfauna von Fuerteventura<\/a>.<\/h4>\n<h4>Obwohl sie gelegentlich nass werden kann, empfehlen wir, sie nicht in Duschen, Schwimmb\u00e4dern oder im Meer zu benutzen, um sie optimal zu pflegen. Wenn Sie ihn zu sehr dem Wasser aussetzen, kann er seine Vergoldung verlieren. In diesem Fall wird sie die Farbe von Messing behalten. Aus demselben Grund sollten Sie sie auch nicht mit Chemikalien wie K\u00f6lnisch Wasser in Ber\u00fchrung bringen.<\/h4>","protected":false},"excerpt":{"rendered":"<p>Hergestellt aus hochwertigen, hypoallergenen Materialien. Leicht und angenehm zu tragen. Jedes St\u00fcck spiegelt unser Engagement f\u00fcr Nachhaltigkeit und lokales Design wider. Ein ideales Geschenk oder Reisesouvenir f\u00fcr Meeresliebhaber.<\/p>","protected":false},"featured_media":971,"comment_status":"open","ping_status":"closed","template":"","meta":{"_joinchat":[]},"product_brand":[],"product_cat":[57,72],"product_tag":[75,78,74,80,77,79,76],"class_list":{"0":"post-969","1":"product","2":"type-product","3":"status-publish","4":"has-post-thumbnail","6":"product_cat-colgante","7":"product_cat-pendientes","8":"product_tag-disenos-hechos-a-mano","9":"product_tag-joyeria-hipoalergica","10":"product_tag-pendiente","11":"product_tag-recuerdos-de-fuerteventura","12":"product_tag-regalos-originales","13":"product_tag-regalos-unicos-para-viajeros","14":"product_tag-souvenirs-fuertevenrtura","16":"first","17":"instock","18":"purchasable","19":"product-type-variable"},"yoast_head":"<!-- This site is optimized with the Yoast SEO plugin v26.8 - https:\/\/yoast.com\/product\/yoast-seo-wordpress\/ -->\n<title>Pendientes de Medusa - Dise\u00f1o inspirado en el mar de Fuerteventura (con enganche Aro o Gancho) - Trecepeces Fuerteventura<\/title>\n<meta name=\"description\" content=\"Originales y elegantes Pendientes de Medusa, inspirados en la biodiversidad marina de Fuerteventura. Montaje propio. Estos pendientes est\u00e1n disponibles con dos opciones de enganche: aros redondos en lat\u00f3n con ba\u00f1o dorado para un estilo sofisticado o ganchos cl\u00e1sicos en acero inoxidable para una comodidad diaria. Dise\u00f1ados pensando en los amantes de los oc\u00e9anos, los Pendientes de Medusa son un recuerdo perfecto de tu viaje en la isla. Ideales para regalar o complementar cualquier look. Material: lat\u00f3n y acero inoxidable, hipoalerg\u00e9nico. Peso ligero y c\u00f3modo. Opci\u00f3n de enganche: Aro o gancho. Inspirados en la fauna marina de Fuerteventura. Por qu\u00e9 elegirnos: Comprar estos pendientes es apoyar el comercio local, la sostenibilidad y llevar contigo contigo un recuerdo de tu viaje a la isla.\" \/>\n<meta name=\"robots\" content=\"index, follow, max-snippet:-1, max-image-preview:large, max-video-preview:-1\" \/>\n<link rel=\"canonical\" href=\"https:\/\/trecepecesfuerteventura.com\/de\/produkt\/pendientes-de-medusa-diseno-inspirado-en-el-mar-de-fuerteventura-con-enganche-aro-o-gancho\/\" \/>\n<meta property=\"og:locale\" content=\"de_DE\" \/>\n<meta property=\"og:type\" content=\"article\" \/>\n<meta property=\"og:title\" content=\"Pendientes de Medusa - Dise\u00f1o inspirado en el mar de Fuerteventura (con enganche Aro o Gancho) - Trecepeces Fuerteventura\" \/>\n<meta property=\"og:description\" content=\"Originales y elegantes Pendientes de Medusa, inspirados en la biodiversidad marina de Fuerteventura. Montaje propio. Estos pendientes est\u00e1n disponibles con dos opciones de enganche: aros redondos en lat\u00f3n con ba\u00f1o dorado para un estilo sofisticado o ganchos cl\u00e1sicos en acero inoxidable para una comodidad diaria. Dise\u00f1ados pensando en los amantes de los oc\u00e9anos, los Pendientes de Medusa son un recuerdo perfecto de tu viaje en la isla. Ideales para regalar o complementar cualquier look. Material: lat\u00f3n y acero inoxidable, hipoalerg\u00e9nico. Peso ligero y c\u00f3modo. Opci\u00f3n de enganche: Aro o gancho. Inspirados en la fauna marina de Fuerteventura. Por qu\u00e9 elegirnos: Comprar estos pendientes es apoyar el comercio local, la sostenibilidad y llevar contigo contigo un recuerdo de tu viaje a la isla.\" \/>\n<meta property=\"og:url\" content=\"https:\/\/trecepecesfuerteventura.com\/de\/produkt\/pendientes-de-medusa-diseno-inspirado-en-el-mar-de-fuerteventura-con-enganche-aro-o-gancho\/\" \/>\n<meta property=\"og:site_name\" content=\"Trecepeces Fuerteventura\" \/>\n<meta property=\"article:modified_time\" content=\"2025-09-08T00:04:36+00:00\" \/>\n<meta property=\"og:image\" content=\"https:\/\/trecepecesfuerteventura.com\/wp-content\/uploads\/2025\/01\/20250124_101746-scaled.jpg\" \/>\n\t<meta property=\"og:image:width\" content=\"1481\" \/>\n\t<meta property=\"og:image:height\" content=\"2560\" \/>\n\t<meta property=\"og:image:type\" content=\"image\/jpeg\" \/>\n<meta name=\"twitter:card\" content=\"summary_large_image\" \/>\n<meta name=\"twitter:label1\" content=\"Gesch\u00e4tzte Lesezeit\" \/>\n\t<meta name=\"twitter:data1\" content=\"2\u00a0Minuten\" \/>\n<script type=\"application\/ld+json\" class=\"yoast-schema-graph\">{\"@context\":\"https:\/\/schema.org\",\"@graph\":[{\"@type\":\"WebPage\",\"@id\":\"https:\/\/trecepecesfuerteventura.com\/producto\/pendientes-de-medusa-diseno-inspirado-en-el-mar-de-fuerteventura-con-enganche-aro-o-gancho\/\",\"url\":\"https:\/\/trecepecesfuerteventura.com\/producto\/pendientes-de-medusa-diseno-inspirado-en-el-mar-de-fuerteventura-con-enganche-aro-o-gancho\/\",\"name\":\"Pendientes de Medusa - Dise\u00f1o inspirado en el mar de Fuerteventura (con enganche Aro o Gancho) - Trecepeces Fuerteventura\",\"isPartOf\":{\"@id\":\"https:\/\/trecepecesfuerteventura.com\/#website\"},\"primaryImageOfPage\":{\"@id\":\"https:\/\/trecepecesfuerteventura.com\/producto\/pendientes-de-medusa-diseno-inspirado-en-el-mar-de-fuerteventura-con-enganche-aro-o-gancho\/#primaryimage\"},\"image\":{\"@id\":\"https:\/\/trecepecesfuerteventura.com\/producto\/pendientes-de-medusa-diseno-inspirado-en-el-mar-de-fuerteventura-con-enganche-aro-o-gancho\/#primaryimage\"},\"thumbnailUrl\":\"https:\/\/trecepecesfuerteventura.com\/wp-content\/uploads\/2025\/01\/20250124_101746-scaled.jpg\",\"datePublished\":\"2025-01-24T13:28:10+00:00\",\"dateModified\":\"2025-09-08T00:04:36+00:00\",\"description\":\"Originales y elegantes Pendientes de Medusa, inspirados en la biodiversidad marina de Fuerteventura. Montaje propio. Estos pendientes est\u00e1n disponibles con dos opciones de enganche: aros redondos en lat\u00f3n con ba\u00f1o dorado para un estilo sofisticado o ganchos cl\u00e1sicos en acero inoxidable para una comodidad diaria. Dise\u00f1ados pensando en los amantes de los oc\u00e9anos, los Pendientes de Medusa son un recuerdo perfecto de tu viaje en la isla. Ideales para regalar o complementar cualquier look. Material: lat\u00f3n y acero inoxidable, hipoalerg\u00e9nico. Peso ligero y c\u00f3modo. Opci\u00f3n de enganche: Aro o gancho. Inspirados en la fauna marina de Fuerteventura. Por qu\u00e9 elegirnos: Comprar estos pendientes es apoyar el comercio local, la sostenibilidad y llevar contigo contigo un recuerdo de tu viaje a la isla.\",\"breadcrumb\":{\"@id\":\"https:\/\/trecepecesfuerteventura.com\/producto\/pendientes-de-medusa-diseno-inspirado-en-el-mar-de-fuerteventura-con-enganche-aro-o-gancho\/#breadcrumb\"},\"inLanguage\":\"de\",\"potentialAction\":[{\"@type\":\"ReadAction\",\"target\":[\"https:\/\/trecepecesfuerteventura.com\/producto\/pendientes-de-medusa-diseno-inspirado-en-el-mar-de-fuerteventura-con-enganche-aro-o-gancho\/\"]}]},{\"@type\":\"ImageObject\",\"inLanguage\":\"de\",\"@id\":\"https:\/\/trecepecesfuerteventura.com\/producto\/pendientes-de-medusa-diseno-inspirado-en-el-mar-de-fuerteventura-con-enganche-aro-o-gancho\/#primaryimage\",\"url\":\"https:\/\/trecepecesfuerteventura.com\/wp-content\/uploads\/2025\/01\/20250124_101746-scaled.jpg\",\"contentUrl\":\"https:\/\/trecepecesfuerteventura.com\/wp-content\/uploads\/2025\/01\/20250124_101746-scaled.jpg\",\"width\":1481,\"height\":2560,\"caption\":\"Pendientes de medusa disponibles con enganche aro o gancho, inspirados en la biodiversidad marina de Fuerteventura.\"},{\"@type\":\"BreadcrumbList\",\"@id\":\"https:\/\/trecepecesfuerteventura.com\/producto\/pendientes-de-medusa-diseno-inspirado-en-el-mar-de-fuerteventura-con-enganche-aro-o-gancho\/#breadcrumb\",\"itemListElement\":[{\"@type\":\"ListItem\",\"position\":1,\"name\":\"Portada\",\"item\":\"https:\/\/trecepecesfuerteventura.com\/\"},{\"@type\":\"ListItem\",\"position\":2,\"name\":\"Tienda\",\"item\":\"https:\/\/trecepecesfuerteventura.com\/tienda\/\"},{\"@type\":\"ListItem\",\"position\":3,\"name\":\"Pendientes de Medusa &#8211; Dise\u00f1o inspirado en el mar de Fuerteventura (con enganche Aro o Gancho)\"}]},{\"@type\":\"WebSite\",\"@id\":\"https:\/\/trecepecesfuerteventura.com\/#website\",\"url\":\"https:\/\/trecepecesfuerteventura.com\/\",\"name\":\"Trecepeces Fuerteventura\",\"description\":\"Shop &amp; Expo\",\"publisher\":{\"@id\":\"https:\/\/trecepecesfuerteventura.com\/#organization\"},\"potentialAction\":[{\"@type\":\"SearchAction\",\"target\":{\"@type\":\"EntryPoint\",\"urlTemplate\":\"https:\/\/trecepecesfuerteventura.com\/?s={search_term_string}\"},\"query-input\":{\"@type\":\"PropertyValueSpecification\",\"valueRequired\":true,\"valueName\":\"search_term_string\"}}],\"inLanguage\":\"de\"},{\"@type\":\"Organization\",\"@id\":\"https:\/\/trecepecesfuerteventura.com\/#organization\",\"name\":\"Trecepeces Fuerteventura\",\"url\":\"https:\/\/trecepecesfuerteventura.com\/\",\"logo\":{\"@type\":\"ImageObject\",\"inLanguage\":\"de\",\"@id\":\"https:\/\/trecepecesfuerteventura.com\/#\/schema\/logo\/image\/\",\"url\":\"https:\/\/trecepecesfuerteventura.com\/wp-content\/uploads\/2024\/01\/0001-2.png\",\"contentUrl\":\"https:\/\/trecepecesfuerteventura.com\/wp-content\/uploads\/2024\/01\/0001-2.png\",\"width\":2367,\"height\":2122,\"caption\":\"Trecepeces Fuerteventura\"},\"image\":{\"@id\":\"https:\/\/trecepecesfuerteventura.com\/#\/schema\/logo\/image\/\"}}]}<\/script>\n<!-- \/ Yoast SEO plugin. -->","yoast_head_json":{"title":"Pendientes de Medusa - Dise\u00f1o inspirado en el mar de Fuerteventura (con enganche Aro o Gancho) - Trecepeces Fuerteventura","description":"Originales y elegantes Pendientes de Medusa, inspirados en la biodiversidad marina de Fuerteventura. Montaje propio. Estos pendientes est\u00e1n disponibles con dos opciones de enganche: aros redondos en lat\u00f3n con ba\u00f1o dorado para un estilo sofisticado o ganchos cl\u00e1sicos en acero inoxidable para una comodidad diaria. Dise\u00f1ados pensando en los amantes de los oc\u00e9anos, los Pendientes de Medusa son un recuerdo perfecto de tu viaje en la isla. Ideales para regalar o complementar cualquier look. Material: lat\u00f3n y acero inoxidable, hipoalerg\u00e9nico. Peso ligero y c\u00f3modo. Opci\u00f3n de enganche: Aro o gancho. Inspirados en la fauna marina de Fuerteventura. Por qu\u00e9 elegirnos: Comprar estos pendientes es apoyar el comercio local, la sostenibilidad y llevar contigo contigo un recuerdo de tu viaje a la isla.","robots":{"index":"index","follow":"follow","max-snippet":"max-snippet:-1","max-image-preview":"max-image-preview:large","max-video-preview":"max-video-preview:-1"},"canonical":"https:\/\/trecepecesfuerteventura.com\/de\/produkt\/pendientes-de-medusa-diseno-inspirado-en-el-mar-de-fuerteventura-con-enganche-aro-o-gancho\/","og_locale":"de_DE","og_type":"article","og_title":"Pendientes de Medusa - Dise\u00f1o inspirado en el mar de Fuerteventura (con enganche Aro o Gancho) - Trecepeces Fuerteventura","og_description":"Originales y elegantes Pendientes de Medusa, inspirados en la biodiversidad marina de Fuerteventura. Montaje propio. Estos pendientes est\u00e1n disponibles con dos opciones de enganche: aros redondos en lat\u00f3n con ba\u00f1o dorado para un estilo sofisticado o ganchos cl\u00e1sicos en acero inoxidable para una comodidad diaria. Dise\u00f1ados pensando en los amantes de los oc\u00e9anos, los Pendientes de Medusa son un recuerdo perfecto de tu viaje en la isla. Ideales para regalar o complementar cualquier look. Material: lat\u00f3n y acero inoxidable, hipoalerg\u00e9nico. Peso ligero y c\u00f3modo. Opci\u00f3n de enganche: Aro o gancho. Inspirados en la fauna marina de Fuerteventura. Por qu\u00e9 elegirnos: Comprar estos pendientes es apoyar el comercio local, la sostenibilidad y llevar contigo contigo un recuerdo de tu viaje a la isla.","og_url":"https:\/\/trecepecesfuerteventura.com\/de\/produkt\/pendientes-de-medusa-diseno-inspirado-en-el-mar-de-fuerteventura-con-enganche-aro-o-gancho\/","og_site_name":"Trecepeces Fuerteventura","article_modified_time":"2025-09-08T00:04:36+00:00","og_image":[{"width":1481,"height":2560,"url":"https:\/\/trecepecesfuerteventura.com\/wp-content\/uploads\/2025\/01\/20250124_101746-scaled.jpg","type":"image\/jpeg"}],"twitter_card":"summary_large_image","twitter_misc":{"Gesch\u00e4tzte Lesezeit":"2\u00a0Minuten"},"schema":{"@context":"https:\/\/schema.org","@graph":[{"@type":"WebPage","@id":"https:\/\/trecepecesfuerteventura.com\/producto\/pendientes-de-medusa-diseno-inspirado-en-el-mar-de-fuerteventura-con-enganche-aro-o-gancho\/","url":"https:\/\/trecepecesfuerteventura.com\/producto\/pendientes-de-medusa-diseno-inspirado-en-el-mar-de-fuerteventura-con-enganche-aro-o-gancho\/","name":"Pendientes de Medusa - Dise\u00f1o inspirado en el mar de Fuerteventura (con enganche Aro o Gancho) - Trecepeces Fuerteventura","isPartOf":{"@id":"https:\/\/trecepecesfuerteventura.com\/#website"},"primaryImageOfPage":{"@id":"https:\/\/trecepecesfuerteventura.com\/producto\/pendientes-de-medusa-diseno-inspirado-en-el-mar-de-fuerteventura-con-enganche-aro-o-gancho\/#primaryimage"},"image":{"@id":"https:\/\/trecepecesfuerteventura.com\/producto\/pendientes-de-medusa-diseno-inspirado-en-el-mar-de-fuerteventura-con-enganche-aro-o-gancho\/#primaryimage"},"thumbnailUrl":"https:\/\/trecepecesfuerteventura.com\/wp-content\/uploads\/2025\/01\/20250124_101746-scaled.jpg","datePublished":"2025-01-24T13:28:10+00:00","dateModified":"2025-09-08T00:04:36+00:00","description":"Originales y elegantes Pendientes de Medusa, inspirados en la biodiversidad marina de Fuerteventura. Montaje propio. Estos pendientes est\u00e1n disponibles con dos opciones de enganche: aros redondos en lat\u00f3n con ba\u00f1o dorado para un estilo sofisticado o ganchos cl\u00e1sicos en acero inoxidable para una comodidad diaria. Dise\u00f1ados pensando en los amantes de los oc\u00e9anos, los Pendientes de Medusa son un recuerdo perfecto de tu viaje en la isla. Ideales para regalar o complementar cualquier look. Material: lat\u00f3n y acero inoxidable, hipoalerg\u00e9nico. Peso ligero y c\u00f3modo. Opci\u00f3n de enganche: Aro o gancho. Inspirados en la fauna marina de Fuerteventura. Por qu\u00e9 elegirnos: Comprar estos pendientes es apoyar el comercio local, la sostenibilidad y llevar contigo contigo un recuerdo de tu viaje a la isla.","breadcrumb":{"@id":"https:\/\/trecepecesfuerteventura.com\/producto\/pendientes-de-medusa-diseno-inspirado-en-el-mar-de-fuerteventura-con-enganche-aro-o-gancho\/#breadcrumb"},"inLanguage":"de","potentialAction":[{"@type":"ReadAction","target":["https:\/\/trecepecesfuerteventura.com\/producto\/pendientes-de-medusa-diseno-inspirado-en-el-mar-de-fuerteventura-con-enganche-aro-o-gancho\/"]}]},{"@type":"ImageObject","inLanguage":"de","@id":"https:\/\/trecepecesfuerteventura.com\/producto\/pendientes-de-medusa-diseno-inspirado-en-el-mar-de-fuerteventura-con-enganche-aro-o-gancho\/#primaryimage","url":"https:\/\/trecepecesfuerteventura.com\/wp-content\/uploads\/2025\/01\/20250124_101746-scaled.jpg","contentUrl":"https:\/\/trecepecesfuerteventura.com\/wp-content\/uploads\/2025\/01\/20250124_101746-scaled.jpg","width":1481,"height":2560,"caption":"Pendientes de medusa disponibles con enganche aro o gancho, inspirados en la biodiversidad marina de Fuerteventura."},{"@type":"BreadcrumbList","@id":"https:\/\/trecepecesfuerteventura.com\/producto\/pendientes-de-medusa-diseno-inspirado-en-el-mar-de-fuerteventura-con-enganche-aro-o-gancho\/#breadcrumb","itemListElement":[{"@type":"ListItem","position":1,"name":"Portada","item":"https:\/\/trecepecesfuerteventura.com\/"},{"@type":"ListItem","position":2,"name":"Tienda","item":"https:\/\/trecepecesfuerteventura.com\/tienda\/"},{"@type":"ListItem","position":3,"name":"Pendientes de Medusa &#8211; Dise\u00f1o inspirado en el mar de Fuerteventura (con enganche Aro o Gancho)"}]},{"@type":"WebSite","@id":"https:\/\/trecepecesfuerteventura.com\/#website","url":"https:\/\/trecepecesfuerteventura.com\/","name":"Trecepeces Fuerteventura","description":"Gesch\u00e4ft &amp; Ausstellung","publisher":{"@id":"https:\/\/trecepecesfuerteventura.com\/#organization"},"potentialAction":[{"@type":"SearchAction","target":{"@type":"EntryPoint","urlTemplate":"https:\/\/trecepecesfuerteventura.com\/?s={search_term_string}"},"query-input":{"@type":"PropertyValueSpecification","valueRequired":true,"valueName":"search_term_string"}}],"inLanguage":"de"},{"@type":"Organization","@id":"https:\/\/trecepecesfuerteventura.com\/#organization","name":"Trecepeces Fuerteventura","url":"https:\/\/trecepecesfuerteventura.com\/","logo":{"@type":"ImageObject","inLanguage":"de","@id":"https:\/\/trecepecesfuerteventura.com\/#\/schema\/logo\/image\/","url":"https:\/\/trecepecesfuerteventura.com\/wp-content\/uploads\/2024\/01\/0001-2.png","contentUrl":"https:\/\/trecepecesfuerteventura.com\/wp-content\/uploads\/2024\/01\/0001-2.png","width":2367,"height":2122,"caption":"Trecepeces Fuerteventura"},"image":{"@id":"https:\/\/trecepecesfuerteventura.com\/#\/schema\/logo\/image\/"}}]}},"_links":{"self":[{"href":"https:\/\/trecepecesfuerteventura.com\/de\/wp-json\/wp\/v2\/product\/969","targetHints":{"allow":["GET"]}}],"collection":[{"href":"https:\/\/trecepecesfuerteventura.com\/de\/wp-json\/wp\/v2\/product"}],"about":[{"href":"https:\/\/trecepecesfuerteventura.com\/de\/wp-json\/wp\/v2\/types\/product"}],"replies":[{"embeddable":true,"href":"https:\/\/trecepecesfuerteventura.com\/de\/wp-json\/wp\/v2\/comments?post=969"}],"wp:featuredmedia":[{"embeddable":true,"href":"https:\/\/trecepecesfuerteventura.com\/de\/wp-json\/wp\/v2\/media\/971"}],"wp:attachment":[{"href":"https:\/\/trecepecesfuerteventura.com\/de\/wp-json\/wp\/v2\/media?parent=969"}],"wp:term":[{"taxonomy":"product_brand","embeddable":true,"href":"https:\/\/trecepecesfuerteventura.com\/de\/wp-json\/wp\/v2\/product_brand?post=969"},{"taxonomy":"product_cat","embeddable":true,"href":"https:\/\/trecepecesfuerteventura.com\/de\/wp-json\/wp\/v2\/product_cat?post=969"},{"taxonomy":"product_tag","embeddable":true,"href":"https:\/\/trecepecesfuerteventura.com\/de\/wp-json\/wp\/v2\/product_tag?post=969"}],"curies":[{"name":"wp","href":"https:\/\/api.w.org\/{rel}","templated":true}]}}