{"id":996,"date":"2025-01-29T13:41:33","date_gmt":"2025-01-29T12:41:33","guid":{"rendered":"https:\/\/trecepecesfuerteventura.com\/?post_type=product&#038;p=996"},"modified":"2025-01-29T13:41:33","modified_gmt":"2025-01-29T12:41:33","slug":"sudadera-de-coordenadas-de-ajuy-diseno-exclusivo-de-trecepeces","status":"publish","type":"product","link":"https:\/\/trecepecesfuerteventura.com\/de\/produkt\/sudadera-de-coordenadas-de-ajuy-diseno-exclusivo-de-trecepeces\/","title":{"rendered":"Ajuy Koordinaten Sweatshirt - Exklusives Design von TrecePeces"},"content":{"rendered":"<h3><strong>Sweatshirt aus Baumwolle mit Ajuy-Koordinaten - Nehmen Sie die Essenz von Fuerteventura mit<\/strong><\/h3>\n<p>Tauchen Sie ein in Fuerteventura mit unserem <em>Sweatshirt aus Baumwolle mit Ajuy-Koordinaten-Design<\/em>. Inspiriert von diesem emblematischen Dorf der Insel, dem Ursprung der Kanarischen Inseln, verbindet dieses Sweatshirt Sie mit der Geschichte, den vulkanischen Landschaften und dem schwarzen Sandstrand von <strong>Ajuy<\/strong>einer der authentischsten Orte auf Fuerteventura.<\/p>\n<p><strong>Exklusives Design<\/strong> mit den genauen Koordinaten von Ajuy auf der Brust.<br \/>\n<strong>Maximaler Komfort<\/strong>aus weicher und atmungsaktiver Baumwolle 100%.<br \/>\n<strong>Inspiration aus der Natur<\/strong>die das vulkanische und maritime Wesen der Insel widerspiegeln.<br \/>\n<strong>Vielseitigkeit und Stil<\/strong>ideal f\u00fcr den Alltag, Outdoor-Abenteuer oder k\u00fchle Abende am Meer.<\/p>\n<p><strong>Ein einzigartiges Souvenir von Fuerteventura <\/strong>Wenn Sie die Insel und ihre Naturlandschaften lieben, ist dieses Sweatshirt die perfekte M\u00f6glichkeit, ein St\u00fcck Ajuy mit sich zu f\u00fchren. Ob als Andenken an Ihren Besuch oder als besonderes Kleidungsst\u00fcck, sein minimalistisches und doch aussagekr\u00e4ftiges Design ist ideal f\u00fcr alle, die sich dem Meer und dem Abenteuer verbunden f\u00fchlen.<\/p>\n<p><strong>Bestellen Sie jetzt und tragen Sie den Geist von https:\/\/es.wikipedia.org\/wiki\/AjuyAjuy auf Schritt und Tritt mit sich.<\/strong><\/p>\n<p>Um mehr \u00fcber die Geschichte und Geologie von Ajuy zu erfahren, besuchen Sie bitte <a href=\"https:\/\/www.visitfuerteventura.com\/espacios-naturales\/fuerteventura\/monumento-natural-de-ajuy\/\" target=\"_new\" rel=\"noopener\">diese Seite \u00fcber die H\u00f6hlen von Ajuy<\/a>.<\/p>","protected":false},"excerpt":{"rendered":"<p>Sweatshirt aus Baumwolle mit Ajuy-Koordinaten-Design. Ein exklusives Souvenir von Fuerteventura mit einem minimalistischen und nachhaltigen Stil.<\/p>","protected":false},"featured_media":997,"comment_status":"open","ping_status":"closed","template":"","meta":{"_joinchat":[]},"product_brand":[],"product_cat":[49],"product_tag":[91,90],"class_list":{"0":"post-996","1":"product","2":"type-product","3":"status-publish","4":"has-post-thumbnail","6":"product_cat-sudadera","7":"product_tag-marcal-local","8":"product_tag-sudaderas","10":"first","11":"instock","12":"taxable","13":"shipping-taxable","14":"purchasable","15":"product-type-simple"},"yoast_head":"<!-- This site is optimized with the Yoast SEO plugin v26.8 - https:\/\/yoast.com\/product\/yoast-seo-wordpress\/ -->\n<title>Sudadera de coordenadas de Ajuy - Dise\u00f1o exclusivo de TrecePeces - Trecepeces Fuerteventura<\/title>\n<meta name=\"description\" content=\"Compra la sudadera de algod\u00f3n con coordenadas de uno de los pueblos mas bonitos de Canarias, Ajuy, inspirada en Fuerteventura, sostenible y perfecta para cualquier ocasi\u00f3n. Marca local \u00a1Cons\u00edguela ahora!\" \/>\n<meta name=\"robots\" content=\"index, follow, max-snippet:-1, max-image-preview:large, max-video-preview:-1\" \/>\n<link rel=\"canonical\" href=\"https:\/\/trecepecesfuerteventura.com\/de\/produkt\/sudadera-de-coordenadas-de-ajuy-diseno-exclusivo-de-trecepeces\/\" \/>\n<meta property=\"og:locale\" content=\"de_DE\" \/>\n<meta property=\"og:type\" content=\"article\" \/>\n<meta property=\"og:title\" content=\"Sudadera de coordenadas de Ajuy - Dise\u00f1o exclusivo de TrecePeces - Trecepeces Fuerteventura\" \/>\n<meta property=\"og:description\" content=\"Compra la sudadera de algod\u00f3n con coordenadas de uno de los pueblos mas bonitos de Canarias, Ajuy, inspirada en Fuerteventura, sostenible y perfecta para cualquier ocasi\u00f3n. Marca local \u00a1Cons\u00edguela ahora!\" \/>\n<meta property=\"og:url\" content=\"https:\/\/trecepecesfuerteventura.com\/de\/produkt\/sudadera-de-coordenadas-de-ajuy-diseno-exclusivo-de-trecepeces\/\" \/>\n<meta property=\"og:site_name\" content=\"Trecepeces Fuerteventura\" \/>\n<meta property=\"og:image\" content=\"https:\/\/trecepecesfuerteventura.com\/wp-content\/uploads\/2025\/01\/Copia_de_seguridad_de_13PCs-COORDENADAS-SUD.jpg\" \/>\n\t<meta property=\"og:image:width\" content=\"1882\" \/>\n\t<meta property=\"og:image:height\" content=\"2100\" \/>\n\t<meta property=\"og:image:type\" content=\"image\/jpeg\" \/>\n<meta name=\"twitter:card\" content=\"summary_large_image\" \/>\n<meta name=\"twitter:label1\" content=\"Gesch\u00e4tzte Lesezeit\" \/>\n\t<meta name=\"twitter:data1\" content=\"2\u00a0Minuten\" \/>\n<script type=\"application\/ld+json\" class=\"yoast-schema-graph\">{\"@context\":\"https:\/\/schema.org\",\"@graph\":[{\"@type\":\"WebPage\",\"@id\":\"https:\/\/trecepecesfuerteventura.com\/producto\/sudadera-de-coordenadas-de-ajuy-diseno-exclusivo-de-trecepeces\/\",\"url\":\"https:\/\/trecepecesfuerteventura.com\/producto\/sudadera-de-coordenadas-de-ajuy-diseno-exclusivo-de-trecepeces\/\",\"name\":\"Sudadera de coordenadas de Ajuy - Dise\u00f1o exclusivo de TrecePeces - Trecepeces Fuerteventura\",\"isPartOf\":{\"@id\":\"https:\/\/trecepecesfuerteventura.com\/#website\"},\"primaryImageOfPage\":{\"@id\":\"https:\/\/trecepecesfuerteventura.com\/producto\/sudadera-de-coordenadas-de-ajuy-diseno-exclusivo-de-trecepeces\/#primaryimage\"},\"image\":{\"@id\":\"https:\/\/trecepecesfuerteventura.com\/producto\/sudadera-de-coordenadas-de-ajuy-diseno-exclusivo-de-trecepeces\/#primaryimage\"},\"thumbnailUrl\":\"https:\/\/trecepecesfuerteventura.com\/wp-content\/uploads\/2025\/01\/Copia_de_seguridad_de_13PCs-COORDENADAS-SUD.jpg\",\"datePublished\":\"2025-01-29T12:41:33+00:00\",\"description\":\"Compra la sudadera de algod\u00f3n con coordenadas de uno de los pueblos mas bonitos de Canarias, Ajuy, inspirada en Fuerteventura, sostenible y perfecta para cualquier ocasi\u00f3n. Marca local \u00a1Cons\u00edguela ahora!\",\"breadcrumb\":{\"@id\":\"https:\/\/trecepecesfuerteventura.com\/producto\/sudadera-de-coordenadas-de-ajuy-diseno-exclusivo-de-trecepeces\/#breadcrumb\"},\"inLanguage\":\"de\",\"potentialAction\":[{\"@type\":\"ReadAction\",\"target\":[\"https:\/\/trecepecesfuerteventura.com\/producto\/sudadera-de-coordenadas-de-ajuy-diseno-exclusivo-de-trecepeces\/\"]}]},{\"@type\":\"ImageObject\",\"inLanguage\":\"de\",\"@id\":\"https:\/\/trecepecesfuerteventura.com\/producto\/sudadera-de-coordenadas-de-ajuy-diseno-exclusivo-de-trecepeces\/#primaryimage\",\"url\":\"https:\/\/trecepecesfuerteventura.com\/wp-content\/uploads\/2025\/01\/Copia_de_seguridad_de_13PCs-COORDENADAS-SUD.jpg\",\"contentUrl\":\"https:\/\/trecepecesfuerteventura.com\/wp-content\/uploads\/2025\/01\/Copia_de_seguridad_de_13PCs-COORDENADAS-SUD.jpg\",\"width\":1882,\"height\":2100},{\"@type\":\"BreadcrumbList\",\"@id\":\"https:\/\/trecepecesfuerteventura.com\/producto\/sudadera-de-coordenadas-de-ajuy-diseno-exclusivo-de-trecepeces\/#breadcrumb\",\"itemListElement\":[{\"@type\":\"ListItem\",\"position\":1,\"name\":\"Portada\",\"item\":\"https:\/\/trecepecesfuerteventura.com\/\"},{\"@type\":\"ListItem\",\"position\":2,\"name\":\"Tienda\",\"item\":\"https:\/\/trecepecesfuerteventura.com\/tienda\/\"},{\"@type\":\"ListItem\",\"position\":3,\"name\":\"Sudadera de coordenadas de Ajuy &#8211; Dise\u00f1o exclusivo de TrecePeces\"}]},{\"@type\":\"WebSite\",\"@id\":\"https:\/\/trecepecesfuerteventura.com\/#website\",\"url\":\"https:\/\/trecepecesfuerteventura.com\/\",\"name\":\"Trecepeces Fuerteventura\",\"description\":\"Shop &amp; Expo\",\"publisher\":{\"@id\":\"https:\/\/trecepecesfuerteventura.com\/#organization\"},\"potentialAction\":[{\"@type\":\"SearchAction\",\"target\":{\"@type\":\"EntryPoint\",\"urlTemplate\":\"https:\/\/trecepecesfuerteventura.com\/?s={search_term_string}\"},\"query-input\":{\"@type\":\"PropertyValueSpecification\",\"valueRequired\":true,\"valueName\":\"search_term_string\"}}],\"inLanguage\":\"de\"},{\"@type\":\"Organization\",\"@id\":\"https:\/\/trecepecesfuerteventura.com\/#organization\",\"name\":\"Trecepeces Fuerteventura\",\"url\":\"https:\/\/trecepecesfuerteventura.com\/\",\"logo\":{\"@type\":\"ImageObject\",\"inLanguage\":\"de\",\"@id\":\"https:\/\/trecepecesfuerteventura.com\/#\/schema\/logo\/image\/\",\"url\":\"https:\/\/trecepecesfuerteventura.com\/wp-content\/uploads\/2024\/01\/0001-2.png\",\"contentUrl\":\"https:\/\/trecepecesfuerteventura.com\/wp-content\/uploads\/2024\/01\/0001-2.png\",\"width\":2367,\"height\":2122,\"caption\":\"Trecepeces Fuerteventura\"},\"image\":{\"@id\":\"https:\/\/trecepecesfuerteventura.com\/#\/schema\/logo\/image\/\"}}]}<\/script>\n<!-- \/ Yoast SEO plugin. -->","yoast_head_json":{"title":"Sudadera de coordenadas de Ajuy - Dise\u00f1o exclusivo de TrecePeces - Trecepeces Fuerteventura","description":"Compra la sudadera de algod\u00f3n con coordenadas de uno de los pueblos mas bonitos de Canarias, Ajuy, inspirada en Fuerteventura, sostenible y perfecta para cualquier ocasi\u00f3n. Marca local \u00a1Cons\u00edguela ahora!","robots":{"index":"index","follow":"follow","max-snippet":"max-snippet:-1","max-image-preview":"max-image-preview:large","max-video-preview":"max-video-preview:-1"},"canonical":"https:\/\/trecepecesfuerteventura.com\/de\/produkt\/sudadera-de-coordenadas-de-ajuy-diseno-exclusivo-de-trecepeces\/","og_locale":"de_DE","og_type":"article","og_title":"Sudadera de coordenadas de Ajuy - Dise\u00f1o exclusivo de TrecePeces - Trecepeces Fuerteventura","og_description":"Compra la sudadera de algod\u00f3n con coordenadas de uno de los pueblos mas bonitos de Canarias, Ajuy, inspirada en Fuerteventura, sostenible y perfecta para cualquier ocasi\u00f3n. Marca local \u00a1Cons\u00edguela ahora!","og_url":"https:\/\/trecepecesfuerteventura.com\/de\/produkt\/sudadera-de-coordenadas-de-ajuy-diseno-exclusivo-de-trecepeces\/","og_site_name":"Trecepeces Fuerteventura","og_image":[{"width":1882,"height":2100,"url":"https:\/\/trecepecesfuerteventura.com\/wp-content\/uploads\/2025\/01\/Copia_de_seguridad_de_13PCs-COORDENADAS-SUD.jpg","type":"image\/jpeg"}],"twitter_card":"summary_large_image","twitter_misc":{"Gesch\u00e4tzte Lesezeit":"2\u00a0Minuten"},"schema":{"@context":"https:\/\/schema.org","@graph":[{"@type":"WebPage","@id":"https:\/\/trecepecesfuerteventura.com\/producto\/sudadera-de-coordenadas-de-ajuy-diseno-exclusivo-de-trecepeces\/","url":"https:\/\/trecepecesfuerteventura.com\/producto\/sudadera-de-coordenadas-de-ajuy-diseno-exclusivo-de-trecepeces\/","name":"Sudadera de coordenadas de Ajuy - Dise\u00f1o exclusivo de TrecePeces - Trecepeces Fuerteventura","isPartOf":{"@id":"https:\/\/trecepecesfuerteventura.com\/#website"},"primaryImageOfPage":{"@id":"https:\/\/trecepecesfuerteventura.com\/producto\/sudadera-de-coordenadas-de-ajuy-diseno-exclusivo-de-trecepeces\/#primaryimage"},"image":{"@id":"https:\/\/trecepecesfuerteventura.com\/producto\/sudadera-de-coordenadas-de-ajuy-diseno-exclusivo-de-trecepeces\/#primaryimage"},"thumbnailUrl":"https:\/\/trecepecesfuerteventura.com\/wp-content\/uploads\/2025\/01\/Copia_de_seguridad_de_13PCs-COORDENADAS-SUD.jpg","datePublished":"2025-01-29T12:41:33+00:00","description":"Compra la sudadera de algod\u00f3n con coordenadas de uno de los pueblos mas bonitos de Canarias, Ajuy, inspirada en Fuerteventura, sostenible y perfecta para cualquier ocasi\u00f3n. Marca local \u00a1Cons\u00edguela ahora!","breadcrumb":{"@id":"https:\/\/trecepecesfuerteventura.com\/producto\/sudadera-de-coordenadas-de-ajuy-diseno-exclusivo-de-trecepeces\/#breadcrumb"},"inLanguage":"de","potentialAction":[{"@type":"ReadAction","target":["https:\/\/trecepecesfuerteventura.com\/producto\/sudadera-de-coordenadas-de-ajuy-diseno-exclusivo-de-trecepeces\/"]}]},{"@type":"ImageObject","inLanguage":"de","@id":"https:\/\/trecepecesfuerteventura.com\/producto\/sudadera-de-coordenadas-de-ajuy-diseno-exclusivo-de-trecepeces\/#primaryimage","url":"https:\/\/trecepecesfuerteventura.com\/wp-content\/uploads\/2025\/01\/Copia_de_seguridad_de_13PCs-COORDENADAS-SUD.jpg","contentUrl":"https:\/\/trecepecesfuerteventura.com\/wp-content\/uploads\/2025\/01\/Copia_de_seguridad_de_13PCs-COORDENADAS-SUD.jpg","width":1882,"height":2100},{"@type":"BreadcrumbList","@id":"https:\/\/trecepecesfuerteventura.com\/producto\/sudadera-de-coordenadas-de-ajuy-diseno-exclusivo-de-trecepeces\/#breadcrumb","itemListElement":[{"@type":"ListItem","position":1,"name":"Portada","item":"https:\/\/trecepecesfuerteventura.com\/"},{"@type":"ListItem","position":2,"name":"Tienda","item":"https:\/\/trecepecesfuerteventura.com\/tienda\/"},{"@type":"ListItem","position":3,"name":"Sudadera de coordenadas de Ajuy &#8211; Dise\u00f1o exclusivo de TrecePeces"}]},{"@type":"WebSite","@id":"https:\/\/trecepecesfuerteventura.com\/#website","url":"https:\/\/trecepecesfuerteventura.com\/","name":"Trecepeces Fuerteventura","description":"Gesch\u00e4ft &amp; Ausstellung","publisher":{"@id":"https:\/\/trecepecesfuerteventura.com\/#organization"},"potentialAction":[{"@type":"SearchAction","target":{"@type":"EntryPoint","urlTemplate":"https:\/\/trecepecesfuerteventura.com\/?s={search_term_string}"},"query-input":{"@type":"PropertyValueSpecification","valueRequired":true,"valueName":"search_term_string"}}],"inLanguage":"de"},{"@type":"Organization","@id":"https:\/\/trecepecesfuerteventura.com\/#organization","name":"Trecepeces Fuerteventura","url":"https:\/\/trecepecesfuerteventura.com\/","logo":{"@type":"ImageObject","inLanguage":"de","@id":"https:\/\/trecepecesfuerteventura.com\/#\/schema\/logo\/image\/","url":"https:\/\/trecepecesfuerteventura.com\/wp-content\/uploads\/2024\/01\/0001-2.png","contentUrl":"https:\/\/trecepecesfuerteventura.com\/wp-content\/uploads\/2024\/01\/0001-2.png","width":2367,"height":2122,"caption":"Trecepeces Fuerteventura"},"image":{"@id":"https:\/\/trecepecesfuerteventura.com\/#\/schema\/logo\/image\/"}}]}},"_links":{"self":[{"href":"https:\/\/trecepecesfuerteventura.com\/de\/wp-json\/wp\/v2\/product\/996","targetHints":{"allow":["GET"]}}],"collection":[{"href":"https:\/\/trecepecesfuerteventura.com\/de\/wp-json\/wp\/v2\/product"}],"about":[{"href":"https:\/\/trecepecesfuerteventura.com\/de\/wp-json\/wp\/v2\/types\/product"}],"replies":[{"embeddable":true,"href":"https:\/\/trecepecesfuerteventura.com\/de\/wp-json\/wp\/v2\/comments?post=996"}],"wp:featuredmedia":[{"embeddable":true,"href":"https:\/\/trecepecesfuerteventura.com\/de\/wp-json\/wp\/v2\/media\/997"}],"wp:attachment":[{"href":"https:\/\/trecepecesfuerteventura.com\/de\/wp-json\/wp\/v2\/media?parent=996"}],"wp:term":[{"taxonomy":"product_brand","embeddable":true,"href":"https:\/\/trecepecesfuerteventura.com\/de\/wp-json\/wp\/v2\/product_brand?post=996"},{"taxonomy":"product_cat","embeddable":true,"href":"https:\/\/trecepecesfuerteventura.com\/de\/wp-json\/wp\/v2\/product_cat?post=996"},{"taxonomy":"product_tag","embeddable":true,"href":"https:\/\/trecepecesfuerteventura.com\/de\/wp-json\/wp\/v2\/product_tag?post=996"}],"curies":[{"name":"wp","href":"https:\/\/api.w.org\/{rel}","templated":true}]}}