{"id":790,"date":"2024-02-22T16:40:32","date_gmt":"2024-02-22T15:40:32","guid":{"rendered":"https:\/\/trecepecesfuerteventura.com\/?page_id=790"},"modified":"2024-02-22T17:46:58","modified_gmt":"2024-02-22T16:46:58","slug":"politica-de-cookies","status":"publish","type":"page","link":"https:\/\/trecepecesfuerteventura.com\/en\/politica-de-cookies\/","title":{"rendered":"Cookie Policy"},"content":{"rendered":"<div data-elementor-type=\"wp-page\" data-elementor-id=\"790\" class=\"elementor elementor-790\" data-elementor-post-type=\"page\">\n\t\t\t\t\t\t<section class=\"elementor-section elementor-top-section elementor-element elementor-element-4c249b4 elementor-section-full_width elementor-section-height-default elementor-section-height-default\" data-id=\"4c249b4\" data-element_type=\"section\" data-e-type=\"section\" data-settings=\"{&quot;jet_parallax_layout_list&quot;:[]}\">\n\t\t\t\t\t\t<div class=\"elementor-container elementor-column-gap-default\">\n\t\t\t\t\t<div class=\"elementor-column elementor-col-100 elementor-top-column elementor-element elementor-element-b6fad2d\" data-id=\"b6fad2d\" data-element_type=\"column\" data-e-type=\"column\">\n\t\t\t<div class=\"elementor-widget-wrap elementor-element-populated\">\n\t\t\t\t\t<div class=\"elementor-background-overlay\"><\/div>\n\t\t\t\t\t\t<section class=\"elementor-section elementor-inner-section elementor-element elementor-element-0d9b0fb elementor-section-height-min-height elementor-section-boxed elementor-section-height-default\" data-id=\"0d9b0fb\" data-element_type=\"section\" data-e-type=\"section\" data-settings=\"{&quot;background_background&quot;:&quot;classic&quot;,&quot;jet_parallax_layout_list&quot;:[]}\">\n\t\t\t\t\t\t\t<div class=\"elementor-background-overlay\"><\/div>\n\t\t\t\t\t\t\t<div class=\"elementor-container elementor-column-gap-default\">\n\t\t\t\t\t<div class=\"elementor-column elementor-col-100 elementor-inner-column elementor-element elementor-element-03233cd\" data-id=\"03233cd\" data-element_type=\"column\" data-e-type=\"column\" data-settings=\"{&quot;background_background&quot;:&quot;classic&quot;}\">\n\t\t\t<div class=\"elementor-widget-wrap elementor-element-populated\">\n\t\t\t\t\t\t<div class=\"elementor-element elementor-element-71c3315 elementor-icon-list--layout-inline elementor-align-center elementor-list-item-link-full_width elementor-invisible elementor-widget elementor-widget-icon-list\" data-id=\"71c3315\" data-element_type=\"widget\" data-e-type=\"widget\" data-settings=\"{&quot;_animation&quot;:&quot;fadeIn&quot;,&quot;_animation_delay&quot;:200}\" data-widget_type=\"icon-list.default\">\n\t\t\t\t<div class=\"elementor-widget-container\">\n\t\t\t\t\t\t\t<ul class=\"elementor-icon-list-items elementor-inline-items\">\n\t\t\t\t\t\t\t<li class=\"elementor-icon-list-item elementor-inline-item\">\n\t\t\t\t\t\t\t\t\t\t\t<a href=\"https:\/\/trecepecesfuerteventura.com\/en\">\n\n\t\t\t\t\t\t\t\t\t\t\t<span class=\"elementor-icon-list-text\">HOME<\/span>\n\t\t\t\t\t\t\t\t\t\t\t<\/a>\n\t\t\t\t\t\t\t\t\t<\/li>\n\t\t\t\t\t\t\t\t<li class=\"elementor-icon-list-item elementor-inline-item\">\n\t\t\t\t\t\t\t\t\t\t\t<span class=\"elementor-icon-list-icon\">\n\t\t\t\t\t\t\t<i aria-hidden=\"true\" class=\"icon icon-right-arrow1\"><\/i>\t\t\t\t\t\t<\/span>\n\t\t\t\t\t\t\t\t\t\t<span class=\"elementor-icon-list-text\"><\/span>\n\t\t\t\t\t\t\t\t\t<\/li>\n\t\t\t\t\t\t<\/ul>\n\t\t\t\t\t\t<\/div>\n\t\t\t\t<\/div>\n\t\t\t\t\t<\/div>\n\t\t<\/div>\n\t\t\t\t\t<\/div>\n\t\t<\/section>\n\t\t\t\t\t<\/div>\n\t\t<\/div>\n\t\t\t\t\t<\/div>\n\t\t<\/section>\n\t\t<div class=\"elementor-element elementor-element-8907c46 e-flex e-con-boxed e-con e-parent\" data-id=\"8907c46\" data-element_type=\"container\" data-e-type=\"container\" data-settings=\"{&quot;jet_parallax_layout_list&quot;:[]}\">\n\t\t\t\t\t<div class=\"e-con-inner\">\n\t\t\t\t<div class=\"elementor-element elementor-element-f988aaa elementor-widget elementor-widget-text-editor\" data-id=\"f988aaa\" data-element_type=\"widget\" data-e-type=\"widget\" data-widget_type=\"text-editor.default\">\n\t\t\t\t<div class=\"elementor-widget-container\">\n\t\t\t\t\t\t\t\t\t<p>https:\/\/trecepecesfuerteventura.com\/<br \/>Access to this Website may involve the use of cookies. Cookies are small amounts of information that are stored in the browser used by each User - in the different devices that may be used to browse - so that the server remembers certain information that will subsequently be read only by the server that implemented it. Cookies make browsing easier, more user-friendly and do not damage the browsing device.<\/p><p>Cookies are automatic procedures for collecting information relating to the preferences determined by the User during his\/her visit to the Website in order to recognise him\/her as a User, and to personalise his\/her experience and use of the Website, and may also, for example, help to identify and resolve errors.<\/p><p>The information collected through cookies may include the date and time of visits to the Website, the pages viewed, the time spent on the Website and the sites visited just before and just after the Website. However, no cookie allows the cookie to contact the User's telephone number or any other means of personal contact. No cookie can extract information from the User's hard drive or steal personal information. The only way for the User's private information to be part of the Cookie file is for the User to personally give that information to the server.<\/p><p>Cookies that allow a person to be identified are considered personal data. Therefore, the aforementioned Privacy Policy shall apply to them. In this regard, the User's consent is required for the use of cookies. This consent will be communicated, on the basis of a genuine choice, offered by means of an affirmative and positive decision, prior to the initial processing, removable and documented.<\/p><p>Own cookies<br \/>These are cookies that are sent to the User's computer or device and managed exclusively by Trecepeces Fuerteventura for the better functioning of the Website. The information collected is used to improve the quality of the website and its content and your experience as a user. These cookies make it possible to recognise the User as a recurring visitor to the Website and adapt the content to offer him\/her content that suits his\/her preferences.<\/p><p>Disabling, rejecting and deleting cookies<br \/>The User may disable, reject and delete cookies - in whole or in part - installed on their device by configuring their browser (including, for example, Chrome, Firefox, Safari, Explorer). In this regard, the procedures for rejecting and deleting cookies may differ from one Internet browser to another. Consequently, the User must follow the instructions provided by the Internet browser that he\/she is using. In the event that you reject the use of cookies - totally or partially - you may continue to use the Website, although the use of some of its features may be limited.<\/p><p>\u00a0<\/p>\t\t\t\t\t\t\t\t<\/div>\n\t\t\t\t<\/div>\n\t\t\t\t\t<\/div>\n\t\t\t\t<\/div>\n\t\t\t\t<\/div>","protected":false},"excerpt":{"rendered":"<p>INICIO https:\/\/trecepecesfuerteventura.com\/El acceso a este Sitio Web puede implicar la utilizaci\u00f3n de cookies. Las cookies son peque\u00f1as cantidades de informaci\u00f3n que se almacenan en el navegador utilizado por cada Usuario \u2014en los distintos dispositivos que pueda utilizar para navegar\u2014 para que el servidor recuerde cierta informaci\u00f3n que posteriormente y \u00fanicamente el servidor que la implement\u00f3 [&hellip;]<\/p>\n","protected":false},"author":2,"featured_media":0,"parent":0,"menu_order":12,"comment_status":"closed","ping_status":"closed","template":"elementor_header_footer","meta":{"_joinchat":[],"footnotes":""},"class_list":["post-790","page","type-page","status-publish","hentry"],"yoast_head":"<!-- This site is optimized with the Yoast SEO plugin v26.8 - https:\/\/yoast.com\/product\/yoast-seo-wordpress\/ -->\n<title>Pol\u00edtica de Cookies - Trecepeces Fuerteventura<\/title>\n<meta name=\"robots\" content=\"noindex, nofollow\" \/>\n<meta property=\"og:locale\" content=\"en_GB\" \/>\n<meta property=\"og:type\" content=\"article\" \/>\n<meta property=\"og:title\" content=\"Pol\u00edtica de Cookies - Trecepeces Fuerteventura\" \/>\n<meta property=\"og:description\" content=\"INICIO https:\/\/trecepecesfuerteventura.com\/El acceso a este Sitio Web puede implicar la utilizaci\u00f3n de cookies. Las cookies son peque\u00f1as cantidades de informaci\u00f3n que se almacenan en el navegador utilizado por cada Usuario \u2014en los distintos dispositivos que pueda utilizar para navegar\u2014 para que el servidor recuerde cierta informaci\u00f3n que posteriormente y \u00fanicamente el servidor que la implement\u00f3 [&hellip;]\" \/>\n<meta property=\"og:url\" content=\"https:\/\/trecepecesfuerteventura.com\/en\/politica-de-cookies\/\" \/>\n<meta property=\"og:site_name\" content=\"Trecepeces Fuerteventura\" \/>\n<meta property=\"article:modified_time\" content=\"2024-02-22T16:46:58+00:00\" \/>\n<meta name=\"twitter:card\" content=\"summary_large_image\" \/>\n<meta name=\"twitter:label1\" content=\"Estimated reading time\" \/>\n\t<meta name=\"twitter:data1\" content=\"3 minutes\" \/>\n<script type=\"application\/ld+json\" class=\"yoast-schema-graph\">{\"@context\":\"https:\/\/schema.org\",\"@graph\":[{\"@type\":\"WebPage\",\"@id\":\"https:\/\/trecepecesfuerteventura.com\/politica-de-cookies\/\",\"url\":\"https:\/\/trecepecesfuerteventura.com\/politica-de-cookies\/\",\"name\":\"Pol\u00edtica de Cookies - Trecepeces Fuerteventura\",\"isPartOf\":{\"@id\":\"https:\/\/trecepecesfuerteventura.com\/#website\"},\"datePublished\":\"2024-02-22T15:40:32+00:00\",\"dateModified\":\"2024-02-22T16:46:58+00:00\",\"breadcrumb\":{\"@id\":\"https:\/\/trecepecesfuerteventura.com\/politica-de-cookies\/#breadcrumb\"},\"inLanguage\":\"en-GB\",\"potentialAction\":[{\"@type\":\"ReadAction\",\"target\":[\"https:\/\/trecepecesfuerteventura.com\/politica-de-cookies\/\"]}]},{\"@type\":\"BreadcrumbList\",\"@id\":\"https:\/\/trecepecesfuerteventura.com\/politica-de-cookies\/#breadcrumb\",\"itemListElement\":[{\"@type\":\"ListItem\",\"position\":1,\"name\":\"Portada\",\"item\":\"https:\/\/trecepecesfuerteventura.com\/\"},{\"@type\":\"ListItem\",\"position\":2,\"name\":\"Pol\u00edtica de Cookies\"}]},{\"@type\":\"WebSite\",\"@id\":\"https:\/\/trecepecesfuerteventura.com\/#website\",\"url\":\"https:\/\/trecepecesfuerteventura.com\/\",\"name\":\"Trecepeces Fuerteventura\",\"description\":\"Shop &amp; Expo\",\"publisher\":{\"@id\":\"https:\/\/trecepecesfuerteventura.com\/#organization\"},\"potentialAction\":[{\"@type\":\"SearchAction\",\"target\":{\"@type\":\"EntryPoint\",\"urlTemplate\":\"https:\/\/trecepecesfuerteventura.com\/?s={search_term_string}\"},\"query-input\":{\"@type\":\"PropertyValueSpecification\",\"valueRequired\":true,\"valueName\":\"search_term_string\"}}],\"inLanguage\":\"en-GB\"},{\"@type\":\"Organization\",\"@id\":\"https:\/\/trecepecesfuerteventura.com\/#organization\",\"name\":\"Trecepeces Fuerteventura\",\"url\":\"https:\/\/trecepecesfuerteventura.com\/\",\"logo\":{\"@type\":\"ImageObject\",\"inLanguage\":\"en-GB\",\"@id\":\"https:\/\/trecepecesfuerteventura.com\/#\/schema\/logo\/image\/\",\"url\":\"https:\/\/trecepecesfuerteventura.com\/wp-content\/uploads\/2024\/01\/0001-2.png\",\"contentUrl\":\"https:\/\/trecepecesfuerteventura.com\/wp-content\/uploads\/2024\/01\/0001-2.png\",\"width\":2367,\"height\":2122,\"caption\":\"Trecepeces Fuerteventura\"},\"image\":{\"@id\":\"https:\/\/trecepecesfuerteventura.com\/#\/schema\/logo\/image\/\"}}]}<\/script>\n<!-- \/ Yoast SEO plugin. -->","yoast_head_json":{"title":"Pol\u00edtica de Cookies - Trecepeces Fuerteventura","robots":{"index":"noindex","follow":"nofollow"},"og_locale":"en_GB","og_type":"article","og_title":"Pol\u00edtica de Cookies - Trecepeces Fuerteventura","og_description":"INICIO https:\/\/trecepecesfuerteventura.com\/El acceso a este Sitio Web puede implicar la utilizaci\u00f3n de cookies. Las cookies son peque\u00f1as cantidades de informaci\u00f3n que se almacenan en el navegador utilizado por cada Usuario \u2014en los distintos dispositivos que pueda utilizar para navegar\u2014 para que el servidor recuerde cierta informaci\u00f3n que posteriormente y \u00fanicamente el servidor que la implement\u00f3 [&hellip;]","og_url":"https:\/\/trecepecesfuerteventura.com\/en\/politica-de-cookies\/","og_site_name":"Trecepeces Fuerteventura","article_modified_time":"2024-02-22T16:46:58+00:00","twitter_card":"summary_large_image","twitter_misc":{"Estimated reading time":"3 minutes"},"schema":{"@context":"https:\/\/schema.org","@graph":[{"@type":"WebPage","@id":"https:\/\/trecepecesfuerteventura.com\/politica-de-cookies\/","url":"https:\/\/trecepecesfuerteventura.com\/politica-de-cookies\/","name":"Pol\u00edtica de Cookies - Trecepeces Fuerteventura","isPartOf":{"@id":"https:\/\/trecepecesfuerteventura.com\/#website"},"datePublished":"2024-02-22T15:40:32+00:00","dateModified":"2024-02-22T16:46:58+00:00","breadcrumb":{"@id":"https:\/\/trecepecesfuerteventura.com\/politica-de-cookies\/#breadcrumb"},"inLanguage":"en-GB","potentialAction":[{"@type":"ReadAction","target":["https:\/\/trecepecesfuerteventura.com\/politica-de-cookies\/"]}]},{"@type":"BreadcrumbList","@id":"https:\/\/trecepecesfuerteventura.com\/politica-de-cookies\/#breadcrumb","itemListElement":[{"@type":"ListItem","position":1,"name":"Portada","item":"https:\/\/trecepecesfuerteventura.com\/"},{"@type":"ListItem","position":2,"name":"Pol\u00edtica de Cookies"}]},{"@type":"WebSite","@id":"https:\/\/trecepecesfuerteventura.com\/#website","url":"https:\/\/trecepecesfuerteventura.com\/","name":"Trecepeces Fuerteventura","description":"Shop &amp; Expo","publisher":{"@id":"https:\/\/trecepecesfuerteventura.com\/#organization"},"potentialAction":[{"@type":"SearchAction","target":{"@type":"EntryPoint","urlTemplate":"https:\/\/trecepecesfuerteventura.com\/?s={search_term_string}"},"query-input":{"@type":"PropertyValueSpecification","valueRequired":true,"valueName":"search_term_string"}}],"inLanguage":"en-GB"},{"@type":"Organization","@id":"https:\/\/trecepecesfuerteventura.com\/#organization","name":"Trecepeces Fuerteventura","url":"https:\/\/trecepecesfuerteventura.com\/","logo":{"@type":"ImageObject","inLanguage":"en-GB","@id":"https:\/\/trecepecesfuerteventura.com\/#\/schema\/logo\/image\/","url":"https:\/\/trecepecesfuerteventura.com\/wp-content\/uploads\/2024\/01\/0001-2.png","contentUrl":"https:\/\/trecepecesfuerteventura.com\/wp-content\/uploads\/2024\/01\/0001-2.png","width":2367,"height":2122,"caption":"Trecepeces Fuerteventura"},"image":{"@id":"https:\/\/trecepecesfuerteventura.com\/#\/schema\/logo\/image\/"}}]}},"_links":{"self":[{"href":"https:\/\/trecepecesfuerteventura.com\/en\/wp-json\/wp\/v2\/pages\/790","targetHints":{"allow":["GET"]}}],"collection":[{"href":"https:\/\/trecepecesfuerteventura.com\/en\/wp-json\/wp\/v2\/pages"}],"about":[{"href":"https:\/\/trecepecesfuerteventura.com\/en\/wp-json\/wp\/v2\/types\/page"}],"author":[{"embeddable":true,"href":"https:\/\/trecepecesfuerteventura.com\/en\/wp-json\/wp\/v2\/users\/2"}],"replies":[{"embeddable":true,"href":"https:\/\/trecepecesfuerteventura.com\/en\/wp-json\/wp\/v2\/comments?post=790"}],"version-history":[{"count":4,"href":"https:\/\/trecepecesfuerteventura.com\/en\/wp-json\/wp\/v2\/pages\/790\/revisions"}],"predecessor-version":[{"id":816,"href":"https:\/\/trecepecesfuerteventura.com\/en\/wp-json\/wp\/v2\/pages\/790\/revisions\/816"}],"wp:attachment":[{"href":"https:\/\/trecepecesfuerteventura.com\/en\/wp-json\/wp\/v2\/media?parent=790"}],"curies":[{"name":"wp","href":"https:\/\/api.w.org\/{rel}","templated":true}]}}