{"id":249,"date":"2024-01-29T12:03:50","date_gmt":"2024-01-29T11:03:50","guid":{"rendered":"https:\/\/trecepeces.adrirodrigoagencia.es\/?post_type=product&#038;p=249"},"modified":"2026-02-08T10:22:23","modified_gmt":"2026-02-08T09:22:23","slug":"camiseta-mujer-diseno-peces-al-sol-algodon-ecologico","status":"publish","type":"product","link":"https:\/\/trecepecesfuerteventura.com\/en\/product\/camiseta-mujer-diseno-peces-al-sol-algodon-ecologico\/","title":{"rendered":"Women's T-shirt with \"fish in the sun\" design, organic cotton"},"content":{"rendered":"<p>100% organic cotton<\/p>","protected":false},"excerpt":{"rendered":"<p>100% organic cotton<\/p>","protected":false},"featured_media":644,"comment_status":"open","ping_status":"closed","template":"","meta":{"_joinchat":[]},"product_brand":[],"product_cat":[28],"product_tag":[],"class_list":{"0":"post-249","1":"product","2":"type-product","3":"status-publish","4":"has-post-thumbnail","6":"product_cat-camisetas","8":"first","9":"outofstock","10":"taxable","11":"shipping-taxable","12":"product-type-variable"},"yoast_head":"<!-- This site is optimized with the Yoast SEO plugin v26.8 - https:\/\/yoast.com\/product\/yoast-seo-wordpress\/ -->\n<title>Camiseta mujer dise\u00f1o &quot;peces al sol&quot;, algod\u00f3n ecol\u00f3gico - Trecepeces Fuerteventura<\/title>\n<meta name=\"robots\" content=\"index, follow, max-snippet:-1, max-image-preview:large, max-video-preview:-1\" \/>\n<link rel=\"canonical\" href=\"https:\/\/trecepecesfuerteventura.com\/en\/product\/camiseta-mujer-diseno-peces-al-sol-algodon-ecologico\/\" \/>\n<meta property=\"og:locale\" content=\"en_GB\" \/>\n<meta property=\"og:type\" content=\"article\" \/>\n<meta property=\"og:title\" content=\"Camiseta mujer dise\u00f1o &quot;peces al sol&quot;, algod\u00f3n ecol\u00f3gico - Trecepeces Fuerteventura\" \/>\n<meta property=\"og:description\" content=\"100% algod\u00f3n ecol\u00f3gico\" \/>\n<meta property=\"og:url\" content=\"https:\/\/trecepecesfuerteventura.com\/en\/product\/camiseta-mujer-diseno-peces-al-sol-algodon-ecologico\/\" \/>\n<meta property=\"og:site_name\" content=\"Trecepeces Fuerteventura\" \/>\n<meta property=\"article:modified_time\" content=\"2026-02-08T09:22:23+00:00\" \/>\n<meta property=\"og:image\" content=\"https:\/\/trecepecesfuerteventura.com\/wp-content\/uploads\/2024\/01\/diseno-peces-al-sol-marino-1-de-2-Photoroom.png-Photoroom.png\" \/>\n\t<meta property=\"og:image:width\" content=\"1280\" \/>\n\t<meta property=\"og:image:height\" content=\"1245\" \/>\n\t<meta property=\"og:image:type\" content=\"image\/png\" \/>\n<meta name=\"twitter:card\" content=\"summary_large_image\" \/>\n<meta name=\"twitter:label1\" content=\"Estimated reading time\" \/>\n\t<meta name=\"twitter:data1\" content=\"1 minute\" \/>\n<script type=\"application\/ld+json\" class=\"yoast-schema-graph\">{\"@context\":\"https:\/\/schema.org\",\"@graph\":[{\"@type\":\"WebPage\",\"@id\":\"https:\/\/trecepecesfuerteventura.com\/producto\/camiseta-mujer-diseno-peces-al-sol-algodon-ecologico\/\",\"url\":\"https:\/\/trecepecesfuerteventura.com\/producto\/camiseta-mujer-diseno-peces-al-sol-algodon-ecologico\/\",\"name\":\"Camiseta mujer dise\u00f1o \\\"peces al sol\\\", algod\u00f3n ecol\u00f3gico - Trecepeces Fuerteventura\",\"isPartOf\":{\"@id\":\"https:\/\/trecepecesfuerteventura.com\/#website\"},\"primaryImageOfPage\":{\"@id\":\"https:\/\/trecepecesfuerteventura.com\/producto\/camiseta-mujer-diseno-peces-al-sol-algodon-ecologico\/#primaryimage\"},\"image\":{\"@id\":\"https:\/\/trecepecesfuerteventura.com\/producto\/camiseta-mujer-diseno-peces-al-sol-algodon-ecologico\/#primaryimage\"},\"thumbnailUrl\":\"https:\/\/trecepecesfuerteventura.com\/wp-content\/uploads\/2024\/01\/diseno-peces-al-sol-marino-1-de-2-Photoroom.png-Photoroom.png\",\"datePublished\":\"2024-01-29T11:03:50+00:00\",\"dateModified\":\"2026-02-08T09:22:23+00:00\",\"breadcrumb\":{\"@id\":\"https:\/\/trecepecesfuerteventura.com\/producto\/camiseta-mujer-diseno-peces-al-sol-algodon-ecologico\/#breadcrumb\"},\"inLanguage\":\"en-GB\",\"potentialAction\":[{\"@type\":\"ReadAction\",\"target\":[\"https:\/\/trecepecesfuerteventura.com\/producto\/camiseta-mujer-diseno-peces-al-sol-algodon-ecologico\/\"]}]},{\"@type\":\"ImageObject\",\"inLanguage\":\"en-GB\",\"@id\":\"https:\/\/trecepecesfuerteventura.com\/producto\/camiseta-mujer-diseno-peces-al-sol-algodon-ecologico\/#primaryimage\",\"url\":\"https:\/\/trecepecesfuerteventura.com\/wp-content\/uploads\/2024\/01\/diseno-peces-al-sol-marino-1-de-2-Photoroom.png-Photoroom.png\",\"contentUrl\":\"https:\/\/trecepecesfuerteventura.com\/wp-content\/uploads\/2024\/01\/diseno-peces-al-sol-marino-1-de-2-Photoroom.png-Photoroom.png\",\"width\":1280,\"height\":1245},{\"@type\":\"BreadcrumbList\",\"@id\":\"https:\/\/trecepecesfuerteventura.com\/producto\/camiseta-mujer-diseno-peces-al-sol-algodon-ecologico\/#breadcrumb\",\"itemListElement\":[{\"@type\":\"ListItem\",\"position\":1,\"name\":\"Portada\",\"item\":\"https:\/\/trecepecesfuerteventura.com\/\"},{\"@type\":\"ListItem\",\"position\":2,\"name\":\"Tienda\",\"item\":\"https:\/\/trecepecesfuerteventura.com\/tienda\/\"},{\"@type\":\"ListItem\",\"position\":3,\"name\":\"Camiseta mujer dise\u00f1o \u00abpeces al sol\u00bb, algod\u00f3n ecol\u00f3gico\"}]},{\"@type\":\"WebSite\",\"@id\":\"https:\/\/trecepecesfuerteventura.com\/#website\",\"url\":\"https:\/\/trecepecesfuerteventura.com\/\",\"name\":\"Trecepeces Fuerteventura\",\"description\":\"Shop &amp; Expo\",\"publisher\":{\"@id\":\"https:\/\/trecepecesfuerteventura.com\/#organization\"},\"potentialAction\":[{\"@type\":\"SearchAction\",\"target\":{\"@type\":\"EntryPoint\",\"urlTemplate\":\"https:\/\/trecepecesfuerteventura.com\/?s={search_term_string}\"},\"query-input\":{\"@type\":\"PropertyValueSpecification\",\"valueRequired\":true,\"valueName\":\"search_term_string\"}}],\"inLanguage\":\"en-GB\"},{\"@type\":\"Organization\",\"@id\":\"https:\/\/trecepecesfuerteventura.com\/#organization\",\"name\":\"Trecepeces Fuerteventura\",\"url\":\"https:\/\/trecepecesfuerteventura.com\/\",\"logo\":{\"@type\":\"ImageObject\",\"inLanguage\":\"en-GB\",\"@id\":\"https:\/\/trecepecesfuerteventura.com\/#\/schema\/logo\/image\/\",\"url\":\"https:\/\/trecepecesfuerteventura.com\/wp-content\/uploads\/2024\/01\/0001-2.png\",\"contentUrl\":\"https:\/\/trecepecesfuerteventura.com\/wp-content\/uploads\/2024\/01\/0001-2.png\",\"width\":2367,\"height\":2122,\"caption\":\"Trecepeces Fuerteventura\"},\"image\":{\"@id\":\"https:\/\/trecepecesfuerteventura.com\/#\/schema\/logo\/image\/\"}}]}<\/script>\n<!-- \/ Yoast SEO plugin. -->","yoast_head_json":{"title":"Camiseta mujer dise\u00f1o \"peces al sol\", algod\u00f3n ecol\u00f3gico - Trecepeces Fuerteventura","robots":{"index":"index","follow":"follow","max-snippet":"max-snippet:-1","max-image-preview":"max-image-preview:large","max-video-preview":"max-video-preview:-1"},"canonical":"https:\/\/trecepecesfuerteventura.com\/en\/product\/camiseta-mujer-diseno-peces-al-sol-algodon-ecologico\/","og_locale":"en_GB","og_type":"article","og_title":"Camiseta mujer dise\u00f1o \"peces al sol\", algod\u00f3n ecol\u00f3gico - Trecepeces Fuerteventura","og_description":"100% algod\u00f3n ecol\u00f3gico","og_url":"https:\/\/trecepecesfuerteventura.com\/en\/product\/camiseta-mujer-diseno-peces-al-sol-algodon-ecologico\/","og_site_name":"Trecepeces Fuerteventura","article_modified_time":"2026-02-08T09:22:23+00:00","og_image":[{"width":1280,"height":1245,"url":"https:\/\/trecepecesfuerteventura.com\/wp-content\/uploads\/2024\/01\/diseno-peces-al-sol-marino-1-de-2-Photoroom.png-Photoroom.png","type":"image\/png"}],"twitter_card":"summary_large_image","twitter_misc":{"Estimated reading time":"1 minute"},"schema":{"@context":"https:\/\/schema.org","@graph":[{"@type":"WebPage","@id":"https:\/\/trecepecesfuerteventura.com\/producto\/camiseta-mujer-diseno-peces-al-sol-algodon-ecologico\/","url":"https:\/\/trecepecesfuerteventura.com\/producto\/camiseta-mujer-diseno-peces-al-sol-algodon-ecologico\/","name":"Camiseta mujer dise\u00f1o \"peces al sol\", algod\u00f3n ecol\u00f3gico - Trecepeces Fuerteventura","isPartOf":{"@id":"https:\/\/trecepecesfuerteventura.com\/#website"},"primaryImageOfPage":{"@id":"https:\/\/trecepecesfuerteventura.com\/producto\/camiseta-mujer-diseno-peces-al-sol-algodon-ecologico\/#primaryimage"},"image":{"@id":"https:\/\/trecepecesfuerteventura.com\/producto\/camiseta-mujer-diseno-peces-al-sol-algodon-ecologico\/#primaryimage"},"thumbnailUrl":"https:\/\/trecepecesfuerteventura.com\/wp-content\/uploads\/2024\/01\/diseno-peces-al-sol-marino-1-de-2-Photoroom.png-Photoroom.png","datePublished":"2024-01-29T11:03:50+00:00","dateModified":"2026-02-08T09:22:23+00:00","breadcrumb":{"@id":"https:\/\/trecepecesfuerteventura.com\/producto\/camiseta-mujer-diseno-peces-al-sol-algodon-ecologico\/#breadcrumb"},"inLanguage":"en-GB","potentialAction":[{"@type":"ReadAction","target":["https:\/\/trecepecesfuerteventura.com\/producto\/camiseta-mujer-diseno-peces-al-sol-algodon-ecologico\/"]}]},{"@type":"ImageObject","inLanguage":"en-GB","@id":"https:\/\/trecepecesfuerteventura.com\/producto\/camiseta-mujer-diseno-peces-al-sol-algodon-ecologico\/#primaryimage","url":"https:\/\/trecepecesfuerteventura.com\/wp-content\/uploads\/2024\/01\/diseno-peces-al-sol-marino-1-de-2-Photoroom.png-Photoroom.png","contentUrl":"https:\/\/trecepecesfuerteventura.com\/wp-content\/uploads\/2024\/01\/diseno-peces-al-sol-marino-1-de-2-Photoroom.png-Photoroom.png","width":1280,"height":1245},{"@type":"BreadcrumbList","@id":"https:\/\/trecepecesfuerteventura.com\/producto\/camiseta-mujer-diseno-peces-al-sol-algodon-ecologico\/#breadcrumb","itemListElement":[{"@type":"ListItem","position":1,"name":"Portada","item":"https:\/\/trecepecesfuerteventura.com\/"},{"@type":"ListItem","position":2,"name":"Tienda","item":"https:\/\/trecepecesfuerteventura.com\/tienda\/"},{"@type":"ListItem","position":3,"name":"Camiseta mujer dise\u00f1o \u00abpeces al sol\u00bb, algod\u00f3n ecol\u00f3gico"}]},{"@type":"WebSite","@id":"https:\/\/trecepecesfuerteventura.com\/#website","url":"https:\/\/trecepecesfuerteventura.com\/","name":"Trecepeces Fuerteventura","description":"Shop &amp; Expo","publisher":{"@id":"https:\/\/trecepecesfuerteventura.com\/#organization"},"potentialAction":[{"@type":"SearchAction","target":{"@type":"EntryPoint","urlTemplate":"https:\/\/trecepecesfuerteventura.com\/?s={search_term_string}"},"query-input":{"@type":"PropertyValueSpecification","valueRequired":true,"valueName":"search_term_string"}}],"inLanguage":"en-GB"},{"@type":"Organization","@id":"https:\/\/trecepecesfuerteventura.com\/#organization","name":"Trecepeces Fuerteventura","url":"https:\/\/trecepecesfuerteventura.com\/","logo":{"@type":"ImageObject","inLanguage":"en-GB","@id":"https:\/\/trecepecesfuerteventura.com\/#\/schema\/logo\/image\/","url":"https:\/\/trecepecesfuerteventura.com\/wp-content\/uploads\/2024\/01\/0001-2.png","contentUrl":"https:\/\/trecepecesfuerteventura.com\/wp-content\/uploads\/2024\/01\/0001-2.png","width":2367,"height":2122,"caption":"Trecepeces Fuerteventura"},"image":{"@id":"https:\/\/trecepecesfuerteventura.com\/#\/schema\/logo\/image\/"}}]}},"_links":{"self":[{"href":"https:\/\/trecepecesfuerteventura.com\/en\/wp-json\/wp\/v2\/product\/249","targetHints":{"allow":["GET"]}}],"collection":[{"href":"https:\/\/trecepecesfuerteventura.com\/en\/wp-json\/wp\/v2\/product"}],"about":[{"href":"https:\/\/trecepecesfuerteventura.com\/en\/wp-json\/wp\/v2\/types\/product"}],"replies":[{"embeddable":true,"href":"https:\/\/trecepecesfuerteventura.com\/en\/wp-json\/wp\/v2\/comments?post=249"}],"wp:featuredmedia":[{"embeddable":true,"href":"https:\/\/trecepecesfuerteventura.com\/en\/wp-json\/wp\/v2\/media\/644"}],"wp:attachment":[{"href":"https:\/\/trecepecesfuerteventura.com\/en\/wp-json\/wp\/v2\/media?parent=249"}],"wp:term":[{"taxonomy":"product_brand","embeddable":true,"href":"https:\/\/trecepecesfuerteventura.com\/en\/wp-json\/wp\/v2\/product_brand?post=249"},{"taxonomy":"product_cat","embeddable":true,"href":"https:\/\/trecepecesfuerteventura.com\/en\/wp-json\/wp\/v2\/product_cat?post=249"},{"taxonomy":"product_tag","embeddable":true,"href":"https:\/\/trecepecesfuerteventura.com\/en\/wp-json\/wp\/v2\/product_tag?post=249"}],"curies":[{"name":"wp","href":"https:\/\/api.w.org\/{rel}","templated":true}]}}