{"id":948,"date":"2024-11-11T11:40:04","date_gmt":"2024-11-11T10:40:04","guid":{"rendered":"https:\/\/trecepecesfuerteventura.com\/?post_type=product&#038;p=948"},"modified":"2025-01-28T21:00:20","modified_gmt":"2025-01-28T20:00:20","slug":"pendientes-estrella-mar-acero-fuerteventura","status":"publish","type":"product","link":"https:\/\/trecepecesfuerteventura.com\/en\/product\/pendientes-estrella-mar-acero-fuerteventura\/","title":{"rendered":"Starfish earrings"},"content":{"rendered":"<h3><strong>Starfish earrings: design inspired by the sea of Fuerteventura.<\/strong><br \/>\nDiscover the magic of the ocean with our <em>starfish earrings<\/em>a unique design made of high quality stainless steel. Inspired by the marine biodiversity of Fuerteventura. Perfect earrings for those looking for durable, hypoallergenic and stylish accessories.<\/h3>\n<h3><strong>Lightness and strength with a touch of elegance.<\/strong><br \/>\nMade of stainless steel, they offer a shine that remains intact over time. They are ideal for everyday use thanks to their hypoallergenic material, which cares for even the most sensitive skin.<\/h3>\n<h4><strong>The perfect gift for sea lovers<\/strong><\/h4>\n<ul>\n<li>\n<h4><strong>Exclusive design:<\/strong> Inspired by the starfish that live off the coast of Fuerteventura.<\/h4>\n<\/li>\n<li>\n<h4><strong>High quality:<\/strong> Stainless steel material guarantees durability.<\/h4>\n<\/li>\n<li>\n<h4><strong>Versatility:<\/strong> Perfect for both casual and dressy looks.<\/h4>\n<\/li>\n<\/ul>\n<h4><strong>It supports sustainable and local design.<\/strong><br \/>\nOur <em>starfish earrings<\/em> are designed to reflect a connection to the sea, a commitment to sustainability and a love of nature. Wear them as a unique souvenir of a trip to the island or give them as a gift to someone special.<\/h4>\n<h4>Find out more about the stars that inspire our design, <a href=\"https:\/\/www3.gobiernodecanarias.org\/medusa\/ecoescuela\/recursosdigitales\/coleccion\/fauna-marina-canaria\/\">visit this page about jellyfish and marine fauna of Fuerteventura<\/a>.<\/h4>\n<h4>Although it can occasionally get wet, we recommend, for the best maintenance, that you do not use it in showers, swimming pools or in the sea. If you expose it too much to water it may lose its gold plating. In that case it will remain the colour of brass. Also try not to expose them to chemicals such as cologne for the same reason.<\/h4>","protected":false},"excerpt":{"rendered":"<h4>Stainless steel starfish earrings, inspired by Fuerteventura. Exclusive design, hypoallergenic and perfect as a gift or unique souvenir.<\/h4>","protected":false},"featured_media":982,"comment_status":"open","ping_status":"closed","template":"","meta":{"_joinchat":[]},"product_brand":[],"product_cat":[57,72],"product_tag":[],"class_list":{"0":"post-948","1":"product","2":"type-product","3":"status-publish","4":"has-post-thumbnail","6":"product_cat-colgante","7":"product_cat-pendientes","9":"first","10":"instock","11":"purchasable","12":"product-type-variable"},"yoast_head":"<!-- This site is optimized with the Yoast SEO plugin v26.8 - https:\/\/yoast.com\/product\/yoast-seo-wordpress\/ -->\n<title>Pendientes de estrella de mar - Trecepeces Fuerteventura<\/title>\n<meta name=\"description\" content=\"A\u00f1ade un toque marino a tu estilo con estos pendientes de estrella de mar de acero inoxidable. Resistentes, elegantes y perfectos para cualquier ocasi\u00f3n. Dise\u00f1o exclusivo, hipoalerg\u00e9nicos y perfectos como regalo o recuerdo \u00fanico\" \/>\n<meta name=\"robots\" content=\"index, follow, max-snippet:-1, max-image-preview:large, max-video-preview:-1\" \/>\n<link rel=\"canonical\" href=\"https:\/\/trecepecesfuerteventura.com\/en\/product\/pendientes-estrella-mar-acero-fuerteventura\/\" \/>\n<meta property=\"og:locale\" content=\"en_GB\" \/>\n<meta property=\"og:type\" content=\"article\" \/>\n<meta property=\"og:title\" content=\"Pendientes de estrella de mar - Trecepeces Fuerteventura\" \/>\n<meta property=\"og:description\" content=\"A\u00f1ade un toque marino a tu estilo con estos pendientes de estrella de mar de acero inoxidable. Resistentes, elegantes y perfectos para cualquier ocasi\u00f3n. Dise\u00f1o exclusivo, hipoalerg\u00e9nicos y perfectos como regalo o recuerdo \u00fanico\" \/>\n<meta property=\"og:url\" content=\"https:\/\/trecepecesfuerteventura.com\/en\/product\/pendientes-estrella-mar-acero-fuerteventura\/\" \/>\n<meta property=\"og:site_name\" content=\"Trecepeces Fuerteventura\" \/>\n<meta property=\"article:modified_time\" content=\"2025-01-28T20:00:20+00:00\" \/>\n<meta property=\"og:image\" content=\"https:\/\/trecepecesfuerteventura.com\/wp-content\/uploads\/2024\/11\/20250124_103010-scaled.jpg\" \/>\n\t<meta property=\"og:image:width\" content=\"2111\" \/>\n\t<meta property=\"og:image:height\" content=\"2560\" \/>\n\t<meta property=\"og:image:type\" content=\"image\/jpeg\" \/>\n<meta name=\"twitter:card\" content=\"summary_large_image\" \/>\n<meta name=\"twitter:label1\" content=\"Estimated reading time\" \/>\n\t<meta name=\"twitter:data1\" content=\"2 minutes\" \/>\n<script type=\"application\/ld+json\" class=\"yoast-schema-graph\">{\"@context\":\"https:\/\/schema.org\",\"@graph\":[{\"@type\":\"WebPage\",\"@id\":\"https:\/\/trecepecesfuerteventura.com\/producto\/pendientes-estrella-mar-acero-fuerteventura\/\",\"url\":\"https:\/\/trecepecesfuerteventura.com\/producto\/pendientes-estrella-mar-acero-fuerteventura\/\",\"name\":\"Pendientes de estrella de mar - Trecepeces Fuerteventura\",\"isPartOf\":{\"@id\":\"https:\/\/trecepecesfuerteventura.com\/#website\"},\"primaryImageOfPage\":{\"@id\":\"https:\/\/trecepecesfuerteventura.com\/producto\/pendientes-estrella-mar-acero-fuerteventura\/#primaryimage\"},\"image\":{\"@id\":\"https:\/\/trecepecesfuerteventura.com\/producto\/pendientes-estrella-mar-acero-fuerteventura\/#primaryimage\"},\"thumbnailUrl\":\"https:\/\/trecepecesfuerteventura.com\/wp-content\/uploads\/2024\/11\/20250124_103010-scaled.jpg\",\"datePublished\":\"2024-11-11T10:40:04+00:00\",\"dateModified\":\"2025-01-28T20:00:20+00:00\",\"description\":\"A\u00f1ade un toque marino a tu estilo con estos pendientes de estrella de mar de acero inoxidable. Resistentes, elegantes y perfectos para cualquier ocasi\u00f3n. Dise\u00f1o exclusivo, hipoalerg\u00e9nicos y perfectos como regalo o recuerdo \u00fanico\",\"breadcrumb\":{\"@id\":\"https:\/\/trecepecesfuerteventura.com\/producto\/pendientes-estrella-mar-acero-fuerteventura\/#breadcrumb\"},\"inLanguage\":\"en-GB\",\"potentialAction\":[{\"@type\":\"ReadAction\",\"target\":[\"https:\/\/trecepecesfuerteventura.com\/producto\/pendientes-estrella-mar-acero-fuerteventura\/\"]}]},{\"@type\":\"ImageObject\",\"inLanguage\":\"en-GB\",\"@id\":\"https:\/\/trecepecesfuerteventura.com\/producto\/pendientes-estrella-mar-acero-fuerteventura\/#primaryimage\",\"url\":\"https:\/\/trecepecesfuerteventura.com\/wp-content\/uploads\/2024\/11\/20250124_103010-scaled.jpg\",\"contentUrl\":\"https:\/\/trecepecesfuerteventura.com\/wp-content\/uploads\/2024\/11\/20250124_103010-scaled.jpg\",\"width\":2111,\"height\":2560,\"caption\":\"Pendientes de estrella de mar de acero inoxidable, perfectos como recuerdo de Fuerteventura\"},{\"@type\":\"BreadcrumbList\",\"@id\":\"https:\/\/trecepecesfuerteventura.com\/producto\/pendientes-estrella-mar-acero-fuerteventura\/#breadcrumb\",\"itemListElement\":[{\"@type\":\"ListItem\",\"position\":1,\"name\":\"Portada\",\"item\":\"https:\/\/trecepecesfuerteventura.com\/\"},{\"@type\":\"ListItem\",\"position\":2,\"name\":\"Tienda\",\"item\":\"https:\/\/trecepecesfuerteventura.com\/tienda\/\"},{\"@type\":\"ListItem\",\"position\":3,\"name\":\"Pendientes de estrella de mar\"}]},{\"@type\":\"WebSite\",\"@id\":\"https:\/\/trecepecesfuerteventura.com\/#website\",\"url\":\"https:\/\/trecepecesfuerteventura.com\/\",\"name\":\"Trecepeces Fuerteventura\",\"description\":\"Shop &amp; Expo\",\"publisher\":{\"@id\":\"https:\/\/trecepecesfuerteventura.com\/#organization\"},\"potentialAction\":[{\"@type\":\"SearchAction\",\"target\":{\"@type\":\"EntryPoint\",\"urlTemplate\":\"https:\/\/trecepecesfuerteventura.com\/?s={search_term_string}\"},\"query-input\":{\"@type\":\"PropertyValueSpecification\",\"valueRequired\":true,\"valueName\":\"search_term_string\"}}],\"inLanguage\":\"en-GB\"},{\"@type\":\"Organization\",\"@id\":\"https:\/\/trecepecesfuerteventura.com\/#organization\",\"name\":\"Trecepeces Fuerteventura\",\"url\":\"https:\/\/trecepecesfuerteventura.com\/\",\"logo\":{\"@type\":\"ImageObject\",\"inLanguage\":\"en-GB\",\"@id\":\"https:\/\/trecepecesfuerteventura.com\/#\/schema\/logo\/image\/\",\"url\":\"https:\/\/trecepecesfuerteventura.com\/wp-content\/uploads\/2024\/01\/0001-2.png\",\"contentUrl\":\"https:\/\/trecepecesfuerteventura.com\/wp-content\/uploads\/2024\/01\/0001-2.png\",\"width\":2367,\"height\":2122,\"caption\":\"Trecepeces Fuerteventura\"},\"image\":{\"@id\":\"https:\/\/trecepecesfuerteventura.com\/#\/schema\/logo\/image\/\"}}]}<\/script>\n<!-- \/ Yoast SEO plugin. -->","yoast_head_json":{"title":"Pendientes de estrella de mar - Trecepeces Fuerteventura","description":"A\u00f1ade un toque marino a tu estilo con estos pendientes de estrella de mar de acero inoxidable. Resistentes, elegantes y perfectos para cualquier ocasi\u00f3n. Dise\u00f1o exclusivo, hipoalerg\u00e9nicos y perfectos como regalo o recuerdo \u00fanico","robots":{"index":"index","follow":"follow","max-snippet":"max-snippet:-1","max-image-preview":"max-image-preview:large","max-video-preview":"max-video-preview:-1"},"canonical":"https:\/\/trecepecesfuerteventura.com\/en\/product\/pendientes-estrella-mar-acero-fuerteventura\/","og_locale":"en_GB","og_type":"article","og_title":"Pendientes de estrella de mar - Trecepeces Fuerteventura","og_description":"A\u00f1ade un toque marino a tu estilo con estos pendientes de estrella de mar de acero inoxidable. Resistentes, elegantes y perfectos para cualquier ocasi\u00f3n. Dise\u00f1o exclusivo, hipoalerg\u00e9nicos y perfectos como regalo o recuerdo \u00fanico","og_url":"https:\/\/trecepecesfuerteventura.com\/en\/product\/pendientes-estrella-mar-acero-fuerteventura\/","og_site_name":"Trecepeces Fuerteventura","article_modified_time":"2025-01-28T20:00:20+00:00","og_image":[{"width":2111,"height":2560,"url":"https:\/\/trecepecesfuerteventura.com\/wp-content\/uploads\/2024\/11\/20250124_103010-scaled.jpg","type":"image\/jpeg"}],"twitter_card":"summary_large_image","twitter_misc":{"Estimated reading time":"2 minutes"},"schema":{"@context":"https:\/\/schema.org","@graph":[{"@type":"WebPage","@id":"https:\/\/trecepecesfuerteventura.com\/producto\/pendientes-estrella-mar-acero-fuerteventura\/","url":"https:\/\/trecepecesfuerteventura.com\/producto\/pendientes-estrella-mar-acero-fuerteventura\/","name":"Pendientes de estrella de mar - Trecepeces Fuerteventura","isPartOf":{"@id":"https:\/\/trecepecesfuerteventura.com\/#website"},"primaryImageOfPage":{"@id":"https:\/\/trecepecesfuerteventura.com\/producto\/pendientes-estrella-mar-acero-fuerteventura\/#primaryimage"},"image":{"@id":"https:\/\/trecepecesfuerteventura.com\/producto\/pendientes-estrella-mar-acero-fuerteventura\/#primaryimage"},"thumbnailUrl":"https:\/\/trecepecesfuerteventura.com\/wp-content\/uploads\/2024\/11\/20250124_103010-scaled.jpg","datePublished":"2024-11-11T10:40:04+00:00","dateModified":"2025-01-28T20:00:20+00:00","description":"A\u00f1ade un toque marino a tu estilo con estos pendientes de estrella de mar de acero inoxidable. Resistentes, elegantes y perfectos para cualquier ocasi\u00f3n. Dise\u00f1o exclusivo, hipoalerg\u00e9nicos y perfectos como regalo o recuerdo \u00fanico","breadcrumb":{"@id":"https:\/\/trecepecesfuerteventura.com\/producto\/pendientes-estrella-mar-acero-fuerteventura\/#breadcrumb"},"inLanguage":"en-GB","potentialAction":[{"@type":"ReadAction","target":["https:\/\/trecepecesfuerteventura.com\/producto\/pendientes-estrella-mar-acero-fuerteventura\/"]}]},{"@type":"ImageObject","inLanguage":"en-GB","@id":"https:\/\/trecepecesfuerteventura.com\/producto\/pendientes-estrella-mar-acero-fuerteventura\/#primaryimage","url":"https:\/\/trecepecesfuerteventura.com\/wp-content\/uploads\/2024\/11\/20250124_103010-scaled.jpg","contentUrl":"https:\/\/trecepecesfuerteventura.com\/wp-content\/uploads\/2024\/11\/20250124_103010-scaled.jpg","width":2111,"height":2560,"caption":"Pendientes de estrella de mar de acero inoxidable, perfectos como recuerdo de Fuerteventura"},{"@type":"BreadcrumbList","@id":"https:\/\/trecepecesfuerteventura.com\/producto\/pendientes-estrella-mar-acero-fuerteventura\/#breadcrumb","itemListElement":[{"@type":"ListItem","position":1,"name":"Portada","item":"https:\/\/trecepecesfuerteventura.com\/"},{"@type":"ListItem","position":2,"name":"Tienda","item":"https:\/\/trecepecesfuerteventura.com\/tienda\/"},{"@type":"ListItem","position":3,"name":"Pendientes de estrella de mar"}]},{"@type":"WebSite","@id":"https:\/\/trecepecesfuerteventura.com\/#website","url":"https:\/\/trecepecesfuerteventura.com\/","name":"Trecepeces Fuerteventura","description":"Shop &amp; Expo","publisher":{"@id":"https:\/\/trecepecesfuerteventura.com\/#organization"},"potentialAction":[{"@type":"SearchAction","target":{"@type":"EntryPoint","urlTemplate":"https:\/\/trecepecesfuerteventura.com\/?s={search_term_string}"},"query-input":{"@type":"PropertyValueSpecification","valueRequired":true,"valueName":"search_term_string"}}],"inLanguage":"en-GB"},{"@type":"Organization","@id":"https:\/\/trecepecesfuerteventura.com\/#organization","name":"Trecepeces Fuerteventura","url":"https:\/\/trecepecesfuerteventura.com\/","logo":{"@type":"ImageObject","inLanguage":"en-GB","@id":"https:\/\/trecepecesfuerteventura.com\/#\/schema\/logo\/image\/","url":"https:\/\/trecepecesfuerteventura.com\/wp-content\/uploads\/2024\/01\/0001-2.png","contentUrl":"https:\/\/trecepecesfuerteventura.com\/wp-content\/uploads\/2024\/01\/0001-2.png","width":2367,"height":2122,"caption":"Trecepeces Fuerteventura"},"image":{"@id":"https:\/\/trecepecesfuerteventura.com\/#\/schema\/logo\/image\/"}}]}},"_links":{"self":[{"href":"https:\/\/trecepecesfuerteventura.com\/en\/wp-json\/wp\/v2\/product\/948","targetHints":{"allow":["GET"]}}],"collection":[{"href":"https:\/\/trecepecesfuerteventura.com\/en\/wp-json\/wp\/v2\/product"}],"about":[{"href":"https:\/\/trecepecesfuerteventura.com\/en\/wp-json\/wp\/v2\/types\/product"}],"replies":[{"embeddable":true,"href":"https:\/\/trecepecesfuerteventura.com\/en\/wp-json\/wp\/v2\/comments?post=948"}],"wp:featuredmedia":[{"embeddable":true,"href":"https:\/\/trecepecesfuerteventura.com\/en\/wp-json\/wp\/v2\/media\/982"}],"wp:attachment":[{"href":"https:\/\/trecepecesfuerteventura.com\/en\/wp-json\/wp\/v2\/media?parent=948"}],"wp:term":[{"taxonomy":"product_brand","embeddable":true,"href":"https:\/\/trecepecesfuerteventura.com\/en\/wp-json\/wp\/v2\/product_brand?post=948"},{"taxonomy":"product_cat","embeddable":true,"href":"https:\/\/trecepecesfuerteventura.com\/en\/wp-json\/wp\/v2\/product_cat?post=948"},{"taxonomy":"product_tag","embeddable":true,"href":"https:\/\/trecepecesfuerteventura.com\/en\/wp-json\/wp\/v2\/product_tag?post=948"}],"curies":[{"name":"wp","href":"https:\/\/api.w.org\/{rel}","templated":true}]}}