{"id":788,"date":"2024-02-22T16:40:04","date_gmt":"2024-02-22T15:40:04","guid":{"rendered":"https:\/\/trecepecesfuerteventura.com\/?page_id=788"},"modified":"2024-02-22T17:46:01","modified_gmt":"2024-02-22T16:46:01","slug":"aviso-legal","status":"publish","type":"page","link":"https:\/\/trecepecesfuerteventura.com\/fr\/aviso-legal\/","title":{"rendered":"Avis juridique"},"content":{"rendered":"<div data-elementor-type=\"wp-page\" data-elementor-id=\"788\" class=\"elementor elementor-788\" data-elementor-post-type=\"page\">\n\t\t\t\t\t\t<section class=\"elementor-section elementor-top-section elementor-element elementor-element-e927e20 elementor-section-full_width elementor-section-height-default elementor-section-height-default\" data-id=\"e927e20\" data-element_type=\"section\" data-e-type=\"section\" data-settings=\"{&quot;jet_parallax_layout_list&quot;:[]}\">\n\t\t\t\t\t\t<div class=\"elementor-container elementor-column-gap-default\">\n\t\t\t\t\t<div class=\"elementor-column elementor-col-100 elementor-top-column elementor-element elementor-element-5f5b964\" data-id=\"5f5b964\" data-element_type=\"column\" data-e-type=\"column\">\n\t\t\t<div class=\"elementor-widget-wrap elementor-element-populated\">\n\t\t\t\t\t<div class=\"elementor-background-overlay\"><\/div>\n\t\t\t\t\t\t<section class=\"elementor-section elementor-inner-section elementor-element elementor-element-8fec8da elementor-section-height-min-height elementor-section-boxed elementor-section-height-default\" data-id=\"8fec8da\" data-element_type=\"section\" data-e-type=\"section\" data-settings=\"{&quot;background_background&quot;:&quot;classic&quot;,&quot;jet_parallax_layout_list&quot;:[]}\">\n\t\t\t\t\t\t\t<div class=\"elementor-background-overlay\"><\/div>\n\t\t\t\t\t\t\t<div class=\"elementor-container elementor-column-gap-default\">\n\t\t\t\t\t<div class=\"elementor-column elementor-col-100 elementor-inner-column elementor-element elementor-element-0f3097a\" data-id=\"0f3097a\" data-element_type=\"column\" data-e-type=\"column\" data-settings=\"{&quot;background_background&quot;:&quot;classic&quot;}\">\n\t\t\t<div class=\"elementor-widget-wrap elementor-element-populated\">\n\t\t\t\t\t\t<div class=\"elementor-element elementor-element-16604b9 elementor-icon-list--layout-inline elementor-align-center elementor-list-item-link-full_width elementor-invisible elementor-widget elementor-widget-icon-list\" data-id=\"16604b9\" data-element_type=\"widget\" data-e-type=\"widget\" data-settings=\"{&quot;_animation&quot;:&quot;fadeIn&quot;,&quot;_animation_delay&quot;:200}\" data-widget_type=\"icon-list.default\">\n\t\t\t\t<div class=\"elementor-widget-container\">\n\t\t\t\t\t\t\t<ul class=\"elementor-icon-list-items elementor-inline-items\">\n\t\t\t\t\t\t\t<li class=\"elementor-icon-list-item elementor-inline-item\">\n\t\t\t\t\t\t\t\t\t\t\t<a href=\"https:\/\/trecepecesfuerteventura.com\/fr\">\n\n\t\t\t\t\t\t\t\t\t\t\t<span class=\"elementor-icon-list-text\">ACCUEIL<\/span>\n\t\t\t\t\t\t\t\t\t\t\t<\/a>\n\t\t\t\t\t\t\t\t\t<\/li>\n\t\t\t\t\t\t\t\t<li class=\"elementor-icon-list-item elementor-inline-item\">\n\t\t\t\t\t\t\t\t\t\t\t<span class=\"elementor-icon-list-icon\">\n\t\t\t\t\t\t\t<i aria-hidden=\"true\" class=\"icon icon-right-arrow1\"><\/i>\t\t\t\t\t\t<\/span>\n\t\t\t\t\t\t\t\t\t\t<span class=\"elementor-icon-list-text\"><\/span>\n\t\t\t\t\t\t\t\t\t<\/li>\n\t\t\t\t\t\t<\/ul>\n\t\t\t\t\t\t<\/div>\n\t\t\t\t<\/div>\n\t\t\t\t\t<\/div>\n\t\t<\/div>\n\t\t\t\t\t<\/div>\n\t\t<\/section>\n\t\t\t\t\t<\/div>\n\t\t<\/div>\n\t\t\t\t\t<\/div>\n\t\t<\/section>\n\t\t<div class=\"elementor-element elementor-element-8ef91c5 e-flex e-con-boxed e-con e-parent\" data-id=\"8ef91c5\" data-element_type=\"container\" data-e-type=\"container\" data-settings=\"{&quot;jet_parallax_layout_list&quot;:[]}\">\n\t\t\t\t\t<div class=\"e-con-inner\">\n\t\t\t\t<div class=\"elementor-element elementor-element-93c28a4 elementor-widget elementor-widget-text-editor\" data-id=\"93c28a4\" data-element_type=\"widget\" data-e-type=\"widget\" data-widget_type=\"text-editor.default\">\n\t\t\t\t<div class=\"elementor-widget-container\">\n\t\t\t\t\t\t\t\t\t<p>https:\/\/trecepecesfuerteventura.com\/<br>I. INFORMATIONS G\u00c9N\u00c9RALES<br>Conform\u00e9ment \u00e0 l'obligation d'information pr\u00e9vue par la loi 34\/2002 sur les services de la soci\u00e9t\u00e9 de l'information et le commerce \u00e9lectronique (LSSI-CE) du 11 juillet, les informations g\u00e9n\u00e9rales suivantes sont fournies sur ce site web :<\/p>\n<p>La propri\u00e9t\u00e9 de ce site web, https:\/\/trecepecesfuerteventura.com\/, (ci-apr\u00e8s, le site web) est d\u00e9tenue par : MARIA DEL ROSARIO GONZ\u00c1LEZ PE\u00d1ATE, avec NIF : 42865407P, et dont les coordonn\u00e9es sont : MARIA DEL ROSARIO GONZ\u00c1LEZ PE\u00d1ATE, avec NIF : 42865407P, et dont les coordonn\u00e9es sont : MARIA DEL ROSARIO GONZ\u00c1LEZ PE\u00d1ATE, avec NIF : 42865407P, et dont les coordonn\u00e9es sont : MARIA DEL ROSARIO GONZ\u00c1LEZ PE\u00d1ATE, avec NIF : 42865407P :<\/p>\n<p>Adresse : Calle gallegada 7, 35638 Ajuy, P\u00e1jara ( Fuerteventura) province de Las Palmas.<\/p>\n<p>Num\u00e9ro de t\u00e9l\u00e9phone de contact : 928 174 442<\/p>\n<p>Courriel de contact : info@trecepecesfuerteventura.com<\/p>\n<p>II. CONDITIONS G\u00c9N\u00c9RALES D'UTILISATION<br>L'objet des conditions g\u00e9n\u00e9rales : Le site web<br>Les pr\u00e9sentes conditions g\u00e9n\u00e9rales d'utilisation (ci-apr\u00e8s d\u00e9nomm\u00e9es \"conditions\") ont pour objet de r\u00e9glementer l'acc\u00e8s au site web et son utilisation. Aux fins des pr\u00e9sentes conditions g\u00e9n\u00e9rales, on entend par site web : l'aspect ext\u00e9rieur des interfaces d'\u00e9cran, tant statiques que dynamiques, c'est-\u00e0-dire l'arbre de navigation ; et tous les \u00e9l\u00e9ments int\u00e9gr\u00e9s tant dans les interfaces d'\u00e9cran que dans l'arbre de navigation (ci-apr\u00e8s d\u00e9nomm\u00e9s \"contenu\") et tous les services ou ressources en ligne qui peuvent \u00eatre offerts aux utilisateurs (ci-apr\u00e8s d\u00e9nomm\u00e9s \"services\").<\/p>\n<p>Trecepeces Fuerteventura se r\u00e9serve le droit de modifier, \u00e0 tout moment et sans pr\u00e9avis, la pr\u00e9sentation et la configuration du site web ainsi que les contenus et services qui peuvent y \u00eatre incorpor\u00e9s. L'utilisateur reconna\u00eet et accepte que Trecepeces Fuerteventura puisse \u00e0 tout moment interrompre, d\u00e9sactiver et\/ou annuler l'un de ces \u00e9l\u00e9ments int\u00e9gr\u00e9s au site web ou l'acc\u00e8s \u00e0 ceux-ci.<\/p>\n<p>L'acc\u00e8s au site web par l'utilisateur est libre et, en r\u00e8gle g\u00e9n\u00e9rale, gratuit, sans que l'utilisateur n'ait \u00e0 fournir de contrepartie pour en b\u00e9n\u00e9ficier, \u00e0 l'exception du co\u00fbt de la connexion via le r\u00e9seau de t\u00e9l\u00e9communications fourni par le fournisseur d'acc\u00e8s contract\u00e9 par l'utilisateur.<\/p>\n<p>L'utilisation de l'un des contenus ou services du site web peut se faire moyennant une inscription ou un enregistrement pr\u00e9alable de l'utilisateur.<\/p>\n<p>L'utilisateur<br>L'acc\u00e8s, la navigation et l'utilisation du site Web conf\u00e8rent la condition d'utilisateur et, par cons\u00e9quent, \u00e0 partir du moment o\u00f9 l'utilisateur commence \u00e0 naviguer sur le site Web, il accepte toutes les conditions \u00e9tablies ici, ainsi que toutes les modifications ult\u00e9rieures, sans pr\u00e9judice de l'application des normes l\u00e9gales correspondantes qui doivent \u00eatre respect\u00e9es selon le cas. Compte tenu de la pertinence de ce qui pr\u00e9c\u00e8de, il est recommand\u00e9 \u00e0 l'utilisateur de les lire chaque fois qu'il visite le site Web.<\/p>\n<p>Le site web de Trecepeces Fuerteventura fournit un large \u00e9ventail d'informations, de services et de donn\u00e9es. L'utilisateur assume la responsabilit\u00e9 de l'utilisation correcte du site Web. Cette responsabilit\u00e9 s'\u00e9tend \u00e0 :<\/p>\n<p>Une utilisation de l'information, des Contenus et\/ou des Services et donn\u00e9es offerts par Trecepeces Fuerteventura qui soit contraire aux dispositions des pr\u00e9sentes Conditions, \u00e0 la Loi, \u00e0 la morale ou \u00e0 l'ordre public, ou qui, de toute autre mani\u00e8re, puisse porter pr\u00e9judice aux droits de tiers ou au fonctionnement du Site Web.<br>La v\u00e9racit\u00e9 et la l\u00e9galit\u00e9 des informations fournies par l'utilisateur dans les formulaires fournis par Trecepeces Fuerteventura pour l'acc\u00e8s \u00e0 certains contenus ou services offerts par le site Web. En tout \u00e9tat de cause, l'Utilisateur devra notifier imm\u00e9diatement \u00e0 Trecepeces Fuerteventura tout \u00e9v\u00e9nement permettant le mauvais usage des informations enregistr\u00e9es dans ces formulaires, tel que, mais sans s'y limiter, le vol, la perte ou l'acc\u00e8s non autoris\u00e9 aux identifiants et\/ou mots de passe, afin de proc\u00e9der \u00e0 son annulation imm\u00e9diate.<br>Le simple acc\u00e8s \u00e0 ce site Web n'implique aucune relation commerciale entre Trecepeces Fuerteventura et l'utilisateur.<\/p>\n<p>Conform\u00e9ment \u00e0 la l\u00e9gislation en vigueur, ce site web de Trecepeces Fuerteventura s'adresse \u00e0 toutes les personnes, quel que soit leur \u00e2ge, qui peuvent acc\u00e9der et\/ou naviguer sur les pages du site web.<\/p>\n<p>Le site est principalement destin\u00e9 aux utilisateurs r\u00e9sidant en Espagne. Trecepeces Fuerteventura ne fait aucune repr\u00e9sentation quant \u00e0 la conformit\u00e9 du Site avec les lois d'autres pays, en tout ou en partie. Si l'Utilisateur r\u00e9side ou est domicili\u00e9 dans un autre lieu et d\u00e9cide d'acc\u00e9der et\/ou de naviguer sur le Site Internet, il le fera sous sa propre responsabilit\u00e9, il devra s'assurer que cet acc\u00e8s et cette navigation sont conformes \u00e0 la l\u00e9gislation locale qui est applicable, n'assumant pas la responsabilit\u00e9 de Trecepeces Fuerteventura qui pourrait d\u00e9couler de cet acc\u00e8s.<\/p>\n<p>III. ACC\u00c8S ET NAVIGATION SUR LE SITE WEB : EXCLUSION DE GARANTIE ET DE RESPONSABILIT\u00c9<br>Trecepeces Fuerteventura ne garantit pas la continuit\u00e9, la disponibilit\u00e9 et l'utilit\u00e9 du site Web, du contenu ou des services. Trecepeces Fuerteventura fera tout son possible pour le bon fonctionnement du site Web, mais n'est pas responsable ou ne garantit pas que l'acc\u00e8s \u00e0 ce site Web sera ininterrompu ou exempt d'erreurs.<\/p>\n<p>Trecepeces Fuerteventura n'est pas non plus responsable ni ne garantit que le contenu ou le logiciel auquel il est possible d'acc\u00e9der par le biais de ce site Web est exempt d'erreurs ou qu'il peut causer des dommages au syst\u00e8me informatique (logiciel et mat\u00e9riel) de l'utilisateur. Trecepeces Fuerteventura n'est en aucun cas responsable des pertes, dommages ou pr\u00e9judices de toute nature d\u00e9coulant de l'acc\u00e8s, de la navigation et de l'utilisation du site Web, y compris, mais sans s'y limiter, ceux caus\u00e9s aux syst\u00e8mes informatiques ou ceux caus\u00e9s par l'introduction de virus.<\/p>\n<p>Trecepeces Fuerteventura n'est pas responsable des dommages qui pourraient \u00eatre caus\u00e9s aux utilisateurs par une mauvaise utilisation de ce site web. En particulier, elle n'est en aucun cas responsable des pannes, interruptions, d\u00e9fauts ou d\u00e9faillances des t\u00e9l\u00e9communications qui pourraient se produire.<\/p>\n<p>IV. POLITIQUE DE LIAISON<br>L'utilisateur ou le tiers qui cr\u00e9e un lien hypertexte \u00e0 partir d'une page web d'un autre site web vers le site web de Trecepeces Fuerteventura doit \u00eatre conscient du fait que<\/p>\n<p>La reproduction - totale ou partielle - de tout contenu et\/ou service du site Web n'est pas permise sans l'autorisation expresse de Trecepeces Fuerteventura.<\/p>\n<p>Aucune d\u00e9claration fausse, inexacte ou incorrecte sur le site web de Trecepeces Fuerteventura, ni sur les contenus et\/ou services de ce dernier n'est autoris\u00e9e.<\/p>\n<p>\u00c0 l'exception de l'hyperlien, le site Web sur lequel l'hyperlien est \u00e9tabli ne contiendra aucun \u00e9l\u00e9ment de ce site Web prot\u00e9g\u00e9 comme propri\u00e9t\u00e9 intellectuelle par la loi espagnole, sauf autorisation expresse de Trecepeces Fuerteventura.<\/p>\n<p>L'\u00e9tablissement de l'hyperlien n'implique pas l'existence d'une relation entre Trecepeces Fuerteventura et le propri\u00e9taire du site web \u00e0 partir duquel il est \u00e9tabli, ni la connaissance et l'acceptation par Trecepeces Fuerteventura des contenus, services et\/ou activit\u00e9s offerts sur ledit site web, et vice versa.<\/p>\n<p>V. PROPRI\u00c9T\u00c9 INTELLECTUELLE ET INDUSTRIELLE<br>Trecepeces Fuerteventura, elle-m\u00eame ou en tant que cessionnaire, d\u00e9tient tous les droits de propri\u00e9t\u00e9 intellectuelle et industrielle du site Web, ainsi que les \u00e9l\u00e9ments qu'il contient (y compris, mais sans s'y limiter, les images, le son, l'audio, la vid\u00e9o, le logiciel ou le texte, les marques ou les logos, les combinaisons de couleurs, la structure et la conception, la s\u00e9lection des mat\u00e9riaux utilis\u00e9s, les programmes informatiques n\u00e9cessaires \u00e0 son fonctionnement, \u00e0 son acc\u00e8s et \u00e0 son utilisation, etc.) ). Il s'agit donc d'\u0153uvres prot\u00e9g\u00e9es en tant que propri\u00e9t\u00e9 intellectuelle par le syst\u00e8me juridique espagnol, auquel s'appliquent les r\u00e9glementations espagnoles et communautaires en la mati\u00e8re, ainsi que les trait\u00e9s internationaux sign\u00e9s par l'Espagne en la mati\u00e8re.<\/p>\n<p>Tous les droits sont r\u00e9serv\u00e9s. Conform\u00e9ment aux dispositions de la loi sur la propri\u00e9t\u00e9 intellectuelle, la reproduction, la distribution et la communication publique, y compris la mise \u00e0 disposition, de tout ou partie du contenu de ce site Web, \u00e0 des fins commerciales, sur tout support et par tout moyen technique, sans l'autorisation de Trecepeces Fuerteventura, sont express\u00e9ment interdites.<\/p>\n<p>L'utilisateur s'engage \u00e0 respecter les droits de propri\u00e9t\u00e9 intellectuelle et industrielle de Trecepeces Fuerteventura. Vous pouvez visualiser les \u00e9l\u00e9ments du site Web ou m\u00eame les imprimer, les copier et les stocker sur le disque dur de votre ordinateur ou de tout autre mat\u00e9riel, \u00e0 condition que ce soit uniquement pour un usage personnel. L'utilisateur ne peut cependant pas enlever, modifier ou manipuler tout dispositif de protection ou syst\u00e8me de s\u00e9curit\u00e9 install\u00e9 sur le site Web.<\/p>\n<p>Dans le cas o\u00f9 l'Utilisateur ou un tiers consid\u00e8re que l'un des Contenus du Site Web implique une violation des droits de protection de la propri\u00e9t\u00e9 intellectuelle, il doit en informer imm\u00e9diatement Trecepeces Fuerteventura \u00e0 travers les coordonn\u00e9es indiqu\u00e9es dans la section INFORMATIONS G\u00c9N\u00c9RALES de ces Mentions L\u00e9gales et Conditions G\u00e9n\u00e9rales d'Utilisation.<\/p>\n<p>VI. ACTIONS EN JUSTICE, DROIT APPLICABLE ET JURIDICTION<br>Trecepeces Fuerteventura se r\u00e9serve le droit d'intenter toute action civile ou p\u00e9nale qu'elle juge n\u00e9cessaire en cas d'utilisation inappropri\u00e9e du site Web et de ses contenus, ou en cas de violation des pr\u00e9sentes conditions.<\/p>\n<p>La relation entre l'utilisateur et Trecepeces Fuerteventura sera r\u00e9gie par la r\u00e9glementation en vigueur et applicable sur le territoire espagnol. En cas de litige concernant l'interpr\u00e9tation et\/ou l'application de ces conditions, les parties soumettront leurs litiges \u00e0 la juridiction ordinaire, en s'adressant aux juges et aux tribunaux correspondants conform\u00e9ment \u00e0 la loi.<\/p>\n<p><\/p>\t\t\t\t\t\t\t\t<\/div>\n\t\t\t\t<\/div>\n\t\t\t\t\t<\/div>\n\t\t\t\t<\/div>\n\t\t\t\t<\/div>","protected":false},"excerpt":{"rendered":"<p>INICIO https:\/\/trecepecesfuerteventura.com\/I. INFORMACI\u00d3N GENERALEn cumplimiento con el deber de informaci\u00f3n dispuesto en la Ley 34\/2002 de Servicios de la Sociedad de la Informaci\u00f3n y el Comercio Electr\u00f3nico (LSSI-CE) de 11 de julio, se facilitan a continuaci\u00f3n los siguientes datos de informaci\u00f3n general de este sitio web: La titularidad de este sitio web, https:\/\/trecepecesfuerteventura.com\/, (en adelante, [&hellip;]<\/p>\n","protected":false},"author":2,"featured_media":0,"parent":0,"menu_order":11,"comment_status":"closed","ping_status":"closed","template":"elementor_header_footer","meta":{"_joinchat":[],"footnotes":""},"class_list":["post-788","page","type-page","status-publish","hentry"],"yoast_head":"<!-- This site is optimized with the Yoast SEO plugin v26.8 - https:\/\/yoast.com\/product\/yoast-seo-wordpress\/ -->\n<title>Aviso Legal - Trecepeces Fuerteventura<\/title>\n<meta name=\"robots\" content=\"noindex, nofollow\" \/>\n<meta property=\"og:locale\" content=\"fr_FR\" \/>\n<meta property=\"og:type\" content=\"article\" \/>\n<meta property=\"og:title\" content=\"Aviso Legal - Trecepeces Fuerteventura\" \/>\n<meta property=\"og:description\" content=\"INICIO https:\/\/trecepecesfuerteventura.com\/I. INFORMACI\u00d3N GENERALEn cumplimiento con el deber de informaci\u00f3n dispuesto en la Ley 34\/2002 de Servicios de la Sociedad de la Informaci\u00f3n y el Comercio Electr\u00f3nico (LSSI-CE) de 11 de julio, se facilitan a continuaci\u00f3n los siguientes datos de informaci\u00f3n general de este sitio web: La titularidad de este sitio web, https:\/\/trecepecesfuerteventura.com\/, (en adelante, [&hellip;]\" \/>\n<meta property=\"og:url\" content=\"https:\/\/trecepecesfuerteventura.com\/fr\/aviso-legal\/\" \/>\n<meta property=\"og:site_name\" content=\"Trecepeces Fuerteventura\" \/>\n<meta property=\"article:modified_time\" content=\"2024-02-22T16:46:01+00:00\" \/>\n<meta name=\"twitter:card\" content=\"summary_large_image\" \/>\n<meta name=\"twitter:label1\" content=\"Dur\u00e9e de lecture estim\u00e9e\" \/>\n\t<meta name=\"twitter:data1\" content=\"8 minutes\" \/>\n<script type=\"application\/ld+json\" class=\"yoast-schema-graph\">{\"@context\":\"https:\/\/schema.org\",\"@graph\":[{\"@type\":\"WebPage\",\"@id\":\"https:\/\/trecepecesfuerteventura.com\/aviso-legal\/\",\"url\":\"https:\/\/trecepecesfuerteventura.com\/aviso-legal\/\",\"name\":\"Aviso Legal - Trecepeces Fuerteventura\",\"isPartOf\":{\"@id\":\"https:\/\/trecepecesfuerteventura.com\/#website\"},\"datePublished\":\"2024-02-22T15:40:04+00:00\",\"dateModified\":\"2024-02-22T16:46:01+00:00\",\"breadcrumb\":{\"@id\":\"https:\/\/trecepecesfuerteventura.com\/aviso-legal\/#breadcrumb\"},\"inLanguage\":\"fr-FR\",\"potentialAction\":[{\"@type\":\"ReadAction\",\"target\":[\"https:\/\/trecepecesfuerteventura.com\/aviso-legal\/\"]}]},{\"@type\":\"BreadcrumbList\",\"@id\":\"https:\/\/trecepecesfuerteventura.com\/aviso-legal\/#breadcrumb\",\"itemListElement\":[{\"@type\":\"ListItem\",\"position\":1,\"name\":\"Portada\",\"item\":\"https:\/\/trecepecesfuerteventura.com\/\"},{\"@type\":\"ListItem\",\"position\":2,\"name\":\"Aviso Legal\"}]},{\"@type\":\"WebSite\",\"@id\":\"https:\/\/trecepecesfuerteventura.com\/#website\",\"url\":\"https:\/\/trecepecesfuerteventura.com\/\",\"name\":\"Trecepeces Fuerteventura\",\"description\":\"Shop &amp; Expo\",\"publisher\":{\"@id\":\"https:\/\/trecepecesfuerteventura.com\/#organization\"},\"potentialAction\":[{\"@type\":\"SearchAction\",\"target\":{\"@type\":\"EntryPoint\",\"urlTemplate\":\"https:\/\/trecepecesfuerteventura.com\/?s={search_term_string}\"},\"query-input\":{\"@type\":\"PropertyValueSpecification\",\"valueRequired\":true,\"valueName\":\"search_term_string\"}}],\"inLanguage\":\"fr-FR\"},{\"@type\":\"Organization\",\"@id\":\"https:\/\/trecepecesfuerteventura.com\/#organization\",\"name\":\"Trecepeces Fuerteventura\",\"url\":\"https:\/\/trecepecesfuerteventura.com\/\",\"logo\":{\"@type\":\"ImageObject\",\"inLanguage\":\"fr-FR\",\"@id\":\"https:\/\/trecepecesfuerteventura.com\/#\/schema\/logo\/image\/\",\"url\":\"https:\/\/trecepecesfuerteventura.com\/wp-content\/uploads\/2024\/01\/0001-2.png\",\"contentUrl\":\"https:\/\/trecepecesfuerteventura.com\/wp-content\/uploads\/2024\/01\/0001-2.png\",\"width\":2367,\"height\":2122,\"caption\":\"Trecepeces Fuerteventura\"},\"image\":{\"@id\":\"https:\/\/trecepecesfuerteventura.com\/#\/schema\/logo\/image\/\"}}]}<\/script>\n<!-- \/ Yoast SEO plugin. -->","yoast_head_json":{"title":"Aviso Legal - Trecepeces Fuerteventura","robots":{"index":"noindex","follow":"nofollow"},"og_locale":"fr_FR","og_type":"article","og_title":"Aviso Legal - Trecepeces Fuerteventura","og_description":"INICIO https:\/\/trecepecesfuerteventura.com\/I. INFORMACI\u00d3N GENERALEn cumplimiento con el deber de informaci\u00f3n dispuesto en la Ley 34\/2002 de Servicios de la Sociedad de la Informaci\u00f3n y el Comercio Electr\u00f3nico (LSSI-CE) de 11 de julio, se facilitan a continuaci\u00f3n los siguientes datos de informaci\u00f3n general de este sitio web: La titularidad de este sitio web, https:\/\/trecepecesfuerteventura.com\/, (en adelante, [&hellip;]","og_url":"https:\/\/trecepecesfuerteventura.com\/fr\/aviso-legal\/","og_site_name":"Trecepeces Fuerteventura","article_modified_time":"2024-02-22T16:46:01+00:00","twitter_card":"summary_large_image","twitter_misc":{"Dur\u00e9e de lecture estim\u00e9e":"8 minutes"},"schema":{"@context":"https:\/\/schema.org","@graph":[{"@type":"WebPage","@id":"https:\/\/trecepecesfuerteventura.com\/aviso-legal\/","url":"https:\/\/trecepecesfuerteventura.com\/aviso-legal\/","name":"Aviso Legal - Trecepeces Fuerteventura","isPartOf":{"@id":"https:\/\/trecepecesfuerteventura.com\/#website"},"datePublished":"2024-02-22T15:40:04+00:00","dateModified":"2024-02-22T16:46:01+00:00","breadcrumb":{"@id":"https:\/\/trecepecesfuerteventura.com\/aviso-legal\/#breadcrumb"},"inLanguage":"fr-FR","potentialAction":[{"@type":"ReadAction","target":["https:\/\/trecepecesfuerteventura.com\/aviso-legal\/"]}]},{"@type":"BreadcrumbList","@id":"https:\/\/trecepecesfuerteventura.com\/aviso-legal\/#breadcrumb","itemListElement":[{"@type":"ListItem","position":1,"name":"Portada","item":"https:\/\/trecepecesfuerteventura.com\/"},{"@type":"ListItem","position":2,"name":"Aviso Legal"}]},{"@type":"WebSite","@id":"https:\/\/trecepecesfuerteventura.com\/#website","url":"https:\/\/trecepecesfuerteventura.com\/","name":"Trecepeces Fuerteventura","description":"Boutique &amp; Expo","publisher":{"@id":"https:\/\/trecepecesfuerteventura.com\/#organization"},"potentialAction":[{"@type":"SearchAction","target":{"@type":"EntryPoint","urlTemplate":"https:\/\/trecepecesfuerteventura.com\/?s={search_term_string}"},"query-input":{"@type":"PropertyValueSpecification","valueRequired":true,"valueName":"search_term_string"}}],"inLanguage":"fr-FR"},{"@type":"Organization","@id":"https:\/\/trecepecesfuerteventura.com\/#organization","name":"Trecepeces Fuerteventura","url":"https:\/\/trecepecesfuerteventura.com\/","logo":{"@type":"ImageObject","inLanguage":"fr-FR","@id":"https:\/\/trecepecesfuerteventura.com\/#\/schema\/logo\/image\/","url":"https:\/\/trecepecesfuerteventura.com\/wp-content\/uploads\/2024\/01\/0001-2.png","contentUrl":"https:\/\/trecepecesfuerteventura.com\/wp-content\/uploads\/2024\/01\/0001-2.png","width":2367,"height":2122,"caption":"Trecepeces Fuerteventura"},"image":{"@id":"https:\/\/trecepecesfuerteventura.com\/#\/schema\/logo\/image\/"}}]}},"_links":{"self":[{"href":"https:\/\/trecepecesfuerteventura.com\/fr\/wp-json\/wp\/v2\/pages\/788","targetHints":{"allow":["GET"]}}],"collection":[{"href":"https:\/\/trecepecesfuerteventura.com\/fr\/wp-json\/wp\/v2\/pages"}],"about":[{"href":"https:\/\/trecepecesfuerteventura.com\/fr\/wp-json\/wp\/v2\/types\/page"}],"author":[{"embeddable":true,"href":"https:\/\/trecepecesfuerteventura.com\/fr\/wp-json\/wp\/v2\/users\/2"}],"replies":[{"embeddable":true,"href":"https:\/\/trecepecesfuerteventura.com\/fr\/wp-json\/wp\/v2\/comments?post=788"}],"version-history":[{"count":4,"href":"https:\/\/trecepecesfuerteventura.com\/fr\/wp-json\/wp\/v2\/pages\/788\/revisions"}],"predecessor-version":[{"id":809,"href":"https:\/\/trecepecesfuerteventura.com\/fr\/wp-json\/wp\/v2\/pages\/788\/revisions\/809"}],"wp:attachment":[{"href":"https:\/\/trecepecesfuerteventura.com\/fr\/wp-json\/wp\/v2\/media?parent=788"}],"curies":[{"name":"wp","href":"https:\/\/api.w.org\/{rel}","templated":true}]}}