{"id":342,"date":"2024-01-29T13:01:46","date_gmt":"2024-01-29T12:01:46","guid":{"rendered":"https:\/\/trecepeces.adrirodrigoagencia.es\/?post_type=product&#038;p=342"},"modified":"2025-01-29T12:31:21","modified_gmt":"2025-01-29T11:31:21","slug":"sudadera-unisex-diseno-medusa","status":"publish","type":"product","link":"https:\/\/trecepecesfuerteventura.com\/fr\/produit\/sudadera-unisex-diseno-medusa\/","title":{"rendered":"Sweatshirt unisexe avec motif \"m\u00e9duse\"."},"content":{"rendered":"<h3><strong>Sweat-shirt avec motif m\u00e9duse inspir\u00e9 de Fuerteventura<\/strong><\/h3>\n<pre>Apportez la magie de l'oc\u00e9an avec vous gr\u00e2ce \u00e0 notre <em>sweat-shirt en coton avec motif de m\u00e9duse<\/em>un mod\u00e8le exclusif de <strong>Treize poissons Fuerteventura<\/strong>. Fabriqu\u00e9 \u00e0 partir de coton 60% et de polyester 40%, il conserve le confort associ\u00e9 au coton, avec l'\u00e9lasticit\u00e9 et la plus grande r\u00e9sistance \u00e0 l'usure. <span role=\"tooltip\"><span class=\"c5aZPb\" role=\"button\" data-enable-toggle-animation=\"true\" data-extra-container-classes=\"ZLo7Eb\" data-hover-hide-delay=\"1000\" data-hover-open-delay=\"500\" data-send-open-event=\"true\" data-theme=\"0\" data-width=\"250\" data-ved=\"2ahUKEwjq0_-L5ZqLAxWERqQEHb3AH7wQmpgGegQIGxAD\"><span class=\"JPfdse\" data-bubble-link=\"\" data-segment-text=\"transpirabilidad\">respirabilit\u00e9<\/span><\/span><\/span> polyester. Tr\u00e8s agr\u00e9able au toucher, douce peluche bross\u00e9e.<\/pre>\n<p>Ce sweat-shirt allie confort, style et un design inspir\u00e9 de l'Atlantique. Parfait pour les journ\u00e9es et les nuits fra\u00eeches au bord de la mer. Disponible en plusieurs tailles. Logo Trecepeces sur la manche.<\/p>\n<h3><strong>Emportez un morceau de l'oc\u00e9an avec vous<\/strong><\/h3>\n<p>Si vous aimez la mer et la vie marine, ce sweat-shirt est le choix id\u00e9al. Son motif unique de m\u00e9duse repr\u00e9sente la beaut\u00e9 et le mouvement de l'oc\u00e9an, vous reliant \u00e0 l'essence de Fuerteventura.<\/p>\n<p><strong>Commandez maintenant et obtenez un design exclusif qui refl\u00e8te votre amour de la mer.<\/strong><\/p>\n<p>Pour en savoir plus sur les m\u00e9duses de l'Atlantique qui ont inspir\u00e9 notre design, visitez le site <a href=\"https:\/\/www.eldia.es\/vida-y-estilo\/2024\/07\/21\/medusas-canarias-guia-completa-disfrutar-playas-dv-105756178.html\" target=\"_new\" rel=\"noopener\">cette page sur les m\u00e9duses<\/a>.<\/p>","protected":false},"excerpt":{"rendered":"<p>Si vous aimez la mer et la vie marine, ce sweat-shirt est le choix id\u00e9al. Son motif unique de m\u00e9duse repr\u00e9sente la beaut\u00e9 et le mouvement de l'oc\u00e9an Atlantique. Talon souple.<\/p>","protected":false},"featured_media":631,"comment_status":"open","ping_status":"closed","template":"","meta":{"_joinchat":[]},"product_brand":[],"product_cat":[49],"product_tag":[],"class_list":{"0":"post-342","1":"product","2":"type-product","3":"status-publish","4":"has-post-thumbnail","6":"product_cat-sudadera","8":"first","9":"instock","10":"taxable","11":"shipping-taxable","12":"purchasable","13":"product-type-variable"},"yoast_head":"<!-- This site is optimized with the Yoast SEO plugin v26.8 - https:\/\/yoast.com\/product\/yoast-seo-wordpress\/ -->\n<title>Sudadera unisex dise\u00f1o &quot;medusa&quot; - Trecepeces Fuerteventura<\/title>\n<meta name=\"description\" content=\"Descubre la sudadera de felpa peinada suave con dise\u00f1o de medusa y logo en la manga. Inspirada en Fuerteventura. Si eres amante del mar y de la vida marina, esta sudadera es la elecci\u00f3n ideal.\" \/>\n<meta name=\"robots\" content=\"index, follow, max-snippet:-1, max-image-preview:large, max-video-preview:-1\" \/>\n<link rel=\"canonical\" href=\"https:\/\/trecepecesfuerteventura.com\/fr\/produit\/sudadera-unisex-diseno-medusa\/\" \/>\n<meta property=\"og:locale\" content=\"fr_FR\" \/>\n<meta property=\"og:type\" content=\"article\" \/>\n<meta property=\"og:title\" content=\"Sudadera unisex dise\u00f1o &quot;medusa&quot; - Trecepeces Fuerteventura\" \/>\n<meta property=\"og:description\" content=\"Descubre la sudadera de felpa peinada suave con dise\u00f1o de medusa y logo en la manga. Inspirada en Fuerteventura. Si eres amante del mar y de la vida marina, esta sudadera es la elecci\u00f3n ideal.\" \/>\n<meta property=\"og:url\" content=\"https:\/\/trecepecesfuerteventura.com\/fr\/produit\/sudadera-unisex-diseno-medusa\/\" \/>\n<meta property=\"og:site_name\" content=\"Trecepeces Fuerteventura\" \/>\n<meta property=\"article:modified_time\" content=\"2025-01-29T11:31:21+00:00\" \/>\n<meta property=\"og:image\" content=\"https:\/\/trecepecesfuerteventura.com\/wp-content\/uploads\/2024\/01\/sudadera-medusa-1.png\" \/>\n\t<meta property=\"og:image:width\" content=\"838\" \/>\n\t<meta property=\"og:image:height\" content=\"1280\" \/>\n\t<meta property=\"og:image:type\" content=\"image\/png\" \/>\n<meta name=\"twitter:card\" content=\"summary_large_image\" \/>\n<meta name=\"twitter:label1\" content=\"Dur\u00e9e de lecture estim\u00e9e\" \/>\n\t<meta name=\"twitter:data1\" content=\"1 minute\" \/>\n<script type=\"application\/ld+json\" class=\"yoast-schema-graph\">{\"@context\":\"https:\/\/schema.org\",\"@graph\":[{\"@type\":\"WebPage\",\"@id\":\"https:\/\/trecepecesfuerteventura.com\/producto\/sudadera-unisex-diseno-medusa\/\",\"url\":\"https:\/\/trecepecesfuerteventura.com\/producto\/sudadera-unisex-diseno-medusa\/\",\"name\":\"Sudadera unisex dise\u00f1o \\\"medusa\\\" - Trecepeces Fuerteventura\",\"isPartOf\":{\"@id\":\"https:\/\/trecepecesfuerteventura.com\/#website\"},\"primaryImageOfPage\":{\"@id\":\"https:\/\/trecepecesfuerteventura.com\/producto\/sudadera-unisex-diseno-medusa\/#primaryimage\"},\"image\":{\"@id\":\"https:\/\/trecepecesfuerteventura.com\/producto\/sudadera-unisex-diseno-medusa\/#primaryimage\"},\"thumbnailUrl\":\"https:\/\/trecepecesfuerteventura.com\/wp-content\/uploads\/2024\/01\/sudadera-medusa-1.png\",\"datePublished\":\"2024-01-29T12:01:46+00:00\",\"dateModified\":\"2025-01-29T11:31:21+00:00\",\"description\":\"Descubre la sudadera de felpa peinada suave con dise\u00f1o de medusa y logo en la manga. Inspirada en Fuerteventura. Si eres amante del mar y de la vida marina, esta sudadera es la elecci\u00f3n ideal.\",\"breadcrumb\":{\"@id\":\"https:\/\/trecepecesfuerteventura.com\/producto\/sudadera-unisex-diseno-medusa\/#breadcrumb\"},\"inLanguage\":\"fr-FR\",\"potentialAction\":[{\"@type\":\"ReadAction\",\"target\":[\"https:\/\/trecepecesfuerteventura.com\/producto\/sudadera-unisex-diseno-medusa\/\"]}]},{\"@type\":\"ImageObject\",\"inLanguage\":\"fr-FR\",\"@id\":\"https:\/\/trecepecesfuerteventura.com\/producto\/sudadera-unisex-diseno-medusa\/#primaryimage\",\"url\":\"https:\/\/trecepecesfuerteventura.com\/wp-content\/uploads\/2024\/01\/sudadera-medusa-1.png\",\"contentUrl\":\"https:\/\/trecepecesfuerteventura.com\/wp-content\/uploads\/2024\/01\/sudadera-medusa-1.png\",\"width\":838,\"height\":1280},{\"@type\":\"BreadcrumbList\",\"@id\":\"https:\/\/trecepecesfuerteventura.com\/producto\/sudadera-unisex-diseno-medusa\/#breadcrumb\",\"itemListElement\":[{\"@type\":\"ListItem\",\"position\":1,\"name\":\"Portada\",\"item\":\"https:\/\/trecepecesfuerteventura.com\/\"},{\"@type\":\"ListItem\",\"position\":2,\"name\":\"Tienda\",\"item\":\"https:\/\/trecepecesfuerteventura.com\/tienda\/\"},{\"@type\":\"ListItem\",\"position\":3,\"name\":\"Sudadera unisex dise\u00f1o \u00abmedusa\u00bb\"}]},{\"@type\":\"WebSite\",\"@id\":\"https:\/\/trecepecesfuerteventura.com\/#website\",\"url\":\"https:\/\/trecepecesfuerteventura.com\/\",\"name\":\"Trecepeces Fuerteventura\",\"description\":\"Shop &amp; Expo\",\"publisher\":{\"@id\":\"https:\/\/trecepecesfuerteventura.com\/#organization\"},\"potentialAction\":[{\"@type\":\"SearchAction\",\"target\":{\"@type\":\"EntryPoint\",\"urlTemplate\":\"https:\/\/trecepecesfuerteventura.com\/?s={search_term_string}\"},\"query-input\":{\"@type\":\"PropertyValueSpecification\",\"valueRequired\":true,\"valueName\":\"search_term_string\"}}],\"inLanguage\":\"fr-FR\"},{\"@type\":\"Organization\",\"@id\":\"https:\/\/trecepecesfuerteventura.com\/#organization\",\"name\":\"Trecepeces Fuerteventura\",\"url\":\"https:\/\/trecepecesfuerteventura.com\/\",\"logo\":{\"@type\":\"ImageObject\",\"inLanguage\":\"fr-FR\",\"@id\":\"https:\/\/trecepecesfuerteventura.com\/#\/schema\/logo\/image\/\",\"url\":\"https:\/\/trecepecesfuerteventura.com\/wp-content\/uploads\/2024\/01\/0001-2.png\",\"contentUrl\":\"https:\/\/trecepecesfuerteventura.com\/wp-content\/uploads\/2024\/01\/0001-2.png\",\"width\":2367,\"height\":2122,\"caption\":\"Trecepeces Fuerteventura\"},\"image\":{\"@id\":\"https:\/\/trecepecesfuerteventura.com\/#\/schema\/logo\/image\/\"}}]}<\/script>\n<!-- \/ Yoast SEO plugin. -->","yoast_head_json":{"title":"Sudadera unisex dise\u00f1o \"medusa\" - Trecepeces Fuerteventura","description":"Descubre la sudadera de felpa peinada suave con dise\u00f1o de medusa y logo en la manga. Inspirada en Fuerteventura. Si eres amante del mar y de la vida marina, esta sudadera es la elecci\u00f3n ideal.","robots":{"index":"index","follow":"follow","max-snippet":"max-snippet:-1","max-image-preview":"max-image-preview:large","max-video-preview":"max-video-preview:-1"},"canonical":"https:\/\/trecepecesfuerteventura.com\/fr\/produit\/sudadera-unisex-diseno-medusa\/","og_locale":"fr_FR","og_type":"article","og_title":"Sudadera unisex dise\u00f1o \"medusa\" - Trecepeces Fuerteventura","og_description":"Descubre la sudadera de felpa peinada suave con dise\u00f1o de medusa y logo en la manga. Inspirada en Fuerteventura. Si eres amante del mar y de la vida marina, esta sudadera es la elecci\u00f3n ideal.","og_url":"https:\/\/trecepecesfuerteventura.com\/fr\/produit\/sudadera-unisex-diseno-medusa\/","og_site_name":"Trecepeces Fuerteventura","article_modified_time":"2025-01-29T11:31:21+00:00","og_image":[{"width":838,"height":1280,"url":"https:\/\/trecepecesfuerteventura.com\/wp-content\/uploads\/2024\/01\/sudadera-medusa-1.png","type":"image\/png"}],"twitter_card":"summary_large_image","twitter_misc":{"Dur\u00e9e de lecture estim\u00e9e":"1 minute"},"schema":{"@context":"https:\/\/schema.org","@graph":[{"@type":"WebPage","@id":"https:\/\/trecepecesfuerteventura.com\/producto\/sudadera-unisex-diseno-medusa\/","url":"https:\/\/trecepecesfuerteventura.com\/producto\/sudadera-unisex-diseno-medusa\/","name":"Sudadera unisex dise\u00f1o \"medusa\" - Trecepeces Fuerteventura","isPartOf":{"@id":"https:\/\/trecepecesfuerteventura.com\/#website"},"primaryImageOfPage":{"@id":"https:\/\/trecepecesfuerteventura.com\/producto\/sudadera-unisex-diseno-medusa\/#primaryimage"},"image":{"@id":"https:\/\/trecepecesfuerteventura.com\/producto\/sudadera-unisex-diseno-medusa\/#primaryimage"},"thumbnailUrl":"https:\/\/trecepecesfuerteventura.com\/wp-content\/uploads\/2024\/01\/sudadera-medusa-1.png","datePublished":"2024-01-29T12:01:46+00:00","dateModified":"2025-01-29T11:31:21+00:00","description":"Descubre la sudadera de felpa peinada suave con dise\u00f1o de medusa y logo en la manga. Inspirada en Fuerteventura. Si eres amante del mar y de la vida marina, esta sudadera es la elecci\u00f3n ideal.","breadcrumb":{"@id":"https:\/\/trecepecesfuerteventura.com\/producto\/sudadera-unisex-diseno-medusa\/#breadcrumb"},"inLanguage":"fr-FR","potentialAction":[{"@type":"ReadAction","target":["https:\/\/trecepecesfuerteventura.com\/producto\/sudadera-unisex-diseno-medusa\/"]}]},{"@type":"ImageObject","inLanguage":"fr-FR","@id":"https:\/\/trecepecesfuerteventura.com\/producto\/sudadera-unisex-diseno-medusa\/#primaryimage","url":"https:\/\/trecepecesfuerteventura.com\/wp-content\/uploads\/2024\/01\/sudadera-medusa-1.png","contentUrl":"https:\/\/trecepecesfuerteventura.com\/wp-content\/uploads\/2024\/01\/sudadera-medusa-1.png","width":838,"height":1280},{"@type":"BreadcrumbList","@id":"https:\/\/trecepecesfuerteventura.com\/producto\/sudadera-unisex-diseno-medusa\/#breadcrumb","itemListElement":[{"@type":"ListItem","position":1,"name":"Portada","item":"https:\/\/trecepecesfuerteventura.com\/"},{"@type":"ListItem","position":2,"name":"Tienda","item":"https:\/\/trecepecesfuerteventura.com\/tienda\/"},{"@type":"ListItem","position":3,"name":"Sudadera unisex dise\u00f1o \u00abmedusa\u00bb"}]},{"@type":"WebSite","@id":"https:\/\/trecepecesfuerteventura.com\/#website","url":"https:\/\/trecepecesfuerteventura.com\/","name":"Trecepeces Fuerteventura","description":"Boutique &amp; Expo","publisher":{"@id":"https:\/\/trecepecesfuerteventura.com\/#organization"},"potentialAction":[{"@type":"SearchAction","target":{"@type":"EntryPoint","urlTemplate":"https:\/\/trecepecesfuerteventura.com\/?s={search_term_string}"},"query-input":{"@type":"PropertyValueSpecification","valueRequired":true,"valueName":"search_term_string"}}],"inLanguage":"fr-FR"},{"@type":"Organization","@id":"https:\/\/trecepecesfuerteventura.com\/#organization","name":"Trecepeces Fuerteventura","url":"https:\/\/trecepecesfuerteventura.com\/","logo":{"@type":"ImageObject","inLanguage":"fr-FR","@id":"https:\/\/trecepecesfuerteventura.com\/#\/schema\/logo\/image\/","url":"https:\/\/trecepecesfuerteventura.com\/wp-content\/uploads\/2024\/01\/0001-2.png","contentUrl":"https:\/\/trecepecesfuerteventura.com\/wp-content\/uploads\/2024\/01\/0001-2.png","width":2367,"height":2122,"caption":"Trecepeces Fuerteventura"},"image":{"@id":"https:\/\/trecepecesfuerteventura.com\/#\/schema\/logo\/image\/"}}]}},"_links":{"self":[{"href":"https:\/\/trecepecesfuerteventura.com\/fr\/wp-json\/wp\/v2\/product\/342","targetHints":{"allow":["GET"]}}],"collection":[{"href":"https:\/\/trecepecesfuerteventura.com\/fr\/wp-json\/wp\/v2\/product"}],"about":[{"href":"https:\/\/trecepecesfuerteventura.com\/fr\/wp-json\/wp\/v2\/types\/product"}],"replies":[{"embeddable":true,"href":"https:\/\/trecepecesfuerteventura.com\/fr\/wp-json\/wp\/v2\/comments?post=342"}],"wp:featuredmedia":[{"embeddable":true,"href":"https:\/\/trecepecesfuerteventura.com\/fr\/wp-json\/wp\/v2\/media\/631"}],"wp:attachment":[{"href":"https:\/\/trecepecesfuerteventura.com\/fr\/wp-json\/wp\/v2\/media?parent=342"}],"wp:term":[{"taxonomy":"product_brand","embeddable":true,"href":"https:\/\/trecepecesfuerteventura.com\/fr\/wp-json\/wp\/v2\/product_brand?post=342"},{"taxonomy":"product_cat","embeddable":true,"href":"https:\/\/trecepecesfuerteventura.com\/fr\/wp-json\/wp\/v2\/product_cat?post=342"},{"taxonomy":"product_tag","embeddable":true,"href":"https:\/\/trecepecesfuerteventura.com\/fr\/wp-json\/wp\/v2\/product_tag?post=342"}],"curies":[{"name":"wp","href":"https:\/\/api.w.org\/{rel}","templated":true}]}}