{"id":948,"date":"2024-11-11T11:40:04","date_gmt":"2024-11-11T10:40:04","guid":{"rendered":"https:\/\/trecepecesfuerteventura.com\/?post_type=product&#038;p=948"},"modified":"2025-01-28T21:00:20","modified_gmt":"2025-01-28T20:00:20","slug":"pendientes-estrella-mar-acero-fuerteventura","status":"publish","type":"product","link":"https:\/\/trecepecesfuerteventura.com\/fr\/produit\/pendientes-estrella-mar-acero-fuerteventura\/","title":{"rendered":"Boucles d'oreilles \u00e9toile de mer"},"content":{"rendered":"<h3><strong>Boucles d'oreilles \u00e9toile de mer : design inspir\u00e9 par la mer de Fuerteventura.<\/strong><br \/>\nD\u00e9couvrez la magie de l'oc\u00e9an avec notre <em>boucles d'oreilles \u00e9toile de mer<\/em>un design unique en acier inoxydable de haute qualit\u00e9. Inspir\u00e9 par la biodiversit\u00e9 marine de Fuerteventura. Des boucles d'oreilles parfaites pour ceux qui recherchent des accessoires durables, hypoallerg\u00e9niques et \u00e9l\u00e9gants.<\/h3>\n<h3><strong>L\u00e9g\u00e8ret\u00e9 et force avec une touche d'\u00e9l\u00e9gance.<\/strong><br \/>\nFabriqu\u00e9es en acier inoxydable, elles offrent une brillance qui reste intacte au fil du temps. Elles sont id\u00e9ales pour un usage quotidien gr\u00e2ce \u00e0 leur mat\u00e9riau hypoallerg\u00e9nique, qui prend soin des peaux les plus sensibles.<\/h3>\n<h4><strong>Le cadeau id\u00e9al pour les amoureux de la mer<\/strong><\/h4>\n<ul>\n<li>\n<h4><strong>Design exclusif :<\/strong> Inspir\u00e9 par les \u00e9toiles de mer qui vivent sur la c\u00f4te de Fuerteventura.<\/h4>\n<\/li>\n<li>\n<h4><strong>Haute qualit\u00e9 :<\/strong> Le mat\u00e9riau en acier inoxydable garantit la durabilit\u00e9.<\/h4>\n<\/li>\n<li>\n<h4><strong>Polyvalence :<\/strong> Parfait pour les looks d\u00e9contract\u00e9s ou habill\u00e9s.<\/h4>\n<\/li>\n<\/ul>\n<h4><strong>Il soutient la conception durable et locale.<\/strong><br \/>\nNotre <em>boucles d'oreilles \u00e9toile de mer<\/em> sont con\u00e7us pour refl\u00e9ter un lien avec la mer, un engagement en faveur de la durabilit\u00e9 et un amour de la nature. Portez-les comme souvenir unique d'un voyage sur l'\u00eele ou offrez-les \u00e0 quelqu'un de sp\u00e9cial.<\/h4>\n<h4>D\u00e9couvrez les \u00e9toiles qui inspirent notre design, <a href=\"https:\/\/www3.gobiernodecanarias.org\/medusa\/ecoescuela\/recursosdigitales\/coleccion\/fauna-marina-canaria\/\">visitez cette page sur les m\u00e9duses et la faune marine de Fuerteventura<\/a>.<\/h4>\n<h4>Bien qu'il puisse \u00eatre occasionnellement mouill\u00e9, nous vous recommandons, pour un meilleur entretien, de ne pas l'utiliser dans les douches, les piscines ou la mer. Si vous l'exposez trop \u00e0 l'eau, il risque de perdre sa dorure. Dans ce cas, il gardera la couleur du laiton. Pour la m\u00eame raison, essayez de ne pas les exposer \u00e0 des produits chimiques tels que l'eau de Cologne.<\/h4>","protected":false},"excerpt":{"rendered":"<h4>Boucles d'oreilles \u00e9toile de mer en acier inoxydable, inspir\u00e9es par Fuerteventura. Design exclusif, hypoallerg\u00e9nique et parfait comme cadeau ou souvenir unique.<\/h4>","protected":false},"featured_media":982,"comment_status":"open","ping_status":"closed","template":"","meta":{"_joinchat":[]},"product_brand":[],"product_cat":[57,72],"product_tag":[],"class_list":{"0":"post-948","1":"product","2":"type-product","3":"status-publish","4":"has-post-thumbnail","6":"product_cat-colgante","7":"product_cat-pendientes","9":"first","10":"instock","11":"purchasable","12":"product-type-variable"},"yoast_head":"<!-- This site is optimized with the Yoast SEO plugin v26.8 - https:\/\/yoast.com\/product\/yoast-seo-wordpress\/ -->\n<title>Pendientes de estrella de mar - Trecepeces Fuerteventura<\/title>\n<meta name=\"description\" content=\"A\u00f1ade un toque marino a tu estilo con estos pendientes de estrella de mar de acero inoxidable. Resistentes, elegantes y perfectos para cualquier ocasi\u00f3n. Dise\u00f1o exclusivo, hipoalerg\u00e9nicos y perfectos como regalo o recuerdo \u00fanico\" \/>\n<meta name=\"robots\" content=\"index, follow, max-snippet:-1, max-image-preview:large, max-video-preview:-1\" \/>\n<link rel=\"canonical\" href=\"https:\/\/trecepecesfuerteventura.com\/fr\/produit\/pendientes-estrella-mar-acero-fuerteventura\/\" \/>\n<meta property=\"og:locale\" content=\"fr_FR\" \/>\n<meta property=\"og:type\" content=\"article\" \/>\n<meta property=\"og:title\" content=\"Pendientes de estrella de mar - Trecepeces Fuerteventura\" \/>\n<meta property=\"og:description\" content=\"A\u00f1ade un toque marino a tu estilo con estos pendientes de estrella de mar de acero inoxidable. Resistentes, elegantes y perfectos para cualquier ocasi\u00f3n. Dise\u00f1o exclusivo, hipoalerg\u00e9nicos y perfectos como regalo o recuerdo \u00fanico\" \/>\n<meta property=\"og:url\" content=\"https:\/\/trecepecesfuerteventura.com\/fr\/produit\/pendientes-estrella-mar-acero-fuerteventura\/\" \/>\n<meta property=\"og:site_name\" content=\"Trecepeces Fuerteventura\" \/>\n<meta property=\"article:modified_time\" content=\"2025-01-28T20:00:20+00:00\" \/>\n<meta property=\"og:image\" content=\"https:\/\/trecepecesfuerteventura.com\/wp-content\/uploads\/2024\/11\/20250124_103010-scaled.jpg\" \/>\n\t<meta property=\"og:image:width\" content=\"2111\" \/>\n\t<meta property=\"og:image:height\" content=\"2560\" \/>\n\t<meta property=\"og:image:type\" content=\"image\/jpeg\" \/>\n<meta name=\"twitter:card\" content=\"summary_large_image\" \/>\n<meta name=\"twitter:label1\" content=\"Dur\u00e9e de lecture estim\u00e9e\" \/>\n\t<meta name=\"twitter:data1\" content=\"2 minutes\" \/>\n<script type=\"application\/ld+json\" class=\"yoast-schema-graph\">{\"@context\":\"https:\/\/schema.org\",\"@graph\":[{\"@type\":\"WebPage\",\"@id\":\"https:\/\/trecepecesfuerteventura.com\/producto\/pendientes-estrella-mar-acero-fuerteventura\/\",\"url\":\"https:\/\/trecepecesfuerteventura.com\/producto\/pendientes-estrella-mar-acero-fuerteventura\/\",\"name\":\"Pendientes de estrella de mar - Trecepeces Fuerteventura\",\"isPartOf\":{\"@id\":\"https:\/\/trecepecesfuerteventura.com\/#website\"},\"primaryImageOfPage\":{\"@id\":\"https:\/\/trecepecesfuerteventura.com\/producto\/pendientes-estrella-mar-acero-fuerteventura\/#primaryimage\"},\"image\":{\"@id\":\"https:\/\/trecepecesfuerteventura.com\/producto\/pendientes-estrella-mar-acero-fuerteventura\/#primaryimage\"},\"thumbnailUrl\":\"https:\/\/trecepecesfuerteventura.com\/wp-content\/uploads\/2024\/11\/20250124_103010-scaled.jpg\",\"datePublished\":\"2024-11-11T10:40:04+00:00\",\"dateModified\":\"2025-01-28T20:00:20+00:00\",\"description\":\"A\u00f1ade un toque marino a tu estilo con estos pendientes de estrella de mar de acero inoxidable. Resistentes, elegantes y perfectos para cualquier ocasi\u00f3n. Dise\u00f1o exclusivo, hipoalerg\u00e9nicos y perfectos como regalo o recuerdo \u00fanico\",\"breadcrumb\":{\"@id\":\"https:\/\/trecepecesfuerteventura.com\/producto\/pendientes-estrella-mar-acero-fuerteventura\/#breadcrumb\"},\"inLanguage\":\"fr-FR\",\"potentialAction\":[{\"@type\":\"ReadAction\",\"target\":[\"https:\/\/trecepecesfuerteventura.com\/producto\/pendientes-estrella-mar-acero-fuerteventura\/\"]}]},{\"@type\":\"ImageObject\",\"inLanguage\":\"fr-FR\",\"@id\":\"https:\/\/trecepecesfuerteventura.com\/producto\/pendientes-estrella-mar-acero-fuerteventura\/#primaryimage\",\"url\":\"https:\/\/trecepecesfuerteventura.com\/wp-content\/uploads\/2024\/11\/20250124_103010-scaled.jpg\",\"contentUrl\":\"https:\/\/trecepecesfuerteventura.com\/wp-content\/uploads\/2024\/11\/20250124_103010-scaled.jpg\",\"width\":2111,\"height\":2560,\"caption\":\"Pendientes de estrella de mar de acero inoxidable, perfectos como recuerdo de Fuerteventura\"},{\"@type\":\"BreadcrumbList\",\"@id\":\"https:\/\/trecepecesfuerteventura.com\/producto\/pendientes-estrella-mar-acero-fuerteventura\/#breadcrumb\",\"itemListElement\":[{\"@type\":\"ListItem\",\"position\":1,\"name\":\"Portada\",\"item\":\"https:\/\/trecepecesfuerteventura.com\/\"},{\"@type\":\"ListItem\",\"position\":2,\"name\":\"Tienda\",\"item\":\"https:\/\/trecepecesfuerteventura.com\/tienda\/\"},{\"@type\":\"ListItem\",\"position\":3,\"name\":\"Pendientes de estrella de mar\"}]},{\"@type\":\"WebSite\",\"@id\":\"https:\/\/trecepecesfuerteventura.com\/#website\",\"url\":\"https:\/\/trecepecesfuerteventura.com\/\",\"name\":\"Trecepeces Fuerteventura\",\"description\":\"Shop &amp; Expo\",\"publisher\":{\"@id\":\"https:\/\/trecepecesfuerteventura.com\/#organization\"},\"potentialAction\":[{\"@type\":\"SearchAction\",\"target\":{\"@type\":\"EntryPoint\",\"urlTemplate\":\"https:\/\/trecepecesfuerteventura.com\/?s={search_term_string}\"},\"query-input\":{\"@type\":\"PropertyValueSpecification\",\"valueRequired\":true,\"valueName\":\"search_term_string\"}}],\"inLanguage\":\"fr-FR\"},{\"@type\":\"Organization\",\"@id\":\"https:\/\/trecepecesfuerteventura.com\/#organization\",\"name\":\"Trecepeces Fuerteventura\",\"url\":\"https:\/\/trecepecesfuerteventura.com\/\",\"logo\":{\"@type\":\"ImageObject\",\"inLanguage\":\"fr-FR\",\"@id\":\"https:\/\/trecepecesfuerteventura.com\/#\/schema\/logo\/image\/\",\"url\":\"https:\/\/trecepecesfuerteventura.com\/wp-content\/uploads\/2024\/01\/0001-2.png\",\"contentUrl\":\"https:\/\/trecepecesfuerteventura.com\/wp-content\/uploads\/2024\/01\/0001-2.png\",\"width\":2367,\"height\":2122,\"caption\":\"Trecepeces Fuerteventura\"},\"image\":{\"@id\":\"https:\/\/trecepecesfuerteventura.com\/#\/schema\/logo\/image\/\"}}]}<\/script>\n<!-- \/ Yoast SEO plugin. -->","yoast_head_json":{"title":"Pendientes de estrella de mar - Trecepeces Fuerteventura","description":"A\u00f1ade un toque marino a tu estilo con estos pendientes de estrella de mar de acero inoxidable. Resistentes, elegantes y perfectos para cualquier ocasi\u00f3n. Dise\u00f1o exclusivo, hipoalerg\u00e9nicos y perfectos como regalo o recuerdo \u00fanico","robots":{"index":"index","follow":"follow","max-snippet":"max-snippet:-1","max-image-preview":"max-image-preview:large","max-video-preview":"max-video-preview:-1"},"canonical":"https:\/\/trecepecesfuerteventura.com\/fr\/produit\/pendientes-estrella-mar-acero-fuerteventura\/","og_locale":"fr_FR","og_type":"article","og_title":"Pendientes de estrella de mar - Trecepeces Fuerteventura","og_description":"A\u00f1ade un toque marino a tu estilo con estos pendientes de estrella de mar de acero inoxidable. Resistentes, elegantes y perfectos para cualquier ocasi\u00f3n. Dise\u00f1o exclusivo, hipoalerg\u00e9nicos y perfectos como regalo o recuerdo \u00fanico","og_url":"https:\/\/trecepecesfuerteventura.com\/fr\/produit\/pendientes-estrella-mar-acero-fuerteventura\/","og_site_name":"Trecepeces Fuerteventura","article_modified_time":"2025-01-28T20:00:20+00:00","og_image":[{"width":2111,"height":2560,"url":"https:\/\/trecepecesfuerteventura.com\/wp-content\/uploads\/2024\/11\/20250124_103010-scaled.jpg","type":"image\/jpeg"}],"twitter_card":"summary_large_image","twitter_misc":{"Dur\u00e9e de lecture estim\u00e9e":"2 minutes"},"schema":{"@context":"https:\/\/schema.org","@graph":[{"@type":"WebPage","@id":"https:\/\/trecepecesfuerteventura.com\/producto\/pendientes-estrella-mar-acero-fuerteventura\/","url":"https:\/\/trecepecesfuerteventura.com\/producto\/pendientes-estrella-mar-acero-fuerteventura\/","name":"Pendientes de estrella de mar - Trecepeces Fuerteventura","isPartOf":{"@id":"https:\/\/trecepecesfuerteventura.com\/#website"},"primaryImageOfPage":{"@id":"https:\/\/trecepecesfuerteventura.com\/producto\/pendientes-estrella-mar-acero-fuerteventura\/#primaryimage"},"image":{"@id":"https:\/\/trecepecesfuerteventura.com\/producto\/pendientes-estrella-mar-acero-fuerteventura\/#primaryimage"},"thumbnailUrl":"https:\/\/trecepecesfuerteventura.com\/wp-content\/uploads\/2024\/11\/20250124_103010-scaled.jpg","datePublished":"2024-11-11T10:40:04+00:00","dateModified":"2025-01-28T20:00:20+00:00","description":"A\u00f1ade un toque marino a tu estilo con estos pendientes de estrella de mar de acero inoxidable. Resistentes, elegantes y perfectos para cualquier ocasi\u00f3n. Dise\u00f1o exclusivo, hipoalerg\u00e9nicos y perfectos como regalo o recuerdo \u00fanico","breadcrumb":{"@id":"https:\/\/trecepecesfuerteventura.com\/producto\/pendientes-estrella-mar-acero-fuerteventura\/#breadcrumb"},"inLanguage":"fr-FR","potentialAction":[{"@type":"ReadAction","target":["https:\/\/trecepecesfuerteventura.com\/producto\/pendientes-estrella-mar-acero-fuerteventura\/"]}]},{"@type":"ImageObject","inLanguage":"fr-FR","@id":"https:\/\/trecepecesfuerteventura.com\/producto\/pendientes-estrella-mar-acero-fuerteventura\/#primaryimage","url":"https:\/\/trecepecesfuerteventura.com\/wp-content\/uploads\/2024\/11\/20250124_103010-scaled.jpg","contentUrl":"https:\/\/trecepecesfuerteventura.com\/wp-content\/uploads\/2024\/11\/20250124_103010-scaled.jpg","width":2111,"height":2560,"caption":"Pendientes de estrella de mar de acero inoxidable, perfectos como recuerdo de Fuerteventura"},{"@type":"BreadcrumbList","@id":"https:\/\/trecepecesfuerteventura.com\/producto\/pendientes-estrella-mar-acero-fuerteventura\/#breadcrumb","itemListElement":[{"@type":"ListItem","position":1,"name":"Portada","item":"https:\/\/trecepecesfuerteventura.com\/"},{"@type":"ListItem","position":2,"name":"Tienda","item":"https:\/\/trecepecesfuerteventura.com\/tienda\/"},{"@type":"ListItem","position":3,"name":"Pendientes de estrella de mar"}]},{"@type":"WebSite","@id":"https:\/\/trecepecesfuerteventura.com\/#website","url":"https:\/\/trecepecesfuerteventura.com\/","name":"Trecepeces Fuerteventura","description":"Boutique &amp; Expo","publisher":{"@id":"https:\/\/trecepecesfuerteventura.com\/#organization"},"potentialAction":[{"@type":"SearchAction","target":{"@type":"EntryPoint","urlTemplate":"https:\/\/trecepecesfuerteventura.com\/?s={search_term_string}"},"query-input":{"@type":"PropertyValueSpecification","valueRequired":true,"valueName":"search_term_string"}}],"inLanguage":"fr-FR"},{"@type":"Organization","@id":"https:\/\/trecepecesfuerteventura.com\/#organization","name":"Trecepeces Fuerteventura","url":"https:\/\/trecepecesfuerteventura.com\/","logo":{"@type":"ImageObject","inLanguage":"fr-FR","@id":"https:\/\/trecepecesfuerteventura.com\/#\/schema\/logo\/image\/","url":"https:\/\/trecepecesfuerteventura.com\/wp-content\/uploads\/2024\/01\/0001-2.png","contentUrl":"https:\/\/trecepecesfuerteventura.com\/wp-content\/uploads\/2024\/01\/0001-2.png","width":2367,"height":2122,"caption":"Trecepeces Fuerteventura"},"image":{"@id":"https:\/\/trecepecesfuerteventura.com\/#\/schema\/logo\/image\/"}}]}},"_links":{"self":[{"href":"https:\/\/trecepecesfuerteventura.com\/fr\/wp-json\/wp\/v2\/product\/948","targetHints":{"allow":["GET"]}}],"collection":[{"href":"https:\/\/trecepecesfuerteventura.com\/fr\/wp-json\/wp\/v2\/product"}],"about":[{"href":"https:\/\/trecepecesfuerteventura.com\/fr\/wp-json\/wp\/v2\/types\/product"}],"replies":[{"embeddable":true,"href":"https:\/\/trecepecesfuerteventura.com\/fr\/wp-json\/wp\/v2\/comments?post=948"}],"wp:featuredmedia":[{"embeddable":true,"href":"https:\/\/trecepecesfuerteventura.com\/fr\/wp-json\/wp\/v2\/media\/982"}],"wp:attachment":[{"href":"https:\/\/trecepecesfuerteventura.com\/fr\/wp-json\/wp\/v2\/media?parent=948"}],"wp:term":[{"taxonomy":"product_brand","embeddable":true,"href":"https:\/\/trecepecesfuerteventura.com\/fr\/wp-json\/wp\/v2\/product_brand?post=948"},{"taxonomy":"product_cat","embeddable":true,"href":"https:\/\/trecepecesfuerteventura.com\/fr\/wp-json\/wp\/v2\/product_cat?post=948"},{"taxonomy":"product_tag","embeddable":true,"href":"https:\/\/trecepecesfuerteventura.com\/fr\/wp-json\/wp\/v2\/product_tag?post=948"}],"curies":[{"name":"wp","href":"https:\/\/api.w.org\/{rel}","templated":true}]}}