{"id":969,"date":"2025-01-24T14:28:10","date_gmt":"2025-01-24T13:28:10","guid":{"rendered":"https:\/\/trecepecesfuerteventura.com\/?post_type=product&#038;p=969"},"modified":"2025-09-08T02:04:36","modified_gmt":"2025-09-08T00:04:36","slug":"pendientes-de-medusa-diseno-inspirado-en-el-mar-de-fuerteventura-con-enganche-aro-o-gancho","status":"publish","type":"product","link":"https:\/\/trecepecesfuerteventura.com\/fr\/produit\/pendientes-de-medusa-diseno-inspirado-en-el-mar-de-fuerteventura-con-enganche-aro-o-gancho\/","title":{"rendered":"Boucles d'oreilles M\u00e9duse - Design inspir\u00e9 par la mer de Fuerteventura (avec crochet ou clip)"},"content":{"rendered":"<h3><strong>Boucles d'oreilles inspir\u00e9es par la mer de Fuerteventura : conception exclusive et artisanale<\/strong><\/h3>\n<h3>D\u00e9couvrez la beaut\u00e9 et l'\u00e9l\u00e9gance de notre <em>Boucles d'oreilles inspir\u00e9es par la mer de Fuerteventura<\/em>. Ces boucles d'oreilles ont \u00e9t\u00e9 con\u00e7ues et assembl\u00e9es \u00e0 la main, capturant la biodiversit\u00e9 marine de l'\u00eele. Elles sont parfaites comme souvenir unique ou comme cadeau sp\u00e9cial pour les amoureux de la mer.<\/h3>\n<h4><strong>Choisissez votre style, c'est<\/strong>Les boucles d'oreilles sont disponibles avec deux options d'attache :<\/h4>\n<ul>\n<li>\n<h4><strong>Cerceaux ronds<\/strong>id\u00e9al pour ceux qui recherchent une touche moderne et sophistiqu\u00e9e.<\/h4>\n<\/li>\n<li>\n<h4><strong>Crochets classiques<\/strong>parfait pour une utilisation quotidienne et confortable.<\/h4>\n<\/li>\n<\/ul>\n<h4><strong>L\u00e9g\u00e8ret\u00e9, qualit\u00e9 et durabilit\u00e9.<\/strong> Fabriqu\u00e9es \u00e0 partir de mat\u00e9riaux hypoallerg\u00e9niques de haute qualit\u00e9, nos boucles d'oreilles sont l\u00e9g\u00e8res et agr\u00e9ables \u00e0 porter tout au long de la journ\u00e9e. Chaque pi\u00e8ce refl\u00e8te notre engagement en faveur du d\u00e9veloppement durable et du design local, ce qui en fait un accessoire indispensable pour tous les amoureux de la mer.<\/h4>\n<p><strong>Pourquoi choisir nos boucles d'oreilles m\u00e9duses<\/strong><\/p>\n<ul>\n<li>\n<h4><strong>Conception originale<\/strong> inspir\u00e9 par la faune marine de Fuerteventura.<\/h4>\n<\/li>\n<li>\n<h4>Conception et assemblage pour garantir une finition unique.<\/h4>\n<\/li>\n<li>\n<h4>Parfait comme souvenir de vos aventures \u00e0 Fuerteventura ou comme cadeau sp\u00e9cial pour un \u00eatre cher.<\/h4>\n<\/li>\n<\/ul>\n<h4>Soutenez le commerce local avec notre <em>Boucles d'oreilles m\u00e9duses inspir\u00e9es par la mer de Fuerteventura<\/em>. Chaque pi\u00e8ce cherche \u00e0 se connecter avec vous et avec la nature.<\/h4>\n<h4>En savoir plus sur les m\u00e9duses qui inspirent notre design, <a href=\"https:\/\/www3.gobiernodecanarias.org\/medusa\/ecoescuela\/recursosdigitales\/coleccion\/fauna-marina-canaria\/\">visitez cette page sur les m\u00e9duses et la faune marine de Fuerteventura<\/a>.<\/h4>\n<h4>Bien qu'il puisse \u00eatre occasionnellement mouill\u00e9, nous vous recommandons, pour un meilleur entretien, de ne pas l'utiliser dans les douches, les piscines ou la mer. Si vous l'exposez trop \u00e0 l'eau, il risque de perdre sa dorure. Dans ce cas, il gardera la couleur du laiton. Pour la m\u00eame raison, essayez de ne pas les exposer \u00e0 des produits chimiques tels que l'eau de Cologne.<\/h4>","protected":false},"excerpt":{"rendered":"<p>Fabriqu\u00e9 en mat\u00e9riaux hypoallerg\u00e9niques de haute qualit\u00e9. L\u00e9ger et confortable \u00e0 porter. Chaque pi\u00e8ce refl\u00e8te notre engagement en faveur du d\u00e9veloppement durable et du design local. Cadeau id\u00e9al ou souvenir de voyage pour les amoureux de la mer.<\/p>","protected":false},"featured_media":971,"comment_status":"open","ping_status":"closed","template":"","meta":{"_joinchat":[]},"product_brand":[],"product_cat":[57,72],"product_tag":[75,78,74,80,77,79,76],"class_list":{"0":"post-969","1":"product","2":"type-product","3":"status-publish","4":"has-post-thumbnail","6":"product_cat-colgante","7":"product_cat-pendientes","8":"product_tag-disenos-hechos-a-mano","9":"product_tag-joyeria-hipoalergica","10":"product_tag-pendiente","11":"product_tag-recuerdos-de-fuerteventura","12":"product_tag-regalos-originales","13":"product_tag-regalos-unicos-para-viajeros","14":"product_tag-souvenirs-fuertevenrtura","16":"first","17":"instock","18":"purchasable","19":"product-type-variable"},"yoast_head":"<!-- This site is optimized with the Yoast SEO plugin v26.8 - https:\/\/yoast.com\/product\/yoast-seo-wordpress\/ -->\n<title>Pendientes de Medusa - Dise\u00f1o inspirado en el mar de Fuerteventura (con enganche Aro o Gancho) - Trecepeces Fuerteventura<\/title>\n<meta name=\"description\" content=\"Originales y elegantes Pendientes de Medusa, inspirados en la biodiversidad marina de Fuerteventura. Montaje propio. Estos pendientes est\u00e1n disponibles con dos opciones de enganche: aros redondos en lat\u00f3n con ba\u00f1o dorado para un estilo sofisticado o ganchos cl\u00e1sicos en acero inoxidable para una comodidad diaria. Dise\u00f1ados pensando en los amantes de los oc\u00e9anos, los Pendientes de Medusa son un recuerdo perfecto de tu viaje en la isla. Ideales para regalar o complementar cualquier look. Material: lat\u00f3n y acero inoxidable, hipoalerg\u00e9nico. Peso ligero y c\u00f3modo. Opci\u00f3n de enganche: Aro o gancho. Inspirados en la fauna marina de Fuerteventura. Por qu\u00e9 elegirnos: Comprar estos pendientes es apoyar el comercio local, la sostenibilidad y llevar contigo contigo un recuerdo de tu viaje a la isla.\" \/>\n<meta name=\"robots\" content=\"index, follow, max-snippet:-1, max-image-preview:large, max-video-preview:-1\" \/>\n<link rel=\"canonical\" href=\"https:\/\/trecepecesfuerteventura.com\/fr\/produit\/pendientes-de-medusa-diseno-inspirado-en-el-mar-de-fuerteventura-con-enganche-aro-o-gancho\/\" \/>\n<meta property=\"og:locale\" content=\"fr_FR\" \/>\n<meta property=\"og:type\" content=\"article\" \/>\n<meta property=\"og:title\" content=\"Pendientes de Medusa - Dise\u00f1o inspirado en el mar de Fuerteventura (con enganche Aro o Gancho) - Trecepeces Fuerteventura\" \/>\n<meta property=\"og:description\" content=\"Originales y elegantes Pendientes de Medusa, inspirados en la biodiversidad marina de Fuerteventura. Montaje propio. Estos pendientes est\u00e1n disponibles con dos opciones de enganche: aros redondos en lat\u00f3n con ba\u00f1o dorado para un estilo sofisticado o ganchos cl\u00e1sicos en acero inoxidable para una comodidad diaria. Dise\u00f1ados pensando en los amantes de los oc\u00e9anos, los Pendientes de Medusa son un recuerdo perfecto de tu viaje en la isla. Ideales para regalar o complementar cualquier look. Material: lat\u00f3n y acero inoxidable, hipoalerg\u00e9nico. Peso ligero y c\u00f3modo. Opci\u00f3n de enganche: Aro o gancho. Inspirados en la fauna marina de Fuerteventura. Por qu\u00e9 elegirnos: Comprar estos pendientes es apoyar el comercio local, la sostenibilidad y llevar contigo contigo un recuerdo de tu viaje a la isla.\" \/>\n<meta property=\"og:url\" content=\"https:\/\/trecepecesfuerteventura.com\/fr\/produit\/pendientes-de-medusa-diseno-inspirado-en-el-mar-de-fuerteventura-con-enganche-aro-o-gancho\/\" \/>\n<meta property=\"og:site_name\" content=\"Trecepeces Fuerteventura\" \/>\n<meta property=\"article:modified_time\" content=\"2025-09-08T00:04:36+00:00\" \/>\n<meta property=\"og:image\" content=\"https:\/\/trecepecesfuerteventura.com\/wp-content\/uploads\/2025\/01\/20250124_101746-scaled.jpg\" \/>\n\t<meta property=\"og:image:width\" content=\"1481\" \/>\n\t<meta property=\"og:image:height\" content=\"2560\" \/>\n\t<meta property=\"og:image:type\" content=\"image\/jpeg\" \/>\n<meta name=\"twitter:card\" content=\"summary_large_image\" \/>\n<meta name=\"twitter:label1\" content=\"Dur\u00e9e de lecture estim\u00e9e\" \/>\n\t<meta name=\"twitter:data1\" content=\"2 minutes\" \/>\n<script type=\"application\/ld+json\" class=\"yoast-schema-graph\">{\"@context\":\"https:\/\/schema.org\",\"@graph\":[{\"@type\":\"WebPage\",\"@id\":\"https:\/\/trecepecesfuerteventura.com\/producto\/pendientes-de-medusa-diseno-inspirado-en-el-mar-de-fuerteventura-con-enganche-aro-o-gancho\/\",\"url\":\"https:\/\/trecepecesfuerteventura.com\/producto\/pendientes-de-medusa-diseno-inspirado-en-el-mar-de-fuerteventura-con-enganche-aro-o-gancho\/\",\"name\":\"Pendientes de Medusa - Dise\u00f1o inspirado en el mar de Fuerteventura (con enganche Aro o Gancho) - Trecepeces Fuerteventura\",\"isPartOf\":{\"@id\":\"https:\/\/trecepecesfuerteventura.com\/#website\"},\"primaryImageOfPage\":{\"@id\":\"https:\/\/trecepecesfuerteventura.com\/producto\/pendientes-de-medusa-diseno-inspirado-en-el-mar-de-fuerteventura-con-enganche-aro-o-gancho\/#primaryimage\"},\"image\":{\"@id\":\"https:\/\/trecepecesfuerteventura.com\/producto\/pendientes-de-medusa-diseno-inspirado-en-el-mar-de-fuerteventura-con-enganche-aro-o-gancho\/#primaryimage\"},\"thumbnailUrl\":\"https:\/\/trecepecesfuerteventura.com\/wp-content\/uploads\/2025\/01\/20250124_101746-scaled.jpg\",\"datePublished\":\"2025-01-24T13:28:10+00:00\",\"dateModified\":\"2025-09-08T00:04:36+00:00\",\"description\":\"Originales y elegantes Pendientes de Medusa, inspirados en la biodiversidad marina de Fuerteventura. Montaje propio. Estos pendientes est\u00e1n disponibles con dos opciones de enganche: aros redondos en lat\u00f3n con ba\u00f1o dorado para un estilo sofisticado o ganchos cl\u00e1sicos en acero inoxidable para una comodidad diaria. Dise\u00f1ados pensando en los amantes de los oc\u00e9anos, los Pendientes de Medusa son un recuerdo perfecto de tu viaje en la isla. Ideales para regalar o complementar cualquier look. Material: lat\u00f3n y acero inoxidable, hipoalerg\u00e9nico. Peso ligero y c\u00f3modo. Opci\u00f3n de enganche: Aro o gancho. Inspirados en la fauna marina de Fuerteventura. Por qu\u00e9 elegirnos: Comprar estos pendientes es apoyar el comercio local, la sostenibilidad y llevar contigo contigo un recuerdo de tu viaje a la isla.\",\"breadcrumb\":{\"@id\":\"https:\/\/trecepecesfuerteventura.com\/producto\/pendientes-de-medusa-diseno-inspirado-en-el-mar-de-fuerteventura-con-enganche-aro-o-gancho\/#breadcrumb\"},\"inLanguage\":\"fr-FR\",\"potentialAction\":[{\"@type\":\"ReadAction\",\"target\":[\"https:\/\/trecepecesfuerteventura.com\/producto\/pendientes-de-medusa-diseno-inspirado-en-el-mar-de-fuerteventura-con-enganche-aro-o-gancho\/\"]}]},{\"@type\":\"ImageObject\",\"inLanguage\":\"fr-FR\",\"@id\":\"https:\/\/trecepecesfuerteventura.com\/producto\/pendientes-de-medusa-diseno-inspirado-en-el-mar-de-fuerteventura-con-enganche-aro-o-gancho\/#primaryimage\",\"url\":\"https:\/\/trecepecesfuerteventura.com\/wp-content\/uploads\/2025\/01\/20250124_101746-scaled.jpg\",\"contentUrl\":\"https:\/\/trecepecesfuerteventura.com\/wp-content\/uploads\/2025\/01\/20250124_101746-scaled.jpg\",\"width\":1481,\"height\":2560,\"caption\":\"Pendientes de medusa disponibles con enganche aro o gancho, inspirados en la biodiversidad marina de Fuerteventura.\"},{\"@type\":\"BreadcrumbList\",\"@id\":\"https:\/\/trecepecesfuerteventura.com\/producto\/pendientes-de-medusa-diseno-inspirado-en-el-mar-de-fuerteventura-con-enganche-aro-o-gancho\/#breadcrumb\",\"itemListElement\":[{\"@type\":\"ListItem\",\"position\":1,\"name\":\"Portada\",\"item\":\"https:\/\/trecepecesfuerteventura.com\/\"},{\"@type\":\"ListItem\",\"position\":2,\"name\":\"Tienda\",\"item\":\"https:\/\/trecepecesfuerteventura.com\/tienda\/\"},{\"@type\":\"ListItem\",\"position\":3,\"name\":\"Pendientes de Medusa &#8211; Dise\u00f1o inspirado en el mar de Fuerteventura (con enganche Aro o Gancho)\"}]},{\"@type\":\"WebSite\",\"@id\":\"https:\/\/trecepecesfuerteventura.com\/#website\",\"url\":\"https:\/\/trecepecesfuerteventura.com\/\",\"name\":\"Trecepeces Fuerteventura\",\"description\":\"Shop &amp; Expo\",\"publisher\":{\"@id\":\"https:\/\/trecepecesfuerteventura.com\/#organization\"},\"potentialAction\":[{\"@type\":\"SearchAction\",\"target\":{\"@type\":\"EntryPoint\",\"urlTemplate\":\"https:\/\/trecepecesfuerteventura.com\/?s={search_term_string}\"},\"query-input\":{\"@type\":\"PropertyValueSpecification\",\"valueRequired\":true,\"valueName\":\"search_term_string\"}}],\"inLanguage\":\"fr-FR\"},{\"@type\":\"Organization\",\"@id\":\"https:\/\/trecepecesfuerteventura.com\/#organization\",\"name\":\"Trecepeces Fuerteventura\",\"url\":\"https:\/\/trecepecesfuerteventura.com\/\",\"logo\":{\"@type\":\"ImageObject\",\"inLanguage\":\"fr-FR\",\"@id\":\"https:\/\/trecepecesfuerteventura.com\/#\/schema\/logo\/image\/\",\"url\":\"https:\/\/trecepecesfuerteventura.com\/wp-content\/uploads\/2024\/01\/0001-2.png\",\"contentUrl\":\"https:\/\/trecepecesfuerteventura.com\/wp-content\/uploads\/2024\/01\/0001-2.png\",\"width\":2367,\"height\":2122,\"caption\":\"Trecepeces Fuerteventura\"},\"image\":{\"@id\":\"https:\/\/trecepecesfuerteventura.com\/#\/schema\/logo\/image\/\"}}]}<\/script>\n<!-- \/ Yoast SEO plugin. -->","yoast_head_json":{"title":"Pendientes de Medusa - Dise\u00f1o inspirado en el mar de Fuerteventura (con enganche Aro o Gancho) - Trecepeces Fuerteventura","description":"Originales y elegantes Pendientes de Medusa, inspirados en la biodiversidad marina de Fuerteventura. Montaje propio. Estos pendientes est\u00e1n disponibles con dos opciones de enganche: aros redondos en lat\u00f3n con ba\u00f1o dorado para un estilo sofisticado o ganchos cl\u00e1sicos en acero inoxidable para una comodidad diaria. Dise\u00f1ados pensando en los amantes de los oc\u00e9anos, los Pendientes de Medusa son un recuerdo perfecto de tu viaje en la isla. Ideales para regalar o complementar cualquier look. Material: lat\u00f3n y acero inoxidable, hipoalerg\u00e9nico. Peso ligero y c\u00f3modo. Opci\u00f3n de enganche: Aro o gancho. Inspirados en la fauna marina de Fuerteventura. Por qu\u00e9 elegirnos: Comprar estos pendientes es apoyar el comercio local, la sostenibilidad y llevar contigo contigo un recuerdo de tu viaje a la isla.","robots":{"index":"index","follow":"follow","max-snippet":"max-snippet:-1","max-image-preview":"max-image-preview:large","max-video-preview":"max-video-preview:-1"},"canonical":"https:\/\/trecepecesfuerteventura.com\/fr\/produit\/pendientes-de-medusa-diseno-inspirado-en-el-mar-de-fuerteventura-con-enganche-aro-o-gancho\/","og_locale":"fr_FR","og_type":"article","og_title":"Pendientes de Medusa - Dise\u00f1o inspirado en el mar de Fuerteventura (con enganche Aro o Gancho) - Trecepeces Fuerteventura","og_description":"Originales y elegantes Pendientes de Medusa, inspirados en la biodiversidad marina de Fuerteventura. Montaje propio. Estos pendientes est\u00e1n disponibles con dos opciones de enganche: aros redondos en lat\u00f3n con ba\u00f1o dorado para un estilo sofisticado o ganchos cl\u00e1sicos en acero inoxidable para una comodidad diaria. Dise\u00f1ados pensando en los amantes de los oc\u00e9anos, los Pendientes de Medusa son un recuerdo perfecto de tu viaje en la isla. Ideales para regalar o complementar cualquier look. Material: lat\u00f3n y acero inoxidable, hipoalerg\u00e9nico. Peso ligero y c\u00f3modo. Opci\u00f3n de enganche: Aro o gancho. Inspirados en la fauna marina de Fuerteventura. Por qu\u00e9 elegirnos: Comprar estos pendientes es apoyar el comercio local, la sostenibilidad y llevar contigo contigo un recuerdo de tu viaje a la isla.","og_url":"https:\/\/trecepecesfuerteventura.com\/fr\/produit\/pendientes-de-medusa-diseno-inspirado-en-el-mar-de-fuerteventura-con-enganche-aro-o-gancho\/","og_site_name":"Trecepeces Fuerteventura","article_modified_time":"2025-09-08T00:04:36+00:00","og_image":[{"width":1481,"height":2560,"url":"https:\/\/trecepecesfuerteventura.com\/wp-content\/uploads\/2025\/01\/20250124_101746-scaled.jpg","type":"image\/jpeg"}],"twitter_card":"summary_large_image","twitter_misc":{"Dur\u00e9e de lecture estim\u00e9e":"2 minutes"},"schema":{"@context":"https:\/\/schema.org","@graph":[{"@type":"WebPage","@id":"https:\/\/trecepecesfuerteventura.com\/producto\/pendientes-de-medusa-diseno-inspirado-en-el-mar-de-fuerteventura-con-enganche-aro-o-gancho\/","url":"https:\/\/trecepecesfuerteventura.com\/producto\/pendientes-de-medusa-diseno-inspirado-en-el-mar-de-fuerteventura-con-enganche-aro-o-gancho\/","name":"Pendientes de Medusa - Dise\u00f1o inspirado en el mar de Fuerteventura (con enganche Aro o Gancho) - Trecepeces Fuerteventura","isPartOf":{"@id":"https:\/\/trecepecesfuerteventura.com\/#website"},"primaryImageOfPage":{"@id":"https:\/\/trecepecesfuerteventura.com\/producto\/pendientes-de-medusa-diseno-inspirado-en-el-mar-de-fuerteventura-con-enganche-aro-o-gancho\/#primaryimage"},"image":{"@id":"https:\/\/trecepecesfuerteventura.com\/producto\/pendientes-de-medusa-diseno-inspirado-en-el-mar-de-fuerteventura-con-enganche-aro-o-gancho\/#primaryimage"},"thumbnailUrl":"https:\/\/trecepecesfuerteventura.com\/wp-content\/uploads\/2025\/01\/20250124_101746-scaled.jpg","datePublished":"2025-01-24T13:28:10+00:00","dateModified":"2025-09-08T00:04:36+00:00","description":"Originales y elegantes Pendientes de Medusa, inspirados en la biodiversidad marina de Fuerteventura. Montaje propio. Estos pendientes est\u00e1n disponibles con dos opciones de enganche: aros redondos en lat\u00f3n con ba\u00f1o dorado para un estilo sofisticado o ganchos cl\u00e1sicos en acero inoxidable para una comodidad diaria. Dise\u00f1ados pensando en los amantes de los oc\u00e9anos, los Pendientes de Medusa son un recuerdo perfecto de tu viaje en la isla. Ideales para regalar o complementar cualquier look. Material: lat\u00f3n y acero inoxidable, hipoalerg\u00e9nico. Peso ligero y c\u00f3modo. Opci\u00f3n de enganche: Aro o gancho. Inspirados en la fauna marina de Fuerteventura. Por qu\u00e9 elegirnos: Comprar estos pendientes es apoyar el comercio local, la sostenibilidad y llevar contigo contigo un recuerdo de tu viaje a la isla.","breadcrumb":{"@id":"https:\/\/trecepecesfuerteventura.com\/producto\/pendientes-de-medusa-diseno-inspirado-en-el-mar-de-fuerteventura-con-enganche-aro-o-gancho\/#breadcrumb"},"inLanguage":"fr-FR","potentialAction":[{"@type":"ReadAction","target":["https:\/\/trecepecesfuerteventura.com\/producto\/pendientes-de-medusa-diseno-inspirado-en-el-mar-de-fuerteventura-con-enganche-aro-o-gancho\/"]}]},{"@type":"ImageObject","inLanguage":"fr-FR","@id":"https:\/\/trecepecesfuerteventura.com\/producto\/pendientes-de-medusa-diseno-inspirado-en-el-mar-de-fuerteventura-con-enganche-aro-o-gancho\/#primaryimage","url":"https:\/\/trecepecesfuerteventura.com\/wp-content\/uploads\/2025\/01\/20250124_101746-scaled.jpg","contentUrl":"https:\/\/trecepecesfuerteventura.com\/wp-content\/uploads\/2025\/01\/20250124_101746-scaled.jpg","width":1481,"height":2560,"caption":"Pendientes de medusa disponibles con enganche aro o gancho, inspirados en la biodiversidad marina de Fuerteventura."},{"@type":"BreadcrumbList","@id":"https:\/\/trecepecesfuerteventura.com\/producto\/pendientes-de-medusa-diseno-inspirado-en-el-mar-de-fuerteventura-con-enganche-aro-o-gancho\/#breadcrumb","itemListElement":[{"@type":"ListItem","position":1,"name":"Portada","item":"https:\/\/trecepecesfuerteventura.com\/"},{"@type":"ListItem","position":2,"name":"Tienda","item":"https:\/\/trecepecesfuerteventura.com\/tienda\/"},{"@type":"ListItem","position":3,"name":"Pendientes de Medusa &#8211; Dise\u00f1o inspirado en el mar de Fuerteventura (con enganche Aro o Gancho)"}]},{"@type":"WebSite","@id":"https:\/\/trecepecesfuerteventura.com\/#website","url":"https:\/\/trecepecesfuerteventura.com\/","name":"Trecepeces Fuerteventura","description":"Boutique &amp; Expo","publisher":{"@id":"https:\/\/trecepecesfuerteventura.com\/#organization"},"potentialAction":[{"@type":"SearchAction","target":{"@type":"EntryPoint","urlTemplate":"https:\/\/trecepecesfuerteventura.com\/?s={search_term_string}"},"query-input":{"@type":"PropertyValueSpecification","valueRequired":true,"valueName":"search_term_string"}}],"inLanguage":"fr-FR"},{"@type":"Organization","@id":"https:\/\/trecepecesfuerteventura.com\/#organization","name":"Trecepeces Fuerteventura","url":"https:\/\/trecepecesfuerteventura.com\/","logo":{"@type":"ImageObject","inLanguage":"fr-FR","@id":"https:\/\/trecepecesfuerteventura.com\/#\/schema\/logo\/image\/","url":"https:\/\/trecepecesfuerteventura.com\/wp-content\/uploads\/2024\/01\/0001-2.png","contentUrl":"https:\/\/trecepecesfuerteventura.com\/wp-content\/uploads\/2024\/01\/0001-2.png","width":2367,"height":2122,"caption":"Trecepeces Fuerteventura"},"image":{"@id":"https:\/\/trecepecesfuerteventura.com\/#\/schema\/logo\/image\/"}}]}},"_links":{"self":[{"href":"https:\/\/trecepecesfuerteventura.com\/fr\/wp-json\/wp\/v2\/product\/969","targetHints":{"allow":["GET"]}}],"collection":[{"href":"https:\/\/trecepecesfuerteventura.com\/fr\/wp-json\/wp\/v2\/product"}],"about":[{"href":"https:\/\/trecepecesfuerteventura.com\/fr\/wp-json\/wp\/v2\/types\/product"}],"replies":[{"embeddable":true,"href":"https:\/\/trecepecesfuerteventura.com\/fr\/wp-json\/wp\/v2\/comments?post=969"}],"wp:featuredmedia":[{"embeddable":true,"href":"https:\/\/trecepecesfuerteventura.com\/fr\/wp-json\/wp\/v2\/media\/971"}],"wp:attachment":[{"href":"https:\/\/trecepecesfuerteventura.com\/fr\/wp-json\/wp\/v2\/media?parent=969"}],"wp:term":[{"taxonomy":"product_brand","embeddable":true,"href":"https:\/\/trecepecesfuerteventura.com\/fr\/wp-json\/wp\/v2\/product_brand?post=969"},{"taxonomy":"product_cat","embeddable":true,"href":"https:\/\/trecepecesfuerteventura.com\/fr\/wp-json\/wp\/v2\/product_cat?post=969"},{"taxonomy":"product_tag","embeddable":true,"href":"https:\/\/trecepecesfuerteventura.com\/fr\/wp-json\/wp\/v2\/product_tag?post=969"}],"curies":[{"name":"wp","href":"https:\/\/api.w.org\/{rel}","templated":true}]}}