{"id":974,"date":"2025-01-24T19:51:43","date_gmt":"2025-01-24T18:51:43","guid":{"rendered":"https:\/\/trecepecesfuerteventura.com\/?post_type=product&#038;p=974"},"modified":"2025-01-28T20:44:48","modified_gmt":"2025-01-28T19:44:48","slug":"pendientes-barquito-mar-fuerteventura","status":"publish","type":"product","link":"https:\/\/trecepecesfuerteventura.com\/fr\/produit\/pendientes-barquito-mar-fuerteventura\/","title":{"rendered":"Boucles d'oreilles bateau de mer - Design fait \u00e0 la main inspir\u00e9 de Fuerteventura"},"content":{"rendered":"<h3><strong>Boucles d'oreilles en forme de bateau inspir\u00e9 par la culture maritime de Fuerteventura<\/strong><br \/>\nApportez l'essence de la mer avec vous gr\u00e2ce \u00e0 notre <em>boucles d'oreilles petit bateau de la mer<\/em>. L\u00e9ger et confortable, il est fabriqu\u00e9 \u00e0 partir de mat\u00e9riaux hypoallerg\u00e9niques et convient parfaitement \u00e0 un usage quotidien. Fabriqu\u00e9 en laiton, plaqu\u00e9 or et \u00e9maill\u00e9.<\/h3>\n<h3><strong>Un design inspir\u00e9 par la mer. E<\/strong>es boucles d'oreilles refl\u00e8tent la tradition maritime et de p\u00eache de l'\u00eele, avec un design qui \u00e9voque les petits bateaux qui naviguent sur nos c\u00f4tes. Elles sont l'accessoire id\u00e9al pour ceux qui recherchent un souvenir de voyage ou un cadeau significatif.<\/h3>\n<h4><strong>Avantages des boucles d'oreilles en bateau de mer :<\/strong><\/h4>\n<ul>\n<li>\n<h4>Mat\u00e9riaux hypoallerg\u00e9niques, l\u00e9gers et confortables.<\/h4>\n<\/li>\n<li>\n<h4>Design inspir\u00e9 de Fuerteventura.<\/h4>\n<\/li>\n<li>\n<h4>Parfait comme souvenir ou comme cadeau unique.<\/h4>\n<\/li>\n<\/ul>\n<h4>Pour en savoir plus sur les petits bateaux qui inspirent notre design, visitez le site <a href=\"https:\/\/es.wikipedia.org\/wiki\/Barco\" target=\"_new\" rel=\"noopener\">cette page sur les bateaux de Fuerteventura<\/a>.<\/h4>\n<h4>D\u00e9couvrez \u00e9galement notre <a href=\"https:\/\/trecepecesfuerteventura.com\/fr\/produit\/pendientes-de-medusa-diseno-inspirado-en-el-mar-de-fuerteventura-con-enganche-aro-o-gancho\/\">collection de boucles d'oreilles marines<\/a><\/h4>\n<h4>Bien qu'il puisse \u00eatre occasionnellement mouill\u00e9, nous vous recommandons, pour un meilleur entretien, de ne pas l'utiliser dans les douches, les piscines ou la mer. Si vous l'exposez trop \u00e0 l'eau, il risque de perdre sa dorure. Dans ce cas, il gardera la couleur du laiton. Pour la m\u00eame raison, essayez de ne pas les exposer \u00e0 des produits chimiques tels que l'eau de Cologne.<\/h4>","protected":false},"excerpt":{"rendered":"<p>Pendientes de barquito de mar de inspiraci\u00f3n marinera de Fuerteventura Lleva contigo la esencia del mar con nuestros pendientes de barquito de mar. Ligeros y c\u00f3modos, fabricados con materiales hipoalerg\u00e9nicos, perfectos para un uso diario. Hechos con lat\u00f3n, ba\u00f1o dorado y esmalte. Dise\u00f1o inspirado en el mar. Estos pendientes reflejan la tradici\u00f3n marinera y pesquera [&hellip;]<\/p>\n","protected":false},"featured_media":975,"comment_status":"open","ping_status":"closed","template":"","meta":{"_joinchat":[]},"product_brand":[],"product_cat":[57,72],"product_tag":[],"class_list":{"0":"post-974","1":"product","2":"type-product","3":"status-publish","4":"has-post-thumbnail","6":"product_cat-colgante","7":"product_cat-pendientes","9":"first","10":"instock","11":"taxable","12":"shipping-taxable","13":"purchasable","14":"product-type-variable"},"yoast_head":"<!-- This site is optimized with the Yoast SEO plugin v26.8 - https:\/\/yoast.com\/product\/yoast-seo-wordpress\/ -->\n<title>Pendientes de Barquito de Mar - Dise\u00f1o Artesanal Inspirado en Fuerteventura - Trecepeces Fuerteventura Pendientes de barquito de mar - Artesan\u00eda Fuerteventura<\/title>\n<meta name=\"description\" content=\"Compra pendientes de barquito de mar, inspirados en el mar de Fuerteventura. Dise\u00f1o artesanal \u00fanico. \u00a1Haz tu pedido ahora!\" \/>\n<meta name=\"robots\" content=\"index, follow, max-snippet:-1, max-image-preview:large, max-video-preview:-1\" \/>\n<link rel=\"canonical\" href=\"https:\/\/trecepecesfuerteventura.com\/fr\/produit\/pendientes-barquito-mar-fuerteventura\/\" \/>\n<meta property=\"og:locale\" content=\"fr_FR\" \/>\n<meta property=\"og:type\" content=\"article\" \/>\n<meta property=\"og:title\" content=\"Pendientes de Barquito de Mar - Dise\u00f1o Artesanal Inspirado en Fuerteventura - Trecepeces Fuerteventura Pendientes de barquito de mar - Artesan\u00eda Fuerteventura\" \/>\n<meta property=\"og:description\" content=\"Compra pendientes de barquito de mar, inspirados en el mar de Fuerteventura. Dise\u00f1o artesanal \u00fanico. \u00a1Haz tu pedido ahora!\" \/>\n<meta property=\"og:url\" content=\"https:\/\/trecepecesfuerteventura.com\/fr\/produit\/pendientes-barquito-mar-fuerteventura\/\" \/>\n<meta property=\"og:site_name\" content=\"Trecepeces Fuerteventura\" \/>\n<meta property=\"article:modified_time\" content=\"2025-01-28T19:44:48+00:00\" \/>\n<meta property=\"og:image\" content=\"https:\/\/trecepecesfuerteventura.com\/wp-content\/uploads\/2025\/01\/20250124_102429.jpg\" \/>\n\t<meta property=\"og:image:width\" content=\"1213\" \/>\n\t<meta property=\"og:image:height\" content=\"1269\" \/>\n\t<meta property=\"og:image:type\" content=\"image\/jpeg\" \/>\n<meta name=\"twitter:card\" content=\"summary_large_image\" \/>\n<meta name=\"twitter:label1\" content=\"Dur\u00e9e de lecture estim\u00e9e\" \/>\n\t<meta name=\"twitter:data1\" content=\"2 minutes\" \/>\n<script type=\"application\/ld+json\" class=\"yoast-schema-graph\">{\"@context\":\"https:\/\/schema.org\",\"@graph\":[{\"@type\":\"WebPage\",\"@id\":\"https:\/\/trecepecesfuerteventura.com\/producto\/pendientes-barquito-mar-fuerteventura\/\",\"url\":\"https:\/\/trecepecesfuerteventura.com\/producto\/pendientes-barquito-mar-fuerteventura\/\",\"name\":\"Pendientes de Barquito de Mar - Dise\u00f1o Artesanal Inspirado en Fuerteventura - Trecepeces Fuerteventura Pendientes de barquito de mar - Artesan\u00eda Fuerteventura\",\"isPartOf\":{\"@id\":\"https:\/\/trecepecesfuerteventura.com\/#website\"},\"primaryImageOfPage\":{\"@id\":\"https:\/\/trecepecesfuerteventura.com\/producto\/pendientes-barquito-mar-fuerteventura\/#primaryimage\"},\"image\":{\"@id\":\"https:\/\/trecepecesfuerteventura.com\/producto\/pendientes-barquito-mar-fuerteventura\/#primaryimage\"},\"thumbnailUrl\":\"https:\/\/trecepecesfuerteventura.com\/wp-content\/uploads\/2025\/01\/20250124_102429.jpg\",\"datePublished\":\"2025-01-24T18:51:43+00:00\",\"dateModified\":\"2025-01-28T19:44:48+00:00\",\"description\":\"Compra pendientes de barquito de mar, inspirados en el mar de Fuerteventura. Dise\u00f1o artesanal \u00fanico. \u00a1Haz tu pedido ahora!\",\"breadcrumb\":{\"@id\":\"https:\/\/trecepecesfuerteventura.com\/producto\/pendientes-barquito-mar-fuerteventura\/#breadcrumb\"},\"inLanguage\":\"fr-FR\",\"potentialAction\":[{\"@type\":\"ReadAction\",\"target\":[\"https:\/\/trecepecesfuerteventura.com\/producto\/pendientes-barquito-mar-fuerteventura\/\"]}]},{\"@type\":\"ImageObject\",\"inLanguage\":\"fr-FR\",\"@id\":\"https:\/\/trecepecesfuerteventura.com\/producto\/pendientes-barquito-mar-fuerteventura\/#primaryimage\",\"url\":\"https:\/\/trecepecesfuerteventura.com\/wp-content\/uploads\/2025\/01\/20250124_102429.jpg\",\"contentUrl\":\"https:\/\/trecepecesfuerteventura.com\/wp-content\/uploads\/2025\/01\/20250124_102429.jpg\",\"width\":1213,\"height\":1269,\"caption\":\"Pendientes de barquito de mar con dise\u00f1o exclusivo inspirado en Fuerteventura\"},{\"@type\":\"BreadcrumbList\",\"@id\":\"https:\/\/trecepecesfuerteventura.com\/producto\/pendientes-barquito-mar-fuerteventura\/#breadcrumb\",\"itemListElement\":[{\"@type\":\"ListItem\",\"position\":1,\"name\":\"Portada\",\"item\":\"https:\/\/trecepecesfuerteventura.com\/\"},{\"@type\":\"ListItem\",\"position\":2,\"name\":\"Tienda\",\"item\":\"https:\/\/trecepecesfuerteventura.com\/tienda\/\"},{\"@type\":\"ListItem\",\"position\":3,\"name\":\"Pendientes de Barquito de Mar &#8211; Dise\u00f1o Artesanal Inspirado en Fuerteventura\"}]},{\"@type\":\"WebSite\",\"@id\":\"https:\/\/trecepecesfuerteventura.com\/#website\",\"url\":\"https:\/\/trecepecesfuerteventura.com\/\",\"name\":\"Trecepeces Fuerteventura\",\"description\":\"Shop &amp; Expo\",\"publisher\":{\"@id\":\"https:\/\/trecepecesfuerteventura.com\/#organization\"},\"potentialAction\":[{\"@type\":\"SearchAction\",\"target\":{\"@type\":\"EntryPoint\",\"urlTemplate\":\"https:\/\/trecepecesfuerteventura.com\/?s={search_term_string}\"},\"query-input\":{\"@type\":\"PropertyValueSpecification\",\"valueRequired\":true,\"valueName\":\"search_term_string\"}}],\"inLanguage\":\"fr-FR\"},{\"@type\":\"Organization\",\"@id\":\"https:\/\/trecepecesfuerteventura.com\/#organization\",\"name\":\"Trecepeces Fuerteventura\",\"url\":\"https:\/\/trecepecesfuerteventura.com\/\",\"logo\":{\"@type\":\"ImageObject\",\"inLanguage\":\"fr-FR\",\"@id\":\"https:\/\/trecepecesfuerteventura.com\/#\/schema\/logo\/image\/\",\"url\":\"https:\/\/trecepecesfuerteventura.com\/wp-content\/uploads\/2024\/01\/0001-2.png\",\"contentUrl\":\"https:\/\/trecepecesfuerteventura.com\/wp-content\/uploads\/2024\/01\/0001-2.png\",\"width\":2367,\"height\":2122,\"caption\":\"Trecepeces Fuerteventura\"},\"image\":{\"@id\":\"https:\/\/trecepecesfuerteventura.com\/#\/schema\/logo\/image\/\"}}]}<\/script>\n<!-- \/ Yoast SEO plugin. -->","yoast_head_json":{"title":"Pendientes de Barquito de Mar - Dise\u00f1o Artesanal Inspirado en Fuerteventura - Trecepeces Fuerteventura Pendientes de barquito de mar - Artesan\u00eda Fuerteventura","description":"Compra pendientes de barquito de mar, inspirados en el mar de Fuerteventura. Dise\u00f1o artesanal \u00fanico. \u00a1Haz tu pedido ahora!","robots":{"index":"index","follow":"follow","max-snippet":"max-snippet:-1","max-image-preview":"max-image-preview:large","max-video-preview":"max-video-preview:-1"},"canonical":"https:\/\/trecepecesfuerteventura.com\/fr\/produit\/pendientes-barquito-mar-fuerteventura\/","og_locale":"fr_FR","og_type":"article","og_title":"Pendientes de Barquito de Mar - Dise\u00f1o Artesanal Inspirado en Fuerteventura - Trecepeces Fuerteventura Pendientes de barquito de mar - Artesan\u00eda Fuerteventura","og_description":"Compra pendientes de barquito de mar, inspirados en el mar de Fuerteventura. Dise\u00f1o artesanal \u00fanico. \u00a1Haz tu pedido ahora!","og_url":"https:\/\/trecepecesfuerteventura.com\/fr\/produit\/pendientes-barquito-mar-fuerteventura\/","og_site_name":"Trecepeces Fuerteventura","article_modified_time":"2025-01-28T19:44:48+00:00","og_image":[{"width":1213,"height":1269,"url":"https:\/\/trecepecesfuerteventura.com\/wp-content\/uploads\/2025\/01\/20250124_102429.jpg","type":"image\/jpeg"}],"twitter_card":"summary_large_image","twitter_misc":{"Dur\u00e9e de lecture estim\u00e9e":"2 minutes"},"schema":{"@context":"https:\/\/schema.org","@graph":[{"@type":"WebPage","@id":"https:\/\/trecepecesfuerteventura.com\/producto\/pendientes-barquito-mar-fuerteventura\/","url":"https:\/\/trecepecesfuerteventura.com\/producto\/pendientes-barquito-mar-fuerteventura\/","name":"Pendientes de Barquito de Mar - Dise\u00f1o Artesanal Inspirado en Fuerteventura - Trecepeces Fuerteventura Pendientes de barquito de mar - Artesan\u00eda Fuerteventura","isPartOf":{"@id":"https:\/\/trecepecesfuerteventura.com\/#website"},"primaryImageOfPage":{"@id":"https:\/\/trecepecesfuerteventura.com\/producto\/pendientes-barquito-mar-fuerteventura\/#primaryimage"},"image":{"@id":"https:\/\/trecepecesfuerteventura.com\/producto\/pendientes-barquito-mar-fuerteventura\/#primaryimage"},"thumbnailUrl":"https:\/\/trecepecesfuerteventura.com\/wp-content\/uploads\/2025\/01\/20250124_102429.jpg","datePublished":"2025-01-24T18:51:43+00:00","dateModified":"2025-01-28T19:44:48+00:00","description":"Compra pendientes de barquito de mar, inspirados en el mar de Fuerteventura. Dise\u00f1o artesanal \u00fanico. \u00a1Haz tu pedido ahora!","breadcrumb":{"@id":"https:\/\/trecepecesfuerteventura.com\/producto\/pendientes-barquito-mar-fuerteventura\/#breadcrumb"},"inLanguage":"fr-FR","potentialAction":[{"@type":"ReadAction","target":["https:\/\/trecepecesfuerteventura.com\/producto\/pendientes-barquito-mar-fuerteventura\/"]}]},{"@type":"ImageObject","inLanguage":"fr-FR","@id":"https:\/\/trecepecesfuerteventura.com\/producto\/pendientes-barquito-mar-fuerteventura\/#primaryimage","url":"https:\/\/trecepecesfuerteventura.com\/wp-content\/uploads\/2025\/01\/20250124_102429.jpg","contentUrl":"https:\/\/trecepecesfuerteventura.com\/wp-content\/uploads\/2025\/01\/20250124_102429.jpg","width":1213,"height":1269,"caption":"Pendientes de barquito de mar con dise\u00f1o exclusivo inspirado en Fuerteventura"},{"@type":"BreadcrumbList","@id":"https:\/\/trecepecesfuerteventura.com\/producto\/pendientes-barquito-mar-fuerteventura\/#breadcrumb","itemListElement":[{"@type":"ListItem","position":1,"name":"Portada","item":"https:\/\/trecepecesfuerteventura.com\/"},{"@type":"ListItem","position":2,"name":"Tienda","item":"https:\/\/trecepecesfuerteventura.com\/tienda\/"},{"@type":"ListItem","position":3,"name":"Pendientes de Barquito de Mar &#8211; Dise\u00f1o Artesanal Inspirado en Fuerteventura"}]},{"@type":"WebSite","@id":"https:\/\/trecepecesfuerteventura.com\/#website","url":"https:\/\/trecepecesfuerteventura.com\/","name":"Trecepeces Fuerteventura","description":"Boutique &amp; Expo","publisher":{"@id":"https:\/\/trecepecesfuerteventura.com\/#organization"},"potentialAction":[{"@type":"SearchAction","target":{"@type":"EntryPoint","urlTemplate":"https:\/\/trecepecesfuerteventura.com\/?s={search_term_string}"},"query-input":{"@type":"PropertyValueSpecification","valueRequired":true,"valueName":"search_term_string"}}],"inLanguage":"fr-FR"},{"@type":"Organization","@id":"https:\/\/trecepecesfuerteventura.com\/#organization","name":"Trecepeces Fuerteventura","url":"https:\/\/trecepecesfuerteventura.com\/","logo":{"@type":"ImageObject","inLanguage":"fr-FR","@id":"https:\/\/trecepecesfuerteventura.com\/#\/schema\/logo\/image\/","url":"https:\/\/trecepecesfuerteventura.com\/wp-content\/uploads\/2024\/01\/0001-2.png","contentUrl":"https:\/\/trecepecesfuerteventura.com\/wp-content\/uploads\/2024\/01\/0001-2.png","width":2367,"height":2122,"caption":"Trecepeces Fuerteventura"},"image":{"@id":"https:\/\/trecepecesfuerteventura.com\/#\/schema\/logo\/image\/"}}]}},"_links":{"self":[{"href":"https:\/\/trecepecesfuerteventura.com\/fr\/wp-json\/wp\/v2\/product\/974","targetHints":{"allow":["GET"]}}],"collection":[{"href":"https:\/\/trecepecesfuerteventura.com\/fr\/wp-json\/wp\/v2\/product"}],"about":[{"href":"https:\/\/trecepecesfuerteventura.com\/fr\/wp-json\/wp\/v2\/types\/product"}],"replies":[{"embeddable":true,"href":"https:\/\/trecepecesfuerteventura.com\/fr\/wp-json\/wp\/v2\/comments?post=974"}],"wp:featuredmedia":[{"embeddable":true,"href":"https:\/\/trecepecesfuerteventura.com\/fr\/wp-json\/wp\/v2\/media\/975"}],"wp:attachment":[{"href":"https:\/\/trecepecesfuerteventura.com\/fr\/wp-json\/wp\/v2\/media?parent=974"}],"wp:term":[{"taxonomy":"product_brand","embeddable":true,"href":"https:\/\/trecepecesfuerteventura.com\/fr\/wp-json\/wp\/v2\/product_brand?post=974"},{"taxonomy":"product_cat","embeddable":true,"href":"https:\/\/trecepecesfuerteventura.com\/fr\/wp-json\/wp\/v2\/product_cat?post=974"},{"taxonomy":"product_tag","embeddable":true,"href":"https:\/\/trecepecesfuerteventura.com\/fr\/wp-json\/wp\/v2\/product_tag?post=974"}],"curies":[{"name":"wp","href":"https:\/\/api.w.org\/{rel}","templated":true}]}}