{"id":984,"date":"2025-01-24T20:29:00","date_gmt":"2025-01-24T19:29:00","guid":{"rendered":"https:\/\/trecepecesfuerteventura.com\/?post_type=product&#038;p=984"},"modified":"2025-01-28T20:37:42","modified_gmt":"2025-01-28T19:37:42","slug":"pendientes-de-cangrejo-gancho-clasico-inspirado-en-el-mar-de-fuerteventura","status":"publish","type":"product","link":"https:\/\/trecepecesfuerteventura.com\/fr\/produit\/pendientes-de-cangrejo-gancho-clasico-inspirado-en-el-mar-de-fuerteventura\/","title":{"rendered":"Boucles d'oreilles crabe - Crochet classique inspir\u00e9 de la mer de Fuerteventura"},"content":{"rendered":"<h3><strong>Boucles d'oreilles crabe<\/strong><\/h3>\n<h3><strong>Design inspir\u00e9 par la mer de Fuerteventura. <\/strong>Apportez la joie de l'oc\u00e9an avec vous gr\u00e2ce \u00e0 notre <em>Boucles d'oreilles crabe avec crochet classique<\/em>. Fabriqu\u00e9 en acier inoxydable et en \u00e9mail, mat\u00e9riaux de haute qualit\u00e9. Parfait pour ceux qui recherchent des accessoires originaux et joyeux.<\/h3>\n<h4><strong>L\u00e9ger et confortable avec un crochet classique. A<\/strong><strong>\u00a0Cadeau id\u00e9al pour les amoureux de la mer<\/strong><\/h4>\n<h4>Fabriqu\u00e9 \u00e0 partir de mat\u00e9riaux durables et hypoallerg\u00e9niques. Parfait pour les occasions d\u00e9contract\u00e9es ou habill\u00e9es.<\/h4>\n<h4><strong>Il soutient la conception durable et locale.<\/strong>\u00a0Nos boucles d'oreilles en forme de crabe sont un souvenir sp\u00e9cial de votre voyage \u00e0 Fuerteventura et un accessoire id\u00e9al pour les amoureux de la mer.<\/h4>\n<h4>Pour en savoir plus sur les crabes qui inspirent notre design, veuillez consulter le site suivant <a href=\"https:\/\/es.wikipedia.org\/wiki\/Cangrejo\" target=\"_new\" rel=\"noopener\">cette page sur les crabes marins<\/a>.<\/h4>\n<h4>Bien qu'il puisse \u00eatre occasionnellement mouill\u00e9, nous vous recommandons, pour un meilleur entretien, de ne pas l'utiliser dans les douches, les piscines ou la mer. Si vous l'exposez trop \u00e0 l'eau, il risque de perdre sa dorure. Dans ce cas, il gardera la couleur du laiton. Pour la m\u00eame raison, essayez de ne pas les exposer \u00e0 des produits chimiques tels que l'eau de Cologne.<\/h4>","protected":false},"excerpt":{"rendered":"<p>Pendientes de cangrejo Dise\u00f1o inspirado en el mar de Fuerteventura. Lleva contigo la alegr\u00eda del oc\u00e9ano con nuestros pendientes de cangrejo con gancho cl\u00e1sico. Fabricados con acero inoxidable y esmalte, materiales de alta calidad. Perfectos para quienes buscan accesorios originales y alegres. Ligereza y comodidad con enganche de gancho cl\u00e1sico. Un\u00a0regalo perfecto para los amantes [&hellip;]<\/p>\n","protected":false},"featured_media":985,"comment_status":"open","ping_status":"closed","template":"","meta":{"_joinchat":[]},"product_brand":[],"product_cat":[57,72],"product_tag":[89,84,83,88,81,82,86,85,80,87],"class_list":{"0":"post-984","1":"product","2":"type-product","3":"status-publish","4":"has-post-thumbnail","6":"product_cat-colgante","7":"product_cat-pendientes","8":"product_tag-accesorios-hipoalergenicos","9":"product_tag-disenos-inspirados-en-el-mar","10":"product_tag-joyas-artesanales","11":"product_tag-joyeria-sostenible","12":"product_tag-pendientes-de-cangrejo","13":"product_tag-pendientes-de-gancho","14":"product_tag-pendientes-ligeros","15":"product_tag-pendientes-marinos","16":"product_tag-recuerdos-de-fuerteventura","17":"product_tag-regalos-unicos","19":"first","20":"instock","21":"taxable","22":"shipping-taxable","23":"purchasable","24":"product-type-simple"},"yoast_head":"<!-- This site is optimized with the Yoast SEO plugin v26.8 - https:\/\/yoast.com\/product\/yoast-seo-wordpress\/ -->\n<title>Pendientes de Cangrejo - Gancho Cl\u00e1sico Inspirado en el Mar de Fuerteventura - Trecepeces Fuerteventura<\/title>\n<meta name=\"description\" content=\"Compra pendientes de cangrejo con gancho cl\u00e1sico. Inspirados en Fuerteventura, son hipoalerg\u00e9nicos, de acero inoxidable y esmalte y perfectos como recuerdo \u00fanico.\" \/>\n<meta name=\"robots\" content=\"index, follow, max-snippet:-1, max-image-preview:large, max-video-preview:-1\" \/>\n<link rel=\"canonical\" href=\"https:\/\/trecepecesfuerteventura.com\/fr\/produit\/pendientes-de-cangrejo-gancho-clasico-inspirado-en-el-mar-de-fuerteventura\/\" \/>\n<meta property=\"og:locale\" content=\"fr_FR\" \/>\n<meta property=\"og:type\" content=\"article\" \/>\n<meta property=\"og:title\" content=\"Pendientes de Cangrejo - Gancho Cl\u00e1sico Inspirado en el Mar de Fuerteventura - Trecepeces Fuerteventura\" \/>\n<meta property=\"og:description\" content=\"Compra pendientes de cangrejo con gancho cl\u00e1sico. Inspirados en Fuerteventura, son hipoalerg\u00e9nicos, de acero inoxidable y esmalte y perfectos como recuerdo \u00fanico.\" \/>\n<meta property=\"og:url\" content=\"https:\/\/trecepecesfuerteventura.com\/fr\/produit\/pendientes-de-cangrejo-gancho-clasico-inspirado-en-el-mar-de-fuerteventura\/\" \/>\n<meta property=\"og:site_name\" content=\"Trecepeces Fuerteventura\" \/>\n<meta property=\"article:modified_time\" content=\"2025-01-28T19:37:42+00:00\" \/>\n<meta property=\"og:image\" content=\"https:\/\/trecepecesfuerteventura.com\/wp-content\/uploads\/2025\/01\/20250124_101531.jpg\" \/>\n\t<meta property=\"og:image:width\" content=\"1593\" \/>\n\t<meta property=\"og:image:height\" content=\"1772\" \/>\n\t<meta property=\"og:image:type\" content=\"image\/jpeg\" \/>\n<meta name=\"twitter:card\" content=\"summary_large_image\" \/>\n<meta name=\"twitter:label1\" content=\"Dur\u00e9e de lecture estim\u00e9e\" \/>\n\t<meta name=\"twitter:data1\" content=\"1 minute\" \/>\n<script type=\"application\/ld+json\" class=\"yoast-schema-graph\">{\"@context\":\"https:\/\/schema.org\",\"@graph\":[{\"@type\":\"WebPage\",\"@id\":\"https:\/\/trecepecesfuerteventura.com\/producto\/pendientes-de-cangrejo-gancho-clasico-inspirado-en-el-mar-de-fuerteventura\/\",\"url\":\"https:\/\/trecepecesfuerteventura.com\/producto\/pendientes-de-cangrejo-gancho-clasico-inspirado-en-el-mar-de-fuerteventura\/\",\"name\":\"Pendientes de Cangrejo - Gancho Cl\u00e1sico Inspirado en el Mar de Fuerteventura - Trecepeces Fuerteventura\",\"isPartOf\":{\"@id\":\"https:\/\/trecepecesfuerteventura.com\/#website\"},\"primaryImageOfPage\":{\"@id\":\"https:\/\/trecepecesfuerteventura.com\/producto\/pendientes-de-cangrejo-gancho-clasico-inspirado-en-el-mar-de-fuerteventura\/#primaryimage\"},\"image\":{\"@id\":\"https:\/\/trecepecesfuerteventura.com\/producto\/pendientes-de-cangrejo-gancho-clasico-inspirado-en-el-mar-de-fuerteventura\/#primaryimage\"},\"thumbnailUrl\":\"https:\/\/trecepecesfuerteventura.com\/wp-content\/uploads\/2025\/01\/20250124_101531.jpg\",\"datePublished\":\"2025-01-24T19:29:00+00:00\",\"dateModified\":\"2025-01-28T19:37:42+00:00\",\"description\":\"Compra pendientes de cangrejo con gancho cl\u00e1sico. Inspirados en Fuerteventura, son hipoalerg\u00e9nicos, de acero inoxidable y esmalte y perfectos como recuerdo \u00fanico.\",\"breadcrumb\":{\"@id\":\"https:\/\/trecepecesfuerteventura.com\/producto\/pendientes-de-cangrejo-gancho-clasico-inspirado-en-el-mar-de-fuerteventura\/#breadcrumb\"},\"inLanguage\":\"fr-FR\",\"potentialAction\":[{\"@type\":\"ReadAction\",\"target\":[\"https:\/\/trecepecesfuerteventura.com\/producto\/pendientes-de-cangrejo-gancho-clasico-inspirado-en-el-mar-de-fuerteventura\/\"]}]},{\"@type\":\"ImageObject\",\"inLanguage\":\"fr-FR\",\"@id\":\"https:\/\/trecepecesfuerteventura.com\/producto\/pendientes-de-cangrejo-gancho-clasico-inspirado-en-el-mar-de-fuerteventura\/#primaryimage\",\"url\":\"https:\/\/trecepecesfuerteventura.com\/wp-content\/uploads\/2025\/01\/20250124_101531.jpg\",\"contentUrl\":\"https:\/\/trecepecesfuerteventura.com\/wp-content\/uploads\/2025\/01\/20250124_101531.jpg\",\"width\":1593,\"height\":1772,\"caption\":\"Pendientes de cangrejo con gancho cl\u00e1sico, perfectos como recuerdo de Fuerteventura\"},{\"@type\":\"BreadcrumbList\",\"@id\":\"https:\/\/trecepecesfuerteventura.com\/producto\/pendientes-de-cangrejo-gancho-clasico-inspirado-en-el-mar-de-fuerteventura\/#breadcrumb\",\"itemListElement\":[{\"@type\":\"ListItem\",\"position\":1,\"name\":\"Portada\",\"item\":\"https:\/\/trecepecesfuerteventura.com\/\"},{\"@type\":\"ListItem\",\"position\":2,\"name\":\"Tienda\",\"item\":\"https:\/\/trecepecesfuerteventura.com\/tienda\/\"},{\"@type\":\"ListItem\",\"position\":3,\"name\":\"Pendientes de Cangrejo &#8211; Gancho Cl\u00e1sico Inspirado en el Mar de Fuerteventura\"}]},{\"@type\":\"WebSite\",\"@id\":\"https:\/\/trecepecesfuerteventura.com\/#website\",\"url\":\"https:\/\/trecepecesfuerteventura.com\/\",\"name\":\"Trecepeces Fuerteventura\",\"description\":\"Shop &amp; Expo\",\"publisher\":{\"@id\":\"https:\/\/trecepecesfuerteventura.com\/#organization\"},\"potentialAction\":[{\"@type\":\"SearchAction\",\"target\":{\"@type\":\"EntryPoint\",\"urlTemplate\":\"https:\/\/trecepecesfuerteventura.com\/?s={search_term_string}\"},\"query-input\":{\"@type\":\"PropertyValueSpecification\",\"valueRequired\":true,\"valueName\":\"search_term_string\"}}],\"inLanguage\":\"fr-FR\"},{\"@type\":\"Organization\",\"@id\":\"https:\/\/trecepecesfuerteventura.com\/#organization\",\"name\":\"Trecepeces Fuerteventura\",\"url\":\"https:\/\/trecepecesfuerteventura.com\/\",\"logo\":{\"@type\":\"ImageObject\",\"inLanguage\":\"fr-FR\",\"@id\":\"https:\/\/trecepecesfuerteventura.com\/#\/schema\/logo\/image\/\",\"url\":\"https:\/\/trecepecesfuerteventura.com\/wp-content\/uploads\/2024\/01\/0001-2.png\",\"contentUrl\":\"https:\/\/trecepecesfuerteventura.com\/wp-content\/uploads\/2024\/01\/0001-2.png\",\"width\":2367,\"height\":2122,\"caption\":\"Trecepeces Fuerteventura\"},\"image\":{\"@id\":\"https:\/\/trecepecesfuerteventura.com\/#\/schema\/logo\/image\/\"}}]}<\/script>\n<!-- \/ Yoast SEO plugin. -->","yoast_head_json":{"title":"Pendientes de Cangrejo - Gancho Cl\u00e1sico Inspirado en el Mar de Fuerteventura - Trecepeces Fuerteventura","description":"Compra pendientes de cangrejo con gancho cl\u00e1sico. Inspirados en Fuerteventura, son hipoalerg\u00e9nicos, de acero inoxidable y esmalte y perfectos como recuerdo \u00fanico.","robots":{"index":"index","follow":"follow","max-snippet":"max-snippet:-1","max-image-preview":"max-image-preview:large","max-video-preview":"max-video-preview:-1"},"canonical":"https:\/\/trecepecesfuerteventura.com\/fr\/produit\/pendientes-de-cangrejo-gancho-clasico-inspirado-en-el-mar-de-fuerteventura\/","og_locale":"fr_FR","og_type":"article","og_title":"Pendientes de Cangrejo - Gancho Cl\u00e1sico Inspirado en el Mar de Fuerteventura - Trecepeces Fuerteventura","og_description":"Compra pendientes de cangrejo con gancho cl\u00e1sico. Inspirados en Fuerteventura, son hipoalerg\u00e9nicos, de acero inoxidable y esmalte y perfectos como recuerdo \u00fanico.","og_url":"https:\/\/trecepecesfuerteventura.com\/fr\/produit\/pendientes-de-cangrejo-gancho-clasico-inspirado-en-el-mar-de-fuerteventura\/","og_site_name":"Trecepeces Fuerteventura","article_modified_time":"2025-01-28T19:37:42+00:00","og_image":[{"width":1593,"height":1772,"url":"https:\/\/trecepecesfuerteventura.com\/wp-content\/uploads\/2025\/01\/20250124_101531.jpg","type":"image\/jpeg"}],"twitter_card":"summary_large_image","twitter_misc":{"Dur\u00e9e de lecture estim\u00e9e":"1 minute"},"schema":{"@context":"https:\/\/schema.org","@graph":[{"@type":"WebPage","@id":"https:\/\/trecepecesfuerteventura.com\/producto\/pendientes-de-cangrejo-gancho-clasico-inspirado-en-el-mar-de-fuerteventura\/","url":"https:\/\/trecepecesfuerteventura.com\/producto\/pendientes-de-cangrejo-gancho-clasico-inspirado-en-el-mar-de-fuerteventura\/","name":"Pendientes de Cangrejo - Gancho Cl\u00e1sico Inspirado en el Mar de Fuerteventura - Trecepeces Fuerteventura","isPartOf":{"@id":"https:\/\/trecepecesfuerteventura.com\/#website"},"primaryImageOfPage":{"@id":"https:\/\/trecepecesfuerteventura.com\/producto\/pendientes-de-cangrejo-gancho-clasico-inspirado-en-el-mar-de-fuerteventura\/#primaryimage"},"image":{"@id":"https:\/\/trecepecesfuerteventura.com\/producto\/pendientes-de-cangrejo-gancho-clasico-inspirado-en-el-mar-de-fuerteventura\/#primaryimage"},"thumbnailUrl":"https:\/\/trecepecesfuerteventura.com\/wp-content\/uploads\/2025\/01\/20250124_101531.jpg","datePublished":"2025-01-24T19:29:00+00:00","dateModified":"2025-01-28T19:37:42+00:00","description":"Compra pendientes de cangrejo con gancho cl\u00e1sico. Inspirados en Fuerteventura, son hipoalerg\u00e9nicos, de acero inoxidable y esmalte y perfectos como recuerdo \u00fanico.","breadcrumb":{"@id":"https:\/\/trecepecesfuerteventura.com\/producto\/pendientes-de-cangrejo-gancho-clasico-inspirado-en-el-mar-de-fuerteventura\/#breadcrumb"},"inLanguage":"fr-FR","potentialAction":[{"@type":"ReadAction","target":["https:\/\/trecepecesfuerteventura.com\/producto\/pendientes-de-cangrejo-gancho-clasico-inspirado-en-el-mar-de-fuerteventura\/"]}]},{"@type":"ImageObject","inLanguage":"fr-FR","@id":"https:\/\/trecepecesfuerteventura.com\/producto\/pendientes-de-cangrejo-gancho-clasico-inspirado-en-el-mar-de-fuerteventura\/#primaryimage","url":"https:\/\/trecepecesfuerteventura.com\/wp-content\/uploads\/2025\/01\/20250124_101531.jpg","contentUrl":"https:\/\/trecepecesfuerteventura.com\/wp-content\/uploads\/2025\/01\/20250124_101531.jpg","width":1593,"height":1772,"caption":"Pendientes de cangrejo con gancho cl\u00e1sico, perfectos como recuerdo de Fuerteventura"},{"@type":"BreadcrumbList","@id":"https:\/\/trecepecesfuerteventura.com\/producto\/pendientes-de-cangrejo-gancho-clasico-inspirado-en-el-mar-de-fuerteventura\/#breadcrumb","itemListElement":[{"@type":"ListItem","position":1,"name":"Portada","item":"https:\/\/trecepecesfuerteventura.com\/"},{"@type":"ListItem","position":2,"name":"Tienda","item":"https:\/\/trecepecesfuerteventura.com\/tienda\/"},{"@type":"ListItem","position":3,"name":"Pendientes de Cangrejo &#8211; Gancho Cl\u00e1sico Inspirado en el Mar de Fuerteventura"}]},{"@type":"WebSite","@id":"https:\/\/trecepecesfuerteventura.com\/#website","url":"https:\/\/trecepecesfuerteventura.com\/","name":"Trecepeces Fuerteventura","description":"Boutique &amp; Expo","publisher":{"@id":"https:\/\/trecepecesfuerteventura.com\/#organization"},"potentialAction":[{"@type":"SearchAction","target":{"@type":"EntryPoint","urlTemplate":"https:\/\/trecepecesfuerteventura.com\/?s={search_term_string}"},"query-input":{"@type":"PropertyValueSpecification","valueRequired":true,"valueName":"search_term_string"}}],"inLanguage":"fr-FR"},{"@type":"Organization","@id":"https:\/\/trecepecesfuerteventura.com\/#organization","name":"Trecepeces Fuerteventura","url":"https:\/\/trecepecesfuerteventura.com\/","logo":{"@type":"ImageObject","inLanguage":"fr-FR","@id":"https:\/\/trecepecesfuerteventura.com\/#\/schema\/logo\/image\/","url":"https:\/\/trecepecesfuerteventura.com\/wp-content\/uploads\/2024\/01\/0001-2.png","contentUrl":"https:\/\/trecepecesfuerteventura.com\/wp-content\/uploads\/2024\/01\/0001-2.png","width":2367,"height":2122,"caption":"Trecepeces Fuerteventura"},"image":{"@id":"https:\/\/trecepecesfuerteventura.com\/#\/schema\/logo\/image\/"}}]}},"_links":{"self":[{"href":"https:\/\/trecepecesfuerteventura.com\/fr\/wp-json\/wp\/v2\/product\/984","targetHints":{"allow":["GET"]}}],"collection":[{"href":"https:\/\/trecepecesfuerteventura.com\/fr\/wp-json\/wp\/v2\/product"}],"about":[{"href":"https:\/\/trecepecesfuerteventura.com\/fr\/wp-json\/wp\/v2\/types\/product"}],"replies":[{"embeddable":true,"href":"https:\/\/trecepecesfuerteventura.com\/fr\/wp-json\/wp\/v2\/comments?post=984"}],"wp:featuredmedia":[{"embeddable":true,"href":"https:\/\/trecepecesfuerteventura.com\/fr\/wp-json\/wp\/v2\/media\/985"}],"wp:attachment":[{"href":"https:\/\/trecepecesfuerteventura.com\/fr\/wp-json\/wp\/v2\/media?parent=984"}],"wp:term":[{"taxonomy":"product_brand","embeddable":true,"href":"https:\/\/trecepecesfuerteventura.com\/fr\/wp-json\/wp\/v2\/product_brand?post=984"},{"taxonomy":"product_cat","embeddable":true,"href":"https:\/\/trecepecesfuerteventura.com\/fr\/wp-json\/wp\/v2\/product_cat?post=984"},{"taxonomy":"product_tag","embeddable":true,"href":"https:\/\/trecepecesfuerteventura.com\/fr\/wp-json\/wp\/v2\/product_tag?post=984"}],"curies":[{"name":"wp","href":"https:\/\/api.w.org\/{rel}","templated":true}]}}