{"id":996,"date":"2025-01-29T13:41:33","date_gmt":"2025-01-29T12:41:33","guid":{"rendered":"https:\/\/trecepecesfuerteventura.com\/?post_type=product&#038;p=996"},"modified":"2025-01-29T13:41:33","modified_gmt":"2025-01-29T12:41:33","slug":"sudadera-de-coordenadas-de-ajuy-diseno-exclusivo-de-trecepeces","status":"publish","type":"product","link":"https:\/\/trecepecesfuerteventura.com\/fr\/produit\/sudadera-de-coordenadas-de-ajuy-diseno-exclusivo-de-trecepeces\/","title":{"rendered":"Sweat coordonn\u00e9 Ajuy - Mod\u00e8le exclusif de TrecePeces"},"content":{"rendered":"<h3><strong>Sweat-shirt en coton avec coordonn\u00e9es Ajuy - Emportez avec vous l'essence de Fuerteventura<\/strong><\/h3>\n<p>Plongez dans l'univers de Fuerteventura avec notre <em>sweat-shirt en coton avec coordonn\u00e9es Ajuy<\/em>. Inspir\u00e9 par ce village embl\u00e9matique de l'\u00eele, origine des \u00eeles Canaries, ce sweat-shirt vous relie \u00e0 l'histoire, aux paysages volcaniques et \u00e0 la plage de sable noir des Canaries. <strong>Ajuy<\/strong>l'un des endroits les plus authentiques de Fuerteventura.<\/p>\n<p><strong>Design exclusif<\/strong> avec les coordonn\u00e9es exactes d'Ajuy imprim\u00e9es sur la poitrine.<br \/>\n<strong>Confort maximal<\/strong>en coton 100% doux et respirant.<br \/>\n<strong>L'inspiration de la nature<\/strong>refl\u00e9tant l'essence volcanique et marine de l'\u00eele.<br \/>\n<strong>Polyvalence et style<\/strong>Id\u00e9al pour le quotidien, les aventures en plein air ou les soir\u00e9es fra\u00eeches au bord de la mer.<\/p>\n<p><strong>Un souvenir unique de Fuerteventura <\/strong>Si vous aimez l'\u00eele et ses paysages naturels, ce sweat-shirt est le moyen id\u00e9al d'emporter un morceau d'Ajuy avec vous. Qu'il s'agisse d'un souvenir de votre visite ou d'un v\u00eatement sp\u00e9cial, son design minimaliste mais significatif est id\u00e9al pour ceux qui se sentent li\u00e9s \u00e0 la mer et \u00e0 l'aventure.<\/p>\n<p><strong>Commandez d\u00e8s maintenant et emportez l'esprit de https:\/\/es.wikipedia.org\/wiki\/AjuyAjuy avec vous \u00e0 chaque \u00e9tape.<\/strong><\/p>\n<p>Pour en savoir plus sur l'histoire et la g\u00e9ologie de l'Ajuy, veuillez consulter le site suivant <a href=\"https:\/\/www.visitfuerteventura.com\/espacios-naturales\/fuerteventura\/monumento-natural-de-ajuy\/\" target=\"_new\" rel=\"noopener\">cette page sur les Grottes d'Ajuy<\/a>.<\/p>","protected":false},"excerpt":{"rendered":"<p>Sweat-shirt en coton avec un design aux coordonn\u00e9es Ajuy. Un souvenir exclusif de Fuerteventura avec un style minimaliste et durable.<\/p>","protected":false},"featured_media":997,"comment_status":"open","ping_status":"closed","template":"","meta":{"_joinchat":[]},"product_brand":[],"product_cat":[49],"product_tag":[91,90],"class_list":{"0":"post-996","1":"product","2":"type-product","3":"status-publish","4":"has-post-thumbnail","6":"product_cat-sudadera","7":"product_tag-marcal-local","8":"product_tag-sudaderas","10":"first","11":"instock","12":"taxable","13":"shipping-taxable","14":"purchasable","15":"product-type-simple"},"yoast_head":"<!-- This site is optimized with the Yoast SEO plugin v26.8 - https:\/\/yoast.com\/product\/yoast-seo-wordpress\/ -->\n<title>Sudadera de coordenadas de Ajuy - Dise\u00f1o exclusivo de TrecePeces - Trecepeces Fuerteventura<\/title>\n<meta name=\"description\" content=\"Compra la sudadera de algod\u00f3n con coordenadas de uno de los pueblos mas bonitos de Canarias, Ajuy, inspirada en Fuerteventura, sostenible y perfecta para cualquier ocasi\u00f3n. Marca local \u00a1Cons\u00edguela ahora!\" \/>\n<meta name=\"robots\" content=\"index, follow, max-snippet:-1, max-image-preview:large, max-video-preview:-1\" \/>\n<link rel=\"canonical\" href=\"https:\/\/trecepecesfuerteventura.com\/fr\/produit\/sudadera-de-coordenadas-de-ajuy-diseno-exclusivo-de-trecepeces\/\" \/>\n<meta property=\"og:locale\" content=\"fr_FR\" \/>\n<meta property=\"og:type\" content=\"article\" \/>\n<meta property=\"og:title\" content=\"Sudadera de coordenadas de Ajuy - Dise\u00f1o exclusivo de TrecePeces - Trecepeces Fuerteventura\" \/>\n<meta property=\"og:description\" content=\"Compra la sudadera de algod\u00f3n con coordenadas de uno de los pueblos mas bonitos de Canarias, Ajuy, inspirada en Fuerteventura, sostenible y perfecta para cualquier ocasi\u00f3n. Marca local \u00a1Cons\u00edguela ahora!\" \/>\n<meta property=\"og:url\" content=\"https:\/\/trecepecesfuerteventura.com\/fr\/produit\/sudadera-de-coordenadas-de-ajuy-diseno-exclusivo-de-trecepeces\/\" \/>\n<meta property=\"og:site_name\" content=\"Trecepeces Fuerteventura\" \/>\n<meta property=\"og:image\" content=\"https:\/\/trecepecesfuerteventura.com\/wp-content\/uploads\/2025\/01\/Copia_de_seguridad_de_13PCs-COORDENADAS-SUD.jpg\" \/>\n\t<meta property=\"og:image:width\" content=\"1882\" \/>\n\t<meta property=\"og:image:height\" content=\"2100\" \/>\n\t<meta property=\"og:image:type\" content=\"image\/jpeg\" \/>\n<meta name=\"twitter:card\" content=\"summary_large_image\" \/>\n<meta name=\"twitter:label1\" content=\"Dur\u00e9e de lecture estim\u00e9e\" \/>\n\t<meta name=\"twitter:data1\" content=\"2 minutes\" \/>\n<script type=\"application\/ld+json\" class=\"yoast-schema-graph\">{\"@context\":\"https:\/\/schema.org\",\"@graph\":[{\"@type\":\"WebPage\",\"@id\":\"https:\/\/trecepecesfuerteventura.com\/producto\/sudadera-de-coordenadas-de-ajuy-diseno-exclusivo-de-trecepeces\/\",\"url\":\"https:\/\/trecepecesfuerteventura.com\/producto\/sudadera-de-coordenadas-de-ajuy-diseno-exclusivo-de-trecepeces\/\",\"name\":\"Sudadera de coordenadas de Ajuy - Dise\u00f1o exclusivo de TrecePeces - Trecepeces Fuerteventura\",\"isPartOf\":{\"@id\":\"https:\/\/trecepecesfuerteventura.com\/#website\"},\"primaryImageOfPage\":{\"@id\":\"https:\/\/trecepecesfuerteventura.com\/producto\/sudadera-de-coordenadas-de-ajuy-diseno-exclusivo-de-trecepeces\/#primaryimage\"},\"image\":{\"@id\":\"https:\/\/trecepecesfuerteventura.com\/producto\/sudadera-de-coordenadas-de-ajuy-diseno-exclusivo-de-trecepeces\/#primaryimage\"},\"thumbnailUrl\":\"https:\/\/trecepecesfuerteventura.com\/wp-content\/uploads\/2025\/01\/Copia_de_seguridad_de_13PCs-COORDENADAS-SUD.jpg\",\"datePublished\":\"2025-01-29T12:41:33+00:00\",\"description\":\"Compra la sudadera de algod\u00f3n con coordenadas de uno de los pueblos mas bonitos de Canarias, Ajuy, inspirada en Fuerteventura, sostenible y perfecta para cualquier ocasi\u00f3n. Marca local \u00a1Cons\u00edguela ahora!\",\"breadcrumb\":{\"@id\":\"https:\/\/trecepecesfuerteventura.com\/producto\/sudadera-de-coordenadas-de-ajuy-diseno-exclusivo-de-trecepeces\/#breadcrumb\"},\"inLanguage\":\"fr-FR\",\"potentialAction\":[{\"@type\":\"ReadAction\",\"target\":[\"https:\/\/trecepecesfuerteventura.com\/producto\/sudadera-de-coordenadas-de-ajuy-diseno-exclusivo-de-trecepeces\/\"]}]},{\"@type\":\"ImageObject\",\"inLanguage\":\"fr-FR\",\"@id\":\"https:\/\/trecepecesfuerteventura.com\/producto\/sudadera-de-coordenadas-de-ajuy-diseno-exclusivo-de-trecepeces\/#primaryimage\",\"url\":\"https:\/\/trecepecesfuerteventura.com\/wp-content\/uploads\/2025\/01\/Copia_de_seguridad_de_13PCs-COORDENADAS-SUD.jpg\",\"contentUrl\":\"https:\/\/trecepecesfuerteventura.com\/wp-content\/uploads\/2025\/01\/Copia_de_seguridad_de_13PCs-COORDENADAS-SUD.jpg\",\"width\":1882,\"height\":2100},{\"@type\":\"BreadcrumbList\",\"@id\":\"https:\/\/trecepecesfuerteventura.com\/producto\/sudadera-de-coordenadas-de-ajuy-diseno-exclusivo-de-trecepeces\/#breadcrumb\",\"itemListElement\":[{\"@type\":\"ListItem\",\"position\":1,\"name\":\"Portada\",\"item\":\"https:\/\/trecepecesfuerteventura.com\/\"},{\"@type\":\"ListItem\",\"position\":2,\"name\":\"Tienda\",\"item\":\"https:\/\/trecepecesfuerteventura.com\/tienda\/\"},{\"@type\":\"ListItem\",\"position\":3,\"name\":\"Sudadera de coordenadas de Ajuy &#8211; Dise\u00f1o exclusivo de TrecePeces\"}]},{\"@type\":\"WebSite\",\"@id\":\"https:\/\/trecepecesfuerteventura.com\/#website\",\"url\":\"https:\/\/trecepecesfuerteventura.com\/\",\"name\":\"Trecepeces Fuerteventura\",\"description\":\"Shop &amp; Expo\",\"publisher\":{\"@id\":\"https:\/\/trecepecesfuerteventura.com\/#organization\"},\"potentialAction\":[{\"@type\":\"SearchAction\",\"target\":{\"@type\":\"EntryPoint\",\"urlTemplate\":\"https:\/\/trecepecesfuerteventura.com\/?s={search_term_string}\"},\"query-input\":{\"@type\":\"PropertyValueSpecification\",\"valueRequired\":true,\"valueName\":\"search_term_string\"}}],\"inLanguage\":\"fr-FR\"},{\"@type\":\"Organization\",\"@id\":\"https:\/\/trecepecesfuerteventura.com\/#organization\",\"name\":\"Trecepeces Fuerteventura\",\"url\":\"https:\/\/trecepecesfuerteventura.com\/\",\"logo\":{\"@type\":\"ImageObject\",\"inLanguage\":\"fr-FR\",\"@id\":\"https:\/\/trecepecesfuerteventura.com\/#\/schema\/logo\/image\/\",\"url\":\"https:\/\/trecepecesfuerteventura.com\/wp-content\/uploads\/2024\/01\/0001-2.png\",\"contentUrl\":\"https:\/\/trecepecesfuerteventura.com\/wp-content\/uploads\/2024\/01\/0001-2.png\",\"width\":2367,\"height\":2122,\"caption\":\"Trecepeces Fuerteventura\"},\"image\":{\"@id\":\"https:\/\/trecepecesfuerteventura.com\/#\/schema\/logo\/image\/\"}}]}<\/script>\n<!-- \/ Yoast SEO plugin. -->","yoast_head_json":{"title":"Sweat coordonn\u00e9 Ajuy - Design exclusif de TrecePeces - Trecepeces Fuerteventura","description":"Achetez le sweat-shirt en coton avec les coordonn\u00e9es de l'un des plus beaux villages des Canaries, Ajuy, inspir\u00e9 de Fuerteventura, durable et parfait pour toute occasion. Marque locale Achetez-le maintenant !","robots":{"index":"index","follow":"follow","max-snippet":"max-snippet:-1","max-image-preview":"max-image-preview:large","max-video-preview":"max-video-preview:-1"},"canonical":"https:\/\/trecepecesfuerteventura.com\/fr\/produit\/sudadera-de-coordenadas-de-ajuy-diseno-exclusivo-de-trecepeces\/","og_locale":"fr_FR","og_type":"article","og_title":"Sudadera de coordenadas de Ajuy - Dise\u00f1o exclusivo de TrecePeces - Trecepeces Fuerteventura","og_description":"Compra la sudadera de algod\u00f3n con coordenadas de uno de los pueblos mas bonitos de Canarias, Ajuy, inspirada en Fuerteventura, sostenible y perfecta para cualquier ocasi\u00f3n. Marca local \u00a1Cons\u00edguela ahora!","og_url":"https:\/\/trecepecesfuerteventura.com\/fr\/produit\/sudadera-de-coordenadas-de-ajuy-diseno-exclusivo-de-trecepeces\/","og_site_name":"Trecepeces Fuerteventura","og_image":[{"width":1882,"height":2100,"url":"https:\/\/trecepecesfuerteventura.com\/wp-content\/uploads\/2025\/01\/Copia_de_seguridad_de_13PCs-COORDENADAS-SUD.jpg","type":"image\/jpeg"}],"twitter_card":"summary_large_image","twitter_misc":{"Dur\u00e9e de lecture estim\u00e9e":"2 minutes"},"schema":{"@context":"https:\/\/schema.org","@graph":[{"@type":"WebPage","@id":"https:\/\/trecepecesfuerteventura.com\/producto\/sudadera-de-coordenadas-de-ajuy-diseno-exclusivo-de-trecepeces\/","url":"https:\/\/trecepecesfuerteventura.com\/producto\/sudadera-de-coordenadas-de-ajuy-diseno-exclusivo-de-trecepeces\/","name":"Sweat coordonn\u00e9 Ajuy - Design exclusif de TrecePeces - Trecepeces Fuerteventura","isPartOf":{"@id":"https:\/\/trecepecesfuerteventura.com\/#website"},"primaryImageOfPage":{"@id":"https:\/\/trecepecesfuerteventura.com\/producto\/sudadera-de-coordenadas-de-ajuy-diseno-exclusivo-de-trecepeces\/#primaryimage"},"image":{"@id":"https:\/\/trecepecesfuerteventura.com\/producto\/sudadera-de-coordenadas-de-ajuy-diseno-exclusivo-de-trecepeces\/#primaryimage"},"thumbnailUrl":"https:\/\/trecepecesfuerteventura.com\/wp-content\/uploads\/2025\/01\/Copia_de_seguridad_de_13PCs-COORDENADAS-SUD.jpg","datePublished":"2025-01-29T12:41:33+00:00","description":"Achetez le sweat-shirt en coton avec les coordonn\u00e9es de l'un des plus beaux villages des Canaries, Ajuy, inspir\u00e9 de Fuerteventura, durable et parfait pour toute occasion. Marque locale Achetez-le maintenant !","breadcrumb":{"@id":"https:\/\/trecepecesfuerteventura.com\/producto\/sudadera-de-coordenadas-de-ajuy-diseno-exclusivo-de-trecepeces\/#breadcrumb"},"inLanguage":"fr-FR","potentialAction":[{"@type":"ReadAction","target":["https:\/\/trecepecesfuerteventura.com\/producto\/sudadera-de-coordenadas-de-ajuy-diseno-exclusivo-de-trecepeces\/"]}]},{"@type":"ImageObject","inLanguage":"fr-FR","@id":"https:\/\/trecepecesfuerteventura.com\/producto\/sudadera-de-coordenadas-de-ajuy-diseno-exclusivo-de-trecepeces\/#primaryimage","url":"https:\/\/trecepecesfuerteventura.com\/wp-content\/uploads\/2025\/01\/Copia_de_seguridad_de_13PCs-COORDENADAS-SUD.jpg","contentUrl":"https:\/\/trecepecesfuerteventura.com\/wp-content\/uploads\/2025\/01\/Copia_de_seguridad_de_13PCs-COORDENADAS-SUD.jpg","width":1882,"height":2100},{"@type":"BreadcrumbList","@id":"https:\/\/trecepecesfuerteventura.com\/producto\/sudadera-de-coordenadas-de-ajuy-diseno-exclusivo-de-trecepeces\/#breadcrumb","itemListElement":[{"@type":"ListItem","position":1,"name":"Portada","item":"https:\/\/trecepecesfuerteventura.com\/"},{"@type":"ListItem","position":2,"name":"Tienda","item":"https:\/\/trecepecesfuerteventura.com\/tienda\/"},{"@type":"ListItem","position":3,"name":"Sudadera de coordenadas de Ajuy &#8211; Dise\u00f1o exclusivo de TrecePeces"}]},{"@type":"WebSite","@id":"https:\/\/trecepecesfuerteventura.com\/#website","url":"https:\/\/trecepecesfuerteventura.com\/","name":"Trecepeces Fuerteventura","description":"Boutique &amp; Expo","publisher":{"@id":"https:\/\/trecepecesfuerteventura.com\/#organization"},"potentialAction":[{"@type":"SearchAction","target":{"@type":"EntryPoint","urlTemplate":"https:\/\/trecepecesfuerteventura.com\/?s={search_term_string}"},"query-input":{"@type":"PropertyValueSpecification","valueRequired":true,"valueName":"search_term_string"}}],"inLanguage":"fr-FR"},{"@type":"Organization","@id":"https:\/\/trecepecesfuerteventura.com\/#organization","name":"Trecepeces Fuerteventura","url":"https:\/\/trecepecesfuerteventura.com\/","logo":{"@type":"ImageObject","inLanguage":"fr-FR","@id":"https:\/\/trecepecesfuerteventura.com\/#\/schema\/logo\/image\/","url":"https:\/\/trecepecesfuerteventura.com\/wp-content\/uploads\/2024\/01\/0001-2.png","contentUrl":"https:\/\/trecepecesfuerteventura.com\/wp-content\/uploads\/2024\/01\/0001-2.png","width":2367,"height":2122,"caption":"Trecepeces Fuerteventura"},"image":{"@id":"https:\/\/trecepecesfuerteventura.com\/#\/schema\/logo\/image\/"}}]}},"_links":{"self":[{"href":"https:\/\/trecepecesfuerteventura.com\/fr\/wp-json\/wp\/v2\/product\/996","targetHints":{"allow":["GET"]}}],"collection":[{"href":"https:\/\/trecepecesfuerteventura.com\/fr\/wp-json\/wp\/v2\/product"}],"about":[{"href":"https:\/\/trecepecesfuerteventura.com\/fr\/wp-json\/wp\/v2\/types\/product"}],"replies":[{"embeddable":true,"href":"https:\/\/trecepecesfuerteventura.com\/fr\/wp-json\/wp\/v2\/comments?post=996"}],"wp:featuredmedia":[{"embeddable":true,"href":"https:\/\/trecepecesfuerteventura.com\/fr\/wp-json\/wp\/v2\/media\/997"}],"wp:attachment":[{"href":"https:\/\/trecepecesfuerteventura.com\/fr\/wp-json\/wp\/v2\/media?parent=996"}],"wp:term":[{"taxonomy":"product_brand","embeddable":true,"href":"https:\/\/trecepecesfuerteventura.com\/fr\/wp-json\/wp\/v2\/product_brand?post=996"},{"taxonomy":"product_cat","embeddable":true,"href":"https:\/\/trecepecesfuerteventura.com\/fr\/wp-json\/wp\/v2\/product_cat?post=996"},{"taxonomy":"product_tag","embeddable":true,"href":"https:\/\/trecepecesfuerteventura.com\/fr\/wp-json\/wp\/v2\/product_tag?post=996"}],"curies":[{"name":"wp","href":"https:\/\/api.w.org\/{rel}","templated":true}]}}