{"id":999,"date":"2025-02-10T18:41:42","date_gmt":"2025-02-10T17:41:42","guid":{"rendered":"https:\/\/trecepecesfuerteventura.com\/?post_type=product&#038;p=999"},"modified":"2025-02-10T18:48:42","modified_gmt":"2025-02-10T17:48:42","slug":"pendiente-de-raspa-de-pez","status":"publish","type":"product","link":"https:\/\/trecepecesfuerteventura.com\/fr\/produit\/pendiente-de-raspa-de-pez\/","title":{"rendered":"Boucle d'oreille en peau de poisson"},"content":{"rendered":"<p>Boucles d'oreilles en forme d'\u00e9cailles de poisson inspir\u00e9es par la mer de Fuerteventura. Id\u00e9ales pour un cadeau ou un souvenir de voyage. \u00c0 monter soi-m\u00eame. Style original. Fabriqu\u00e9es en laiton, plaqu\u00e9 or et \u00e9mail. Mat\u00e9riaux hypoallerg\u00e9niques.<\/p>","protected":false},"excerpt":{"rendered":"<p>Boucles d'oreilles en peau de poisson, l\u00e9g\u00e8res et hypoallerg\u00e9niques. Inspir\u00e9es par la mer de Fuerteventura, parfaites pour un look unique et \u00e9l\u00e9gant, id\u00e9ales comme souvenir ou cadeau !<\/p>","protected":false},"featured_media":1000,"comment_status":"open","ping_status":"closed","template":"","meta":{"_joinchat":[]},"product_brand":[],"product_cat":[57,72],"product_tag":[],"class_list":{"0":"post-999","1":"product","2":"type-product","3":"status-publish","4":"has-post-thumbnail","6":"product_cat-colgante","7":"product_cat-pendientes","9":"first","10":"instock","11":"taxable","12":"shipping-taxable","13":"purchasable","14":"product-type-simple"},"yoast_head":"<!-- This site is optimized with the Yoast SEO plugin v26.8 - https:\/\/yoast.com\/product\/yoast-seo-wordpress\/ -->\n<title>Pendiente de raspa de pez - Trecepeces Fuerteventura<\/title>\n<meta name=\"description\" content=\"Descubre nuestros pendientes de raspa de pez, un dise\u00f1o exclusivo inspirado en el mar de Fuerteventura. Hipoalerg\u00e9nicos, ligeros y perfectos para amantes del oc\u00e9ano. Compra online\" \/>\n<meta name=\"robots\" content=\"index, follow, max-snippet:-1, max-image-preview:large, max-video-preview:-1\" \/>\n<link rel=\"canonical\" href=\"https:\/\/trecepecesfuerteventura.com\/fr\/produit\/pendiente-de-raspa-de-pez\/\" \/>\n<meta property=\"og:locale\" content=\"fr_FR\" \/>\n<meta property=\"og:type\" content=\"article\" \/>\n<meta property=\"og:title\" content=\"Pendiente de raspa de pez - Trecepeces Fuerteventura\" \/>\n<meta property=\"og:description\" content=\"Descubre nuestros pendientes de raspa de pez, un dise\u00f1o exclusivo inspirado en el mar de Fuerteventura. Hipoalerg\u00e9nicos, ligeros y perfectos para amantes del oc\u00e9ano. Compra online\" \/>\n<meta property=\"og:url\" content=\"https:\/\/trecepecesfuerteventura.com\/fr\/produit\/pendiente-de-raspa-de-pez\/\" \/>\n<meta property=\"og:site_name\" content=\"Trecepeces Fuerteventura\" \/>\n<meta property=\"article:modified_time\" content=\"2025-02-10T17:48:42+00:00\" \/>\n<meta property=\"og:image\" content=\"https:\/\/trecepecesfuerteventura.com\/wp-content\/uploads\/2025\/02\/20250124_102749.jpg\" \/>\n\t<meta property=\"og:image:width\" content=\"1392\" \/>\n\t<meta property=\"og:image:height\" content=\"1644\" \/>\n\t<meta property=\"og:image:type\" content=\"image\/jpeg\" \/>\n<meta name=\"twitter:card\" content=\"summary_large_image\" \/>\n<meta name=\"twitter:label1\" content=\"Dur\u00e9e de lecture estim\u00e9e\" \/>\n\t<meta name=\"twitter:data1\" content=\"1 minute\" \/>\n<script type=\"application\/ld+json\" class=\"yoast-schema-graph\">{\"@context\":\"https:\/\/schema.org\",\"@graph\":[{\"@type\":\"WebPage\",\"@id\":\"https:\/\/trecepecesfuerteventura.com\/producto\/pendiente-de-raspa-de-pez\/\",\"url\":\"https:\/\/trecepecesfuerteventura.com\/producto\/pendiente-de-raspa-de-pez\/\",\"name\":\"Pendiente de raspa de pez - Trecepeces Fuerteventura\",\"isPartOf\":{\"@id\":\"https:\/\/trecepecesfuerteventura.com\/#website\"},\"primaryImageOfPage\":{\"@id\":\"https:\/\/trecepecesfuerteventura.com\/producto\/pendiente-de-raspa-de-pez\/#primaryimage\"},\"image\":{\"@id\":\"https:\/\/trecepecesfuerteventura.com\/producto\/pendiente-de-raspa-de-pez\/#primaryimage\"},\"thumbnailUrl\":\"https:\/\/trecepecesfuerteventura.com\/wp-content\/uploads\/2025\/02\/20250124_102749.jpg\",\"datePublished\":\"2025-02-10T17:41:42+00:00\",\"dateModified\":\"2025-02-10T17:48:42+00:00\",\"description\":\"Descubre nuestros pendientes de raspa de pez, un dise\u00f1o exclusivo inspirado en el mar de Fuerteventura. Hipoalerg\u00e9nicos, ligeros y perfectos para amantes del oc\u00e9ano. Compra online\",\"breadcrumb\":{\"@id\":\"https:\/\/trecepecesfuerteventura.com\/producto\/pendiente-de-raspa-de-pez\/#breadcrumb\"},\"inLanguage\":\"fr-FR\",\"potentialAction\":[{\"@type\":\"ReadAction\",\"target\":[\"https:\/\/trecepecesfuerteventura.com\/producto\/pendiente-de-raspa-de-pez\/\"]}]},{\"@type\":\"ImageObject\",\"inLanguage\":\"fr-FR\",\"@id\":\"https:\/\/trecepecesfuerteventura.com\/producto\/pendiente-de-raspa-de-pez\/#primaryimage\",\"url\":\"https:\/\/trecepecesfuerteventura.com\/wp-content\/uploads\/2025\/02\/20250124_102749.jpg\",\"contentUrl\":\"https:\/\/trecepecesfuerteventura.com\/wp-content\/uploads\/2025\/02\/20250124_102749.jpg\",\"width\":1392,\"height\":1644},{\"@type\":\"BreadcrumbList\",\"@id\":\"https:\/\/trecepecesfuerteventura.com\/producto\/pendiente-de-raspa-de-pez\/#breadcrumb\",\"itemListElement\":[{\"@type\":\"ListItem\",\"position\":1,\"name\":\"Portada\",\"item\":\"https:\/\/trecepecesfuerteventura.com\/\"},{\"@type\":\"ListItem\",\"position\":2,\"name\":\"Tienda\",\"item\":\"https:\/\/trecepecesfuerteventura.com\/tienda\/\"},{\"@type\":\"ListItem\",\"position\":3,\"name\":\"Pendiente de raspa de pez\"}]},{\"@type\":\"WebSite\",\"@id\":\"https:\/\/trecepecesfuerteventura.com\/#website\",\"url\":\"https:\/\/trecepecesfuerteventura.com\/\",\"name\":\"Trecepeces Fuerteventura\",\"description\":\"Shop &amp; Expo\",\"publisher\":{\"@id\":\"https:\/\/trecepecesfuerteventura.com\/#organization\"},\"potentialAction\":[{\"@type\":\"SearchAction\",\"target\":{\"@type\":\"EntryPoint\",\"urlTemplate\":\"https:\/\/trecepecesfuerteventura.com\/?s={search_term_string}\"},\"query-input\":{\"@type\":\"PropertyValueSpecification\",\"valueRequired\":true,\"valueName\":\"search_term_string\"}}],\"inLanguage\":\"fr-FR\"},{\"@type\":\"Organization\",\"@id\":\"https:\/\/trecepecesfuerteventura.com\/#organization\",\"name\":\"Trecepeces Fuerteventura\",\"url\":\"https:\/\/trecepecesfuerteventura.com\/\",\"logo\":{\"@type\":\"ImageObject\",\"inLanguage\":\"fr-FR\",\"@id\":\"https:\/\/trecepecesfuerteventura.com\/#\/schema\/logo\/image\/\",\"url\":\"https:\/\/trecepecesfuerteventura.com\/wp-content\/uploads\/2024\/01\/0001-2.png\",\"contentUrl\":\"https:\/\/trecepecesfuerteventura.com\/wp-content\/uploads\/2024\/01\/0001-2.png\",\"width\":2367,\"height\":2122,\"caption\":\"Trecepeces Fuerteventura\"},\"image\":{\"@id\":\"https:\/\/trecepecesfuerteventura.com\/#\/schema\/logo\/image\/\"}}]}<\/script>\n<!-- \/ Yoast SEO plugin. -->","yoast_head_json":{"title":"Pendiente de raspa de pez - Trecepeces Fuerteventura","description":"Descubre nuestros pendientes de raspa de pez, un dise\u00f1o exclusivo inspirado en el mar de Fuerteventura. Hipoalerg\u00e9nicos, ligeros y perfectos para amantes del oc\u00e9ano. Compra online","robots":{"index":"index","follow":"follow","max-snippet":"max-snippet:-1","max-image-preview":"max-image-preview:large","max-video-preview":"max-video-preview:-1"},"canonical":"https:\/\/trecepecesfuerteventura.com\/fr\/produit\/pendiente-de-raspa-de-pez\/","og_locale":"fr_FR","og_type":"article","og_title":"Pendiente de raspa de pez - Trecepeces Fuerteventura","og_description":"Descubre nuestros pendientes de raspa de pez, un dise\u00f1o exclusivo inspirado en el mar de Fuerteventura. Hipoalerg\u00e9nicos, ligeros y perfectos para amantes del oc\u00e9ano. Compra online","og_url":"https:\/\/trecepecesfuerteventura.com\/fr\/produit\/pendiente-de-raspa-de-pez\/","og_site_name":"Trecepeces Fuerteventura","article_modified_time":"2025-02-10T17:48:42+00:00","og_image":[{"width":1392,"height":1644,"url":"https:\/\/trecepecesfuerteventura.com\/wp-content\/uploads\/2025\/02\/20250124_102749.jpg","type":"image\/jpeg"}],"twitter_card":"summary_large_image","twitter_misc":{"Dur\u00e9e de lecture estim\u00e9e":"1 minute"},"schema":{"@context":"https:\/\/schema.org","@graph":[{"@type":"WebPage","@id":"https:\/\/trecepecesfuerteventura.com\/producto\/pendiente-de-raspa-de-pez\/","url":"https:\/\/trecepecesfuerteventura.com\/producto\/pendiente-de-raspa-de-pez\/","name":"Pendiente de raspa de pez - Trecepeces Fuerteventura","isPartOf":{"@id":"https:\/\/trecepecesfuerteventura.com\/#website"},"primaryImageOfPage":{"@id":"https:\/\/trecepecesfuerteventura.com\/producto\/pendiente-de-raspa-de-pez\/#primaryimage"},"image":{"@id":"https:\/\/trecepecesfuerteventura.com\/producto\/pendiente-de-raspa-de-pez\/#primaryimage"},"thumbnailUrl":"https:\/\/trecepecesfuerteventura.com\/wp-content\/uploads\/2025\/02\/20250124_102749.jpg","datePublished":"2025-02-10T17:41:42+00:00","dateModified":"2025-02-10T17:48:42+00:00","description":"Descubre nuestros pendientes de raspa de pez, un dise\u00f1o exclusivo inspirado en el mar de Fuerteventura. Hipoalerg\u00e9nicos, ligeros y perfectos para amantes del oc\u00e9ano. Compra online","breadcrumb":{"@id":"https:\/\/trecepecesfuerteventura.com\/producto\/pendiente-de-raspa-de-pez\/#breadcrumb"},"inLanguage":"fr-FR","potentialAction":[{"@type":"ReadAction","target":["https:\/\/trecepecesfuerteventura.com\/producto\/pendiente-de-raspa-de-pez\/"]}]},{"@type":"ImageObject","inLanguage":"fr-FR","@id":"https:\/\/trecepecesfuerteventura.com\/producto\/pendiente-de-raspa-de-pez\/#primaryimage","url":"https:\/\/trecepecesfuerteventura.com\/wp-content\/uploads\/2025\/02\/20250124_102749.jpg","contentUrl":"https:\/\/trecepecesfuerteventura.com\/wp-content\/uploads\/2025\/02\/20250124_102749.jpg","width":1392,"height":1644},{"@type":"BreadcrumbList","@id":"https:\/\/trecepecesfuerteventura.com\/producto\/pendiente-de-raspa-de-pez\/#breadcrumb","itemListElement":[{"@type":"ListItem","position":1,"name":"Portada","item":"https:\/\/trecepecesfuerteventura.com\/"},{"@type":"ListItem","position":2,"name":"Tienda","item":"https:\/\/trecepecesfuerteventura.com\/tienda\/"},{"@type":"ListItem","position":3,"name":"Pendiente de raspa de pez"}]},{"@type":"WebSite","@id":"https:\/\/trecepecesfuerteventura.com\/#website","url":"https:\/\/trecepecesfuerteventura.com\/","name":"Trecepeces Fuerteventura","description":"Boutique &amp; Expo","publisher":{"@id":"https:\/\/trecepecesfuerteventura.com\/#organization"},"potentialAction":[{"@type":"SearchAction","target":{"@type":"EntryPoint","urlTemplate":"https:\/\/trecepecesfuerteventura.com\/?s={search_term_string}"},"query-input":{"@type":"PropertyValueSpecification","valueRequired":true,"valueName":"search_term_string"}}],"inLanguage":"fr-FR"},{"@type":"Organization","@id":"https:\/\/trecepecesfuerteventura.com\/#organization","name":"Trecepeces Fuerteventura","url":"https:\/\/trecepecesfuerteventura.com\/","logo":{"@type":"ImageObject","inLanguage":"fr-FR","@id":"https:\/\/trecepecesfuerteventura.com\/#\/schema\/logo\/image\/","url":"https:\/\/trecepecesfuerteventura.com\/wp-content\/uploads\/2024\/01\/0001-2.png","contentUrl":"https:\/\/trecepecesfuerteventura.com\/wp-content\/uploads\/2024\/01\/0001-2.png","width":2367,"height":2122,"caption":"Trecepeces Fuerteventura"},"image":{"@id":"https:\/\/trecepecesfuerteventura.com\/#\/schema\/logo\/image\/"}}]}},"_links":{"self":[{"href":"https:\/\/trecepecesfuerteventura.com\/fr\/wp-json\/wp\/v2\/product\/999","targetHints":{"allow":["GET"]}}],"collection":[{"href":"https:\/\/trecepecesfuerteventura.com\/fr\/wp-json\/wp\/v2\/product"}],"about":[{"href":"https:\/\/trecepecesfuerteventura.com\/fr\/wp-json\/wp\/v2\/types\/product"}],"replies":[{"embeddable":true,"href":"https:\/\/trecepecesfuerteventura.com\/fr\/wp-json\/wp\/v2\/comments?post=999"}],"wp:featuredmedia":[{"embeddable":true,"href":"https:\/\/trecepecesfuerteventura.com\/fr\/wp-json\/wp\/v2\/media\/1000"}],"wp:attachment":[{"href":"https:\/\/trecepecesfuerteventura.com\/fr\/wp-json\/wp\/v2\/media?parent=999"}],"wp:term":[{"taxonomy":"product_brand","embeddable":true,"href":"https:\/\/trecepecesfuerteventura.com\/fr\/wp-json\/wp\/v2\/product_brand?post=999"},{"taxonomy":"product_cat","embeddable":true,"href":"https:\/\/trecepecesfuerteventura.com\/fr\/wp-json\/wp\/v2\/product_cat?post=999"},{"taxonomy":"product_tag","embeddable":true,"href":"https:\/\/trecepecesfuerteventura.com\/fr\/wp-json\/wp\/v2\/product_tag?post=999"}],"curies":[{"name":"wp","href":"https:\/\/api.w.org\/{rel}","templated":true}]}}